{"id":5769,"date":"2023-08-31T15:08:10","date_gmt":"2023-08-31T13:08:10","guid":{"rendered":"https:\/\/www.prager-elektronik.at\/?post_type=product&#038;p=5769"},"modified":"2024-09-02T16:02:47","modified_gmt":"2024-09-02T14:02:47","slug":"netzsch-hfm-446-lambda-series","status":"publish","type":"product","link":"https:\/\/www.prager-elektronik.at\/en\/produkte\/polymere\/thermische-analyse-p\/waermeflussmessgeraete-hfm\/netzsch-hfm-446-lambda-series\/","title":{"rendered":"HFM 446 Lambda Series"},"content":{"rendered":"<div class=\"wpb-content-wrapper\"><p>[vc_row][vc_column width=&#8221;1\/2&#8243; css=&#8221;.vc_custom_1484828983369{margin-bottom: 25px !important;}&#8221;]<div class=\"title-wrapper  basel-title-color-default basel-title-style-default basel-title-size-small text-left \"><div class=\"liner-continer\"> <span class=\"left-line\"><\/span> <h4 class=\"title\" >HFM 446 Lambda Series<span class=\"title-separator\"><span><\/span><\/span><\/h4> <span class=\"right-line\"><\/span> <\/div><\/div>[vc_column_text]<strong>Heat Flow Meter<\/strong><\/p>\n<p>Saving and Efficient use of Energy[\/vc_column_text][\/vc_column][vc_column width=&#8221;1\/2&#8243;]<div class=\"title-wrapper  basel-title-color-default basel-title-style-default basel-title-size-small text-left \"><div class=\"liner-continer\"> <span class=\"left-line\"><\/span> <h4 class=\"title\" >Infos \/ Datasheet<span class=\"title-separator\"><span><\/span><\/span><\/h4> <span class=\"right-line\"><\/span> <\/div><\/div>[vc_column_text]<\/p>\n<ul>\n<li class=\"pdf\"><a href=\"https:\/\/www.prager-elektronik.at\/wp-content\/uploads\/Technical_Specifications_en_HFM_446_Lambda_Series_01_signed.pdf\" target=\"_blank\" rel=\"noopener noreferrer\">HFM 446 Lambda Technical Datasheet<\/a><\/li>\n<li class=\"pdf\"><a href=\"https:\/\/www.prager-elektronik.at\/wp-content\/uploads\/HFM_446_Lambda_Series_en_web_01_signed.pdf\" target=\"_blank\" rel=\"noopener noreferrer\">HFM 446 Lambda Brochure<\/a><\/li>\n<\/ul>\n<p>[\/vc_column_text]<div class=\"basel-button-wrapper text-left\"><a href=\"https:\/\/www.prager-elektronik.at\/en\/anfrage-probenmessung-hfm\" title=\"Inquiry sample measurement\" target=\"_blank\" class=\"btn btn-color-primary btn-style-default btn-size-default\">Inquiry sample measurement<\/a><\/div>[\/vc_column][\/vc_row][vc_row][vc_column][vc_row_inner][vc_column_inner][vc_column_text][\/vc_column_text][\/vc_column_inner][\/vc_row_inner][vc_column_text]Never before has the topic of the saving and efficient use of energy attracted as much attention in economics and politics around the globe as it does today. Research and development efforts in industry and academia worldwide are addressing topics that contribute to saving energy or generating energy from alternative resources.<\/p>\n<p>There is enormous potential, especially in the areas of insulation materials and the efficient thermal insulation of residential and commercial buildings. It is thus all the more important for insulating materials to be able to be manufactured with a high and steady level of quality and brought onto the market under strict control of their performance characteristics.<\/p>\n<p>There are numerous standards and guidelines to which these products are subject in order to really guarantee these properties for the huge amounts of insulating materials being produced worldwide.<\/p>\n<p><strong>\u00a0Functional principle:<\/strong><\/p>\n<p>In a heat flow meter (HFM), the test specimen is placed between two heated plates controlled to a user-defined mean sample temperature and temperature gradient to measure heat flowing through the specimen. The sample thickness L is measured by an internal thickness gauge. Alternatively, the user can enter and drive to the desired thickness, which is of particular interest for compressible samples. The heat flow Q through the sample is measured by two calibrated heat flux transducers covering a large area of both sides of the specimen. After reaching thermal equilibrium, the test is done.[\/vc_column_text][vc_single_image image=&#8221;5768&#8243; img_size=&#8221;medium&#8221;][vc_column_text]<strong>HFM 446 <em>Lambda<\/em> Series <\/strong><strong>supports with:<\/strong><\/p>\n<ul>\n<li>Thermal conductivity measurements on insulating materials, polymers, phase-change materials, aerogels, non-wovens and many more<\/li>\n<\/ul>\n<p><strong>Advantages of the <\/strong><strong>HFM 446<em> Lambda<\/em> Series:<\/strong><\/p>\n<ul>\n<li>Fast measurements<\/li>\n<li>Low energy consumption<\/li>\n<li>High sample throughput<\/li>\n<li>Etc.<\/li>\n<\/ul>\n<p>For further information, please refer to the technical data sheet or the brochure.[\/vc_column_text][\/vc_column][\/vc_row]<\/p>\n<template id=\"brlbs-cmpnt-cb-template-google-maps-event-on\">\n <div class=\"brlbs-cmpnt-container brlbs-cmpnt-content-blocker\" data-borlabs-cookie-content-blocker-id=\"google-maps-event-on\" data-borlabs-cookie-content=\"\" ><div class=\"brlbs-cmpnt-cb-preset-b brlbs-cmpnt-cb-google-maps-event-on\"> <div class=\"brlbs-cmpnt-cb-thumbnail\" style=\"background-image: url('https:\/\/www.prager-elektronik.at\/wp-content\/uploads\/borlabs-cookie\/1\/brlbs-cb-google-maps-main.png')\"><\/div> <div class=\"brlbs-cmpnt-cb-main\"> <div class=\"brlbs-cmpnt-cb-content\"> <p class=\"brlbs-cmpnt-cb-description\">Sie sehen gerade einen Platzhalterinhalt von <strong>Google Maps<\/strong>. Um auf den eigentlichen Inhalt zuzugreifen, klicken Sie auf die Schaltfl\u00e4che unten. Bitte beachten Sie, dass dabei Daten an Drittanbieter weitergegeben werden.<\/p> <a class=\"brlbs-cmpnt-cb-provider-toggle\" href=\"#\" data-borlabs-cookie-show-provider-information role=\"button\">Mehr Informationen<\/a> <\/div> <div class=\"brlbs-cmpnt-cb-buttons\"> <a class=\"brlbs-cmpnt-cb-btn\" href=\"#\" data-borlabs-cookie-unblock role=\"button\">Alle Inhalte entsperren<\/a> <a class=\"brlbs-cmpnt-cb-btn\" href=\"#\" data-borlabs-cookie-accept-service role=\"button\" style=\"display: inherit\">Erforderlichen Service akzeptieren und Inhalte entsperren<\/a> <\/div> <\/div> <\/div><\/div>\n<\/template>\n<script>\nif (typeof jQuery !== \"undefined\") {\n    jQuery.fn.evoGenmaps = opt => {\n        const template = document.querySelector(\"#brlbs-cmpnt-cb-template-google-maps-event-on\");\n        const divsToInsertBlocker = document.querySelectorAll('.evcal_gmaps, .evo_location_map');\n        for (const div of divsToInsertBlocker) {\n            if (!div.querySelector('.brlbs-cmpnt-content-blocker')) {\n                const blocked = template.content.cloneNode(true).querySelector('.brlbs-cmpnt-container');\n\n                div.appendChild(blocked);\n            }\n        }\n    };\n\n    if (typeof jQuery.fn.evo_load_gmap === 'undefined') {\n        jQuery.fn.evo_load_gmap = (opt) => { };\n    }\n}\n\n<\/script><template id=\"brlbs-cmpnt-cb-template-facebook-content-blocker\">\n <div class=\"brlbs-cmpnt-container brlbs-cmpnt-content-blocker\" data-borlabs-cookie-content-blocker-id=\"facebook-content-blocker\" data-borlabs-cookie-content=\"\" ><div class=\"brlbs-cmpnt-cb-preset-b brlbs-cmpnt-cb-facebook\"> <div class=\"brlbs-cmpnt-cb-thumbnail\" style=\"background-image: url('https:\/\/www.prager-elektronik.at\/wp-content\/uploads\/borlabs-cookie\/1\/cb-facebook-main.png')\"><\/div> <div class=\"brlbs-cmpnt-cb-main\"> <div class=\"brlbs-cmpnt-cb-content\"> <p class=\"brlbs-cmpnt-cb-description\">Sie sehen gerade einen Platzhalterinhalt von <strong>Facebook<\/strong>. Um auf den eigentlichen Inhalt zuzugreifen, klicken Sie auf die Schaltfl\u00e4che unten. Bitte beachten Sie, dass dabei Daten an Drittanbieter weitergegeben werden.<\/p> <a class=\"brlbs-cmpnt-cb-provider-toggle\" href=\"#\" data-borlabs-cookie-show-provider-information role=\"button\">Mehr Informationen<\/a> <\/div> <div class=\"brlbs-cmpnt-cb-buttons\"> <a class=\"brlbs-cmpnt-cb-btn\" href=\"#\" data-borlabs-cookie-unblock role=\"button\">Inhalt entsperren<\/a> <a class=\"brlbs-cmpnt-cb-btn\" href=\"#\" data-borlabs-cookie-accept-service role=\"button\" style=\"display: inherit\">Erforderlichen Service akzeptieren und Inhalte entsperren<\/a> <\/div> <\/div> <\/div><\/div>\n<\/template>\n<script>\n(function() {\n        const template = document.querySelector(\"#brlbs-cmpnt-cb-template-facebook-content-blocker\");\n        const divsToInsertBlocker = document.querySelectorAll('div.fb-video[data-href*=\"\/\/www.facebook.com\/\"], div.fb-post[data-href*=\"\/\/www.facebook.com\/\"]');\n        for (const div of divsToInsertBlocker) {\n            const blocked = template.content.cloneNode(true).querySelector('.brlbs-cmpnt-container');\n            blocked.dataset.borlabsCookieContent = btoa(div.outerHTML);\n            div.replaceWith(blocked);\n        }\n})()\n<\/script><\/div>","protected":false},"excerpt":{"rendered":"<p>[vc_row][vc_column width=&#8221;1\/2&#8243; css=&#8221;.vc_custom_1484828983369{margin-bottom: 25px !important;}&#8221;][vc_column_text]Heat Flow Meter Saving and Efficient use of Energy[\/vc_column_text][\/vc_column][vc_column width=&#8221;1\/2&#8243;][vc_column_text] HFM 446 Lambda Technical Datasheet HFM<\/p>\n","protected":false},"featured_media":5807,"comment_status":"closed","ping_status":"closed","template":"","meta":{"footnotes":""},"product_cat":[301,310],"product_tag":[416,584,587,585,579,586,338,590,592,578,582,583,588,581,580,447,589,577,446,591],"class_list":{"0":"post-5769","1":"product","2":"type-product","3":"status-publish","4":"has-post-thumbnail","6":"product_cat-thermische-analyse","7":"product_cat-waermeflussmessgeraete-hfm","8":"product_tag-academia","9":"product_tag-akademische-einrichtungen","10":"product_tag-daemmstoffe","11":"product_tag-energie","12":"product_tag-energieeinsparung","13":"product_tag-energy","14":"product_tag-forschung-entwicklung","15":"product_tag-heat","16":"product_tag-heat-flow","17":"product_tag-heat-flow-meter","18":"product_tag-industrie","19":"product_tag-industry","20":"product_tag-insulating-materials","21":"product_tag-research-and-development","22":"product_tag-saving-energy","23":"product_tag-thermal-conductivity","24":"product_tag-waermefluss","25":"product_tag-waermeflussmessplattenapparatur","26":"product_tag-waermeleitfaehigkeit","27":"product_tag-waermestrom","29":"first","30":"instock","31":"shipping-taxable","32":"product-type-simple"},"yoast_head":"<!-- This site is optimized with the Yoast SEO plugin v21.9 - https:\/\/yoast.com\/wordpress\/plugins\/seo\/ -->\n<title>HFM 446 Lambda Series - Prager Elektronik<\/title>\n<meta name=\"description\" content=\"HFM 446 Lambda erm\u00f6glicht die Bestimmung der W\u00e4rmeleitf\u00e4higkeit und des thermischen Widerstands von verschiedenen Materialien.\" \/>\n<meta name=\"robots\" content=\"index, follow, max-snippet:-1, max-image-preview:large, max-video-preview:-1\" \/>\n<link rel=\"canonical\" href=\"https:\/\/www.prager-elektronik.at\/en\/produkte\/polymere\/thermische-analyse-p\/waermeflussmessgeraete-hfm\/netzsch-hfm-446-lambda-series\/\" \/>\n<meta property=\"og:locale\" content=\"en_US\" \/>\n<meta property=\"og:type\" content=\"article\" \/>\n<meta property=\"og:title\" content=\"HFM 446 Lambda Series - Prager Elektronik\" \/>\n<meta property=\"og:description\" content=\"HFM 446 Lambda erm\u00f6glicht die Bestimmung der W\u00e4rmeleitf\u00e4higkeit und des thermischen Widerstands von verschiedenen Materialien.\" \/>\n<meta property=\"og:url\" content=\"https:\/\/www.prager-elektronik.at\/en\/produkte\/polymere\/thermische-analyse-p\/waermeflussmessgeraete-hfm\/netzsch-hfm-446-lambda-series\/\" \/>\n<meta property=\"og:site_name\" content=\"Prager Elektronik\" \/>\n<meta property=\"article:modified_time\" content=\"2024-09-02T14:02:47+00:00\" \/>\n<meta property=\"og:image\" content=\"https:\/\/www.prager-elektronik.at\/wp-content\/uploads\/HFM-446-Lambda-Small_350x250.png\" \/>\n\t<meta property=\"og:image:width\" content=\"350\" \/>\n\t<meta property=\"og:image:height\" content=\"250\" \/>\n\t<meta property=\"og:image:type\" content=\"image\/png\" \/>\n<meta name=\"twitter:card\" content=\"summary_large_image\" \/>\n<meta name=\"twitter:label1\" content=\"Est. reading time\" \/>\n\t<meta name=\"twitter:data1\" content=\"3 minutes\" \/>\n<script type=\"application\/ld+json\" class=\"yoast-schema-graph\">{\"@context\":\"https:\/\/schema.org\",\"@graph\":[{\"@type\":\"WebPage\",\"@id\":\"https:\/\/www.prager-elektronik.at\/en\/produkte\/polymere\/thermische-analyse-p\/waermeflussmessgeraete-hfm\/netzsch-hfm-446-lambda-series\/\",\"url\":\"https:\/\/www.prager-elektronik.at\/en\/produkte\/polymere\/thermische-analyse-p\/waermeflussmessgeraete-hfm\/netzsch-hfm-446-lambda-series\/\",\"name\":\"HFM 446 Lambda Series - Prager Elektronik\",\"isPartOf\":{\"@id\":\"https:\/\/www.prager-elektronik.at\/en\/#website\"},\"datePublished\":\"2023-08-31T13:08:10+00:00\",\"dateModified\":\"2024-09-02T14:02:47+00:00\",\"description\":\"HFM 446 Lambda erm\u00f6glicht die Bestimmung der W\u00e4rmeleitf\u00e4higkeit und des thermischen Widerstands von verschiedenen Materialien.\",\"breadcrumb\":{\"@id\":\"https:\/\/www.prager-elektronik.at\/en\/produkte\/polymere\/thermische-analyse-p\/waermeflussmessgeraete-hfm\/netzsch-hfm-446-lambda-series\/#breadcrumb\"},\"inLanguage\":\"en-US\",\"potentialAction\":[{\"@type\":\"ReadAction\",\"target\":[[\"https:\/\/www.prager-elektronik.at\/en\/produkte\/polymere\/thermische-analyse-p\/waermeflussmessgeraete-hfm\/netzsch-hfm-446-lambda-series\/\"]]}]},{\"@type\":\"BreadcrumbList\",\"@id\":\"https:\/\/www.prager-elektronik.at\/en\/produkte\/polymere\/thermische-analyse-p\/waermeflussmessgeraete-hfm\/netzsch-hfm-446-lambda-series\/#breadcrumb\",\"itemListElement\":[{\"@type\":\"ListItem\",\"position\":1,\"name\":\"Startseite\",\"item\":\"https:\/\/www.prager-elektronik.at\/en\/\"},{\"@type\":\"ListItem\",\"position\":2,\"name\":\"Shop\",\"item\":\"https:\/\/www.prager-elektronik.at\/en\/shop\/\"},{\"@type\":\"ListItem\",\"position\":3,\"name\":\"HFM 446 Lambda Series\"}]},{\"@type\":\"WebSite\",\"@id\":\"https:\/\/www.prager-elektronik.at\/en\/#website\",\"url\":\"https:\/\/www.prager-elektronik.at\/en\/\",\"name\":\"Prager Elektronik\",\"description\":\"Laboratory measurement technology for industry and research. Particle measurement technology, flow measurement technology, thermal analysis, materials testing and rheology\",\"potentialAction\":[{\"@type\":\"SearchAction\",\"target\":{\"@type\":\"EntryPoint\",\"urlTemplate\":\"https:\/\/www.prager-elektronik.at\/en\/?s={search_term_string}\"},\"query-input\":\"required name=search_term_string\"}],\"inLanguage\":\"en-US\"}]}<\/script>\n<!-- \/ Yoast SEO plugin. -->","yoast_head_json":{"title":"HFM 446 Lambda Series - Prager Elektronik","description":"HFM 446 Lambda erm\u00f6glicht die Bestimmung der W\u00e4rmeleitf\u00e4higkeit und des thermischen Widerstands von verschiedenen Materialien.","robots":{"index":"index","follow":"follow","max-snippet":"max-snippet:-1","max-image-preview":"max-image-preview:large","max-video-preview":"max-video-preview:-1"},"canonical":"https:\/\/www.prager-elektronik.at\/en\/produkte\/polymere\/thermische-analyse-p\/waermeflussmessgeraete-hfm\/netzsch-hfm-446-lambda-series\/","og_locale":"en_US","og_type":"article","og_title":"HFM 446 Lambda Series - Prager Elektronik","og_description":"HFM 446 Lambda erm\u00f6glicht die Bestimmung der W\u00e4rmeleitf\u00e4higkeit und des thermischen Widerstands von verschiedenen Materialien.","og_url":"https:\/\/www.prager-elektronik.at\/en\/produkte\/polymere\/thermische-analyse-p\/waermeflussmessgeraete-hfm\/netzsch-hfm-446-lambda-series\/","og_site_name":"Prager Elektronik","article_modified_time":"2024-09-02T14:02:47+00:00","og_image":[{"width":350,"height":250,"url":"https:\/\/www.prager-elektronik.at\/wp-content\/uploads\/HFM-446-Lambda-Small_350x250.png","type":"image\/png"}],"twitter_card":"summary_large_image","twitter_misc":{"Est. reading time":"3 minutes"},"schema":{"@context":"https:\/\/schema.org","@graph":[{"@type":"WebPage","@id":"https:\/\/www.prager-elektronik.at\/en\/produkte\/polymere\/thermische-analyse-p\/waermeflussmessgeraete-hfm\/netzsch-hfm-446-lambda-series\/","url":"https:\/\/www.prager-elektronik.at\/en\/produkte\/polymere\/thermische-analyse-p\/waermeflussmessgeraete-hfm\/netzsch-hfm-446-lambda-series\/","name":"HFM 446 Lambda Series - Prager Elektronik","isPartOf":{"@id":"https:\/\/www.prager-elektronik.at\/en\/#website"},"datePublished":"2023-08-31T13:08:10+00:00","dateModified":"2024-09-02T14:02:47+00:00","description":"HFM 446 Lambda erm\u00f6glicht die Bestimmung der W\u00e4rmeleitf\u00e4higkeit und des thermischen Widerstands von verschiedenen Materialien.","breadcrumb":{"@id":"https:\/\/www.prager-elektronik.at\/en\/produkte\/polymere\/thermische-analyse-p\/waermeflussmessgeraete-hfm\/netzsch-hfm-446-lambda-series\/#breadcrumb"},"inLanguage":"en-US","potentialAction":[{"@type":"ReadAction","target":[["https:\/\/www.prager-elektronik.at\/en\/produkte\/polymere\/thermische-analyse-p\/waermeflussmessgeraete-hfm\/netzsch-hfm-446-lambda-series\/"]]}]},{"@type":"BreadcrumbList","@id":"https:\/\/www.prager-elektronik.at\/en\/produkte\/polymere\/thermische-analyse-p\/waermeflussmessgeraete-hfm\/netzsch-hfm-446-lambda-series\/#breadcrumb","itemListElement":[{"@type":"ListItem","position":1,"name":"Startseite","item":"https:\/\/www.prager-elektronik.at\/en\/"},{"@type":"ListItem","position":2,"name":"Shop","item":"https:\/\/www.prager-elektronik.at\/en\/shop\/"},{"@type":"ListItem","position":3,"name":"HFM 446 Lambda Series"}]},{"@type":"WebSite","@id":"https:\/\/www.prager-elektronik.at\/en\/#website","url":"https:\/\/www.prager-elektronik.at\/en\/","name":"Prager Elektronik","description":"Laboratory measurement technology for industry and research. Particle measurement technology, flow measurement technology, thermal analysis, materials testing and rheology","potentialAction":[{"@type":"SearchAction","target":{"@type":"EntryPoint","urlTemplate":"https:\/\/www.prager-elektronik.at\/en\/?s={search_term_string}"},"query-input":"required name=search_term_string"}],"inLanguage":"en-US"}]}},"_links":{"self":[{"href":"https:\/\/www.prager-elektronik.at\/en\/wp-json\/wp\/v2\/product\/5769","targetHints":{"allow":["GET"]}}],"collection":[{"href":"https:\/\/www.prager-elektronik.at\/en\/wp-json\/wp\/v2\/product"}],"about":[{"href":"https:\/\/www.prager-elektronik.at\/en\/wp-json\/wp\/v2\/types\/product"}],"replies":[{"embeddable":true,"href":"https:\/\/www.prager-elektronik.at\/en\/wp-json\/wp\/v2\/comments?post=5769"}],"version-history":[{"count":14,"href":"https:\/\/www.prager-elektronik.at\/en\/wp-json\/wp\/v2\/product\/5769\/revisions"}],"predecessor-version":[{"id":7573,"href":"https:\/\/www.prager-elektronik.at\/en\/wp-json\/wp\/v2\/product\/5769\/revisions\/7573"}],"wp:featuredmedia":[{"embeddable":true,"href":"https:\/\/www.prager-elektronik.at\/en\/wp-json\/wp\/v2\/media\/5807"}],"wp:attachment":[{"href":"https:\/\/www.prager-elektronik.at\/en\/wp-json\/wp\/v2\/media?parent=5769"}],"wp:term":[{"taxonomy":"product_cat","embeddable":true,"href":"https:\/\/www.prager-elektronik.at\/en\/wp-json\/wp\/v2\/product_cat?post=5769"},{"taxonomy":"product_tag","embeddable":true,"href":"https:\/\/www.prager-elektronik.at\/en\/wp-json\/wp\/v2\/product_tag?post=5769"}],"curies":[{"name":"wp","href":"https:\/\/api.w.org\/{rel}","templated":true}]}}