{"id":5655,"date":"2023-08-11T10:29:13","date_gmt":"2023-08-11T08:29:13","guid":{"rendered":"https:\/\/www.prager-elektronik.at\/?post_type=product&#038;p=5655"},"modified":"2024-10-17T11:06:59","modified_gmt":"2024-10-17T09:06:59","slug":"netzsch-arc-305","status":"publish","type":"product","link":"https:\/\/www.prager-elektronik.at\/en\/produkte\/polymere\/thermische-analyse-p\/batterietestung\/netzsch-arc-305\/","title":{"rendered":"ARC\u00ae 305"},"content":{"rendered":"<div class=\"wpb-content-wrapper\"><p>[vc_row][vc_column width=&#8221;1\/2&#8243; css=&#8221;.vc_custom_1484828983369{margin-bottom: 25px !important;}&#8221;]<div class=\"title-wrapper  basel-title-color-default basel-title-style-default basel-title-size-small text-left \"><div class=\"liner-continer\"> <span class=\"left-line\"><\/span> <h4 class=\"title\" >ARC\u00ae 305<span class=\"title-separator\"><span><\/span><\/span><\/h4> <span class=\"right-line\"><\/span> <\/div><\/div>[vc_column_text]The Accelerating Rate Calorimeter (ARC<sup>\u00ae<\/sup> 305) is designed to safety measure the amount and rate of heat release during the processing or storage of chemicals.[\/vc_column_text][\/vc_column][vc_column width=&#8221;1\/2&#8243;]<div class=\"title-wrapper  basel-title-color-default basel-title-style-default basel-title-size-small text-left \"><div class=\"liner-continer\"> <span class=\"left-line\"><\/span> <h4 class=\"title\" >Infos \/ Datasheet<span class=\"title-separator\"><span><\/span><\/span><\/h4> <span class=\"right-line\"><\/span> <\/div><\/div>[vc_column_text]<\/p>\n<ul>\n<li class=\"pdf\"><a href=\"https:\/\/www.prager-elektronik.at\/wp-content\/uploads\/Technical_Specifications_ARC_305_en_signed.pdf\" target=\"_blank\" rel=\"noopener noreferrer\">ARC\u00ae 305 Technical Datasheet<\/a><\/li>\n<li class=\"pdf\"><a href=\"https:\/\/www.prager-elektronik.at\/wp-content\/uploads\/ARC_en_web_signed.pdf\" target=\"_blank\" rel=\"noopener noreferrer\">ARC\u00ae 305 Brochure<\/a><\/li>\n<li class=\"pdf\"><a href=\"https:\/\/www.prager-elektronik.at\/wp-content\/uploads\/FragebogenThermAnalyse-Ver3_ARC_Eng.pdf\" target=\"_blank\" rel=\"noopener noreferrer\">Questionnaire <\/a><\/li>\n<\/ul>\n<p>[\/vc_column_text][\/vc_column][\/vc_row][vc_row][vc_column][vc_column_text]This method enables the description of isothermal and adiabatic test procedures and is used to detect thermally induced exothermic decomposition reactions. The standard procedure is the <em>Heat-Wait-Search<\/em> (HWS) method.<\/p>\n<p>The temperature and pressure of exothermic reactions are measured simultaneously in this closed system. The resulting information helps engineers and scientists identify potential hazards. And are focused on key elements of process safety design including emergency relief systems, effluent handling, process optimization, and thermal stability. By analyzing the gaseous reaction products, a better understanding of the reaction mechanism can be achieved.<\/p>\n<p>User safety is a key objective in the design of model 305. The user is protected by a series of safety systems that are completely independent of the control system. These safety systems work to project the user in the event that the primary control system fails. The computer-controlled ARC<sup>\u00ae<\/sup> 305 is characterized by an easy-to-understand and easy-to-use graphical user interface.<\/p>\n<p><strong>Functional principle:<\/strong><\/p>\n<p>In the adiabatic calorimeter, the sample material is heated in a fixed volume without releasing energy to the environment until the exothermic reaction starts. The pressure and temperature are recorded during the tempering process. This enables the quantitative determination of enthalpy and pressure changes.<\/p>\n<p>The energy release from chemical reactions is a point of focus in chemical research and other industries. When energy is generated by a thermally induced chemical reaction and the heat transfer to the outside is smaller than the generated amount, runaway reactions can occur. In the worst case, this can lead to an explosion.<\/p>\n<p>Adiabatic calorimeters are ideal tools for analyzing such scenarios as they simulate the worst case scenario with no heat exchange with the surroundings. The behavior in real large scale chemical reactors can therefore be simulated in the laboratory.<\/p>\n<p><strong><em>ARC<sup>\u00ae<\/sup> <\/em><\/strong><strong>305 <\/strong><strong>supports with:<\/strong><\/p>\n<ul>\n<li>Thermal Hazard Evaluation<\/li>\n<li>Pressure Hazard Evaluation<\/li>\n<li>Thermokinetic Analysis<\/li>\n<\/ul>\n<p>For further information, please refer to the technical data sheet or the brochure.[\/vc_column_text][\/vc_column][\/vc_row]<\/p>\n<template id=\"brlbs-cmpnt-cb-template-google-maps-event-on\">\n <div class=\"brlbs-cmpnt-container brlbs-cmpnt-content-blocker\" data-borlabs-cookie-content-blocker-id=\"google-maps-event-on\" data-borlabs-cookie-content=\"\" ><div class=\"brlbs-cmpnt-cb-preset-b brlbs-cmpnt-cb-google-maps-event-on\"> <div class=\"brlbs-cmpnt-cb-thumbnail\" style=\"background-image: url('https:\/\/www.prager-elektronik.at\/wp-content\/uploads\/borlabs-cookie\/1\/brlbs-cb-google-maps-main.png')\"><\/div> <div class=\"brlbs-cmpnt-cb-main\"> <div class=\"brlbs-cmpnt-cb-content\"> <p class=\"brlbs-cmpnt-cb-description\">Sie sehen gerade einen Platzhalterinhalt von <strong>Google Maps<\/strong>. Um auf den eigentlichen Inhalt zuzugreifen, klicken Sie auf die Schaltfl\u00e4che unten. Bitte beachten Sie, dass dabei Daten an Drittanbieter weitergegeben werden.<\/p> <a class=\"brlbs-cmpnt-cb-provider-toggle\" href=\"#\" data-borlabs-cookie-show-provider-information role=\"button\">Mehr Informationen<\/a> <\/div> <div class=\"brlbs-cmpnt-cb-buttons\"> <a class=\"brlbs-cmpnt-cb-btn\" href=\"#\" data-borlabs-cookie-unblock role=\"button\">Alle Inhalte entsperren<\/a> <a class=\"brlbs-cmpnt-cb-btn\" href=\"#\" data-borlabs-cookie-accept-service role=\"button\" style=\"display: inherit\">Erforderlichen Service akzeptieren und Inhalte entsperren<\/a> <\/div> <\/div> <\/div><\/div>\n<\/template>\n<script>\nif (typeof jQuery !== \"undefined\") {\n    jQuery.fn.evoGenmaps = opt => {\n        const template = document.querySelector(\"#brlbs-cmpnt-cb-template-google-maps-event-on\");\n        const divsToInsertBlocker = document.querySelectorAll('.evcal_gmaps, .evo_location_map');\n        for (const div of divsToInsertBlocker) {\n            if (!div.querySelector('.brlbs-cmpnt-content-blocker')) {\n                const blocked = template.content.cloneNode(true).querySelector('.brlbs-cmpnt-container');\n\n                div.appendChild(blocked);\n            }\n        }\n    };\n\n    if (typeof jQuery.fn.evo_load_gmap === 'undefined') {\n        jQuery.fn.evo_load_gmap = (opt) => { };\n    }\n}\n\n<\/script><template id=\"brlbs-cmpnt-cb-template-facebook-content-blocker\">\n <div class=\"brlbs-cmpnt-container brlbs-cmpnt-content-blocker\" data-borlabs-cookie-content-blocker-id=\"facebook-content-blocker\" data-borlabs-cookie-content=\"\" ><div class=\"brlbs-cmpnt-cb-preset-b brlbs-cmpnt-cb-facebook\"> <div class=\"brlbs-cmpnt-cb-thumbnail\" style=\"background-image: url('https:\/\/www.prager-elektronik.at\/wp-content\/uploads\/borlabs-cookie\/1\/cb-facebook-main.png')\"><\/div> <div class=\"brlbs-cmpnt-cb-main\"> <div class=\"brlbs-cmpnt-cb-content\"> <p class=\"brlbs-cmpnt-cb-description\">Sie sehen gerade einen Platzhalterinhalt von <strong>Facebook<\/strong>. Um auf den eigentlichen Inhalt zuzugreifen, klicken Sie auf die Schaltfl\u00e4che unten. Bitte beachten Sie, dass dabei Daten an Drittanbieter weitergegeben werden.<\/p> <a class=\"brlbs-cmpnt-cb-provider-toggle\" href=\"#\" data-borlabs-cookie-show-provider-information role=\"button\">Mehr Informationen<\/a> <\/div> <div class=\"brlbs-cmpnt-cb-buttons\"> <a class=\"brlbs-cmpnt-cb-btn\" href=\"#\" data-borlabs-cookie-unblock role=\"button\">Inhalt entsperren<\/a> <a class=\"brlbs-cmpnt-cb-btn\" href=\"#\" data-borlabs-cookie-accept-service role=\"button\" style=\"display: inherit\">Erforderlichen Service akzeptieren und Inhalte entsperren<\/a> <\/div> <\/div> <\/div><\/div>\n<\/template>\n<script>\n(function() {\n        const template = document.querySelector(\"#brlbs-cmpnt-cb-template-facebook-content-blocker\");\n        const divsToInsertBlocker = document.querySelectorAll('div.fb-video[data-href*=\"\/\/www.facebook.com\/\"], div.fb-post[data-href*=\"\/\/www.facebook.com\/\"]');\n        for (const div of divsToInsertBlocker) {\n            const blocked = template.content.cloneNode(true).querySelector('.brlbs-cmpnt-container');\n            blocked.dataset.borlabsCookieContent = btoa(div.outerHTML);\n            div.replaceWith(blocked);\n        }\n})()\n<\/script><\/div>","protected":false},"excerpt":{"rendered":"<p>[vc_row][vc_column width=&#8221;1\/2&#8243; css=&#8221;.vc_custom_1484828983369{margin-bottom: 25px !important;}&#8221;][vc_column_text]The Accelerating Rate Calorimeter (ARC\u00ae 305) is designed to safety measure the amount and rate of<\/p>\n","protected":false},"featured_media":5660,"comment_status":"closed","ping_status":"closed","template":"","meta":{"footnotes":""},"product_cat":[309,301],"product_tag":[493,1850,1846,1849,1843,1840,674,502,1852,1577,1578,1851,670,669,497,1854,671,1844,677,676,675,503,681,679,680,678,1842,1848,1847,1853,1845,672,673,501,394,500,682,505,504,1841,1839],"class_list":{"0":"post-5655","1":"product","2":"type-product","3":"status-publish","4":"has-post-thumbnail","6":"product_cat-batterietestung","7":"product_cat-thermische-analyse","8":"product_tag-accelerating-rate-calorimeter","9":"product_tag-adiabatic-calorimeter","10":"product_tag-adiabatic-test-procedures","11":"product_tag-adiabatischen-kalorimeter","12":"product_tag-adiabatischen-testverfahren","13":"product_tag-amount-of-heat-release","14":"product_tag-druck","15":"product_tag-druckbedingten-gefahrenpotentials","16":"product_tag-durchbruchsreaktionen","17":"product_tag-enthalpie","18":"product_tag-enthalpy","19":"product_tag-exothermen-reaktion","20":"product_tag-exothermer-zersetzungsreaktionen","21":"product_tag-exothermic-decomposition-reactions","22":"product_tag-exothermic-reaction","23":"product_tag-explosion","24":"product_tag-heat-wait-search","25":"product_tag-lagerung-von-chemikalien","26":"product_tag-potential-hazards","27":"product_tag-potentielle-risiken","28":"product_tag-pressure","29":"product_tag-pressure-hazard-evaluation","30":"product_tag-process-optimization","31":"product_tag-process-safety","32":"product_tag-prozessoptimierung","33":"product_tag-prozesssicherheit","34":"product_tag-rate-of-heat-release","35":"product_tag-reaction-mechanism","36":"product_tag-reaktionsmechanismen","37":"product_tag-runaway-reactions","38":"product_tag-storage-of-chemicals","39":"product_tag-temperatur","40":"product_tag-temperature","41":"product_tag-thermal-hazard-evaluation","42":"product_tag-thermal-stability","43":"product_tag-thermischen-gefahrenpotentials","44":"product_tag-thermischer-stabilitaet","45":"product_tag-thermokinetic-analysis","46":"product_tag-thermokinetische-analyse","47":"product_tag-waermeentwicklungsrate","48":"product_tag-waermemenge","50":"first","51":"instock","52":"shipping-taxable","53":"product-type-simple"},"yoast_head":"<!-- This site is optimized with the Yoast SEO plugin v21.9 - https:\/\/yoast.com\/wordpress\/plugins\/seo\/ -->\n<title>ARC\u00ae 305 - Prager Elektronik<\/title>\n<meta name=\"description\" content=\"Das Accelerating Rate Calorimeter 305 (ARC\u00ae 305) ist daf\u00fcr ausgelegt, den Verlauf einer gro\u00dftechnisch gef\u00fchrten Reaktion im kleinen Ma\u00dfstab nachzustellen.\" \/>\n<meta name=\"robots\" content=\"index, follow, max-snippet:-1, max-image-preview:large, max-video-preview:-1\" \/>\n<link rel=\"canonical\" href=\"https:\/\/www.prager-elektronik.at\/en\/produkte\/polymere\/thermische-analyse-p\/batterietestung\/netzsch-arc-305\/\" \/>\n<meta property=\"og:locale\" content=\"en_US\" \/>\n<meta property=\"og:type\" content=\"article\" \/>\n<meta property=\"og:title\" content=\"ARC\u00ae 305 - Prager Elektronik\" \/>\n<meta property=\"og:description\" content=\"Das Accelerating Rate Calorimeter 305 (ARC\u00ae 305) ist daf\u00fcr ausgelegt, den Verlauf einer gro\u00dftechnisch gef\u00fchrten Reaktion im kleinen Ma\u00dfstab nachzustellen.\" \/>\n<meta property=\"og:url\" content=\"https:\/\/www.prager-elektronik.at\/en\/produkte\/polymere\/thermische-analyse-p\/batterietestung\/netzsch-arc-305\/\" \/>\n<meta property=\"og:site_name\" content=\"Prager Elektronik\" \/>\n<meta property=\"article:modified_time\" content=\"2024-10-17T09:06:59+00:00\" \/>\n<meta property=\"og:image\" content=\"https:\/\/www.prager-elektronik.at\/wp-content\/uploads\/ARC-305_B350-H250-1.png\" \/>\n\t<meta property=\"og:image:width\" content=\"350\" \/>\n\t<meta property=\"og:image:height\" content=\"250\" \/>\n\t<meta property=\"og:image:type\" content=\"image\/png\" \/>\n<meta name=\"twitter:card\" content=\"summary_large_image\" \/>\n<meta name=\"twitter:label1\" content=\"Est. reading time\" \/>\n\t<meta name=\"twitter:data1\" content=\"3 minutes\" \/>\n<script type=\"application\/ld+json\" class=\"yoast-schema-graph\">{\"@context\":\"https:\/\/schema.org\",\"@graph\":[{\"@type\":\"WebPage\",\"@id\":\"https:\/\/www.prager-elektronik.at\/en\/produkte\/polymere\/thermische-analyse-p\/batterietestung\/netzsch-arc-305\/\",\"url\":\"https:\/\/www.prager-elektronik.at\/en\/produkte\/polymere\/thermische-analyse-p\/batterietestung\/netzsch-arc-305\/\",\"name\":\"ARC\u00ae 305 - Prager Elektronik\",\"isPartOf\":{\"@id\":\"https:\/\/www.prager-elektronik.at\/en\/#website\"},\"datePublished\":\"2023-08-11T08:29:13+00:00\",\"dateModified\":\"2024-10-17T09:06:59+00:00\",\"description\":\"Das Accelerating Rate Calorimeter 305 (ARC\u00ae 305) ist daf\u00fcr ausgelegt, den Verlauf einer gro\u00dftechnisch gef\u00fchrten Reaktion im kleinen Ma\u00dfstab nachzustellen.\",\"breadcrumb\":{\"@id\":\"https:\/\/www.prager-elektronik.at\/en\/produkte\/polymere\/thermische-analyse-p\/batterietestung\/netzsch-arc-305\/#breadcrumb\"},\"inLanguage\":\"en-US\",\"potentialAction\":[{\"@type\":\"ReadAction\",\"target\":[[\"https:\/\/www.prager-elektronik.at\/en\/produkte\/polymere\/thermische-analyse-p\/batterietestung\/netzsch-arc-305\/\"]]}]},{\"@type\":\"BreadcrumbList\",\"@id\":\"https:\/\/www.prager-elektronik.at\/en\/produkte\/polymere\/thermische-analyse-p\/batterietestung\/netzsch-arc-305\/#breadcrumb\",\"itemListElement\":[{\"@type\":\"ListItem\",\"position\":1,\"name\":\"Startseite\",\"item\":\"https:\/\/www.prager-elektronik.at\/en\/\"},{\"@type\":\"ListItem\",\"position\":2,\"name\":\"Shop\",\"item\":\"https:\/\/www.prager-elektronik.at\/en\/shop\/\"},{\"@type\":\"ListItem\",\"position\":3,\"name\":\"ARC\u00ae 305\"}]},{\"@type\":\"WebSite\",\"@id\":\"https:\/\/www.prager-elektronik.at\/en\/#website\",\"url\":\"https:\/\/www.prager-elektronik.at\/en\/\",\"name\":\"Prager Elektronik\",\"description\":\"Laboratory measurement technology for industry and research. Particle measurement technology, flow measurement technology, thermal analysis, materials testing and rheology\",\"potentialAction\":[{\"@type\":\"SearchAction\",\"target\":{\"@type\":\"EntryPoint\",\"urlTemplate\":\"https:\/\/www.prager-elektronik.at\/en\/?s={search_term_string}\"},\"query-input\":\"required name=search_term_string\"}],\"inLanguage\":\"en-US\"}]}<\/script>\n<!-- \/ Yoast SEO plugin. -->","yoast_head_json":{"title":"ARC\u00ae 305 - Prager Elektronik","description":"Das Accelerating Rate Calorimeter 305 (ARC\u00ae 305) ist daf\u00fcr ausgelegt, den Verlauf einer gro\u00dftechnisch gef\u00fchrten Reaktion im kleinen Ma\u00dfstab nachzustellen.","robots":{"index":"index","follow":"follow","max-snippet":"max-snippet:-1","max-image-preview":"max-image-preview:large","max-video-preview":"max-video-preview:-1"},"canonical":"https:\/\/www.prager-elektronik.at\/en\/produkte\/polymere\/thermische-analyse-p\/batterietestung\/netzsch-arc-305\/","og_locale":"en_US","og_type":"article","og_title":"ARC\u00ae 305 - Prager Elektronik","og_description":"Das Accelerating Rate Calorimeter 305 (ARC\u00ae 305) ist daf\u00fcr ausgelegt, den Verlauf einer gro\u00dftechnisch gef\u00fchrten Reaktion im kleinen Ma\u00dfstab nachzustellen.","og_url":"https:\/\/www.prager-elektronik.at\/en\/produkte\/polymere\/thermische-analyse-p\/batterietestung\/netzsch-arc-305\/","og_site_name":"Prager Elektronik","article_modified_time":"2024-10-17T09:06:59+00:00","og_image":[{"width":350,"height":250,"url":"https:\/\/www.prager-elektronik.at\/wp-content\/uploads\/ARC-305_B350-H250-1.png","type":"image\/png"}],"twitter_card":"summary_large_image","twitter_misc":{"Est. reading time":"3 minutes"},"schema":{"@context":"https:\/\/schema.org","@graph":[{"@type":"WebPage","@id":"https:\/\/www.prager-elektronik.at\/en\/produkte\/polymere\/thermische-analyse-p\/batterietestung\/netzsch-arc-305\/","url":"https:\/\/www.prager-elektronik.at\/en\/produkte\/polymere\/thermische-analyse-p\/batterietestung\/netzsch-arc-305\/","name":"ARC\u00ae 305 - Prager Elektronik","isPartOf":{"@id":"https:\/\/www.prager-elektronik.at\/en\/#website"},"datePublished":"2023-08-11T08:29:13+00:00","dateModified":"2024-10-17T09:06:59+00:00","description":"Das Accelerating Rate Calorimeter 305 (ARC\u00ae 305) ist daf\u00fcr ausgelegt, den Verlauf einer gro\u00dftechnisch gef\u00fchrten Reaktion im kleinen Ma\u00dfstab nachzustellen.","breadcrumb":{"@id":"https:\/\/www.prager-elektronik.at\/en\/produkte\/polymere\/thermische-analyse-p\/batterietestung\/netzsch-arc-305\/#breadcrumb"},"inLanguage":"en-US","potentialAction":[{"@type":"ReadAction","target":[["https:\/\/www.prager-elektronik.at\/en\/produkte\/polymere\/thermische-analyse-p\/batterietestung\/netzsch-arc-305\/"]]}]},{"@type":"BreadcrumbList","@id":"https:\/\/www.prager-elektronik.at\/en\/produkte\/polymere\/thermische-analyse-p\/batterietestung\/netzsch-arc-305\/#breadcrumb","itemListElement":[{"@type":"ListItem","position":1,"name":"Startseite","item":"https:\/\/www.prager-elektronik.at\/en\/"},{"@type":"ListItem","position":2,"name":"Shop","item":"https:\/\/www.prager-elektronik.at\/en\/shop\/"},{"@type":"ListItem","position":3,"name":"ARC\u00ae 305"}]},{"@type":"WebSite","@id":"https:\/\/www.prager-elektronik.at\/en\/#website","url":"https:\/\/www.prager-elektronik.at\/en\/","name":"Prager Elektronik","description":"Laboratory measurement technology for industry and research. Particle measurement technology, flow measurement technology, thermal analysis, materials testing and rheology","potentialAction":[{"@type":"SearchAction","target":{"@type":"EntryPoint","urlTemplate":"https:\/\/www.prager-elektronik.at\/en\/?s={search_term_string}"},"query-input":"required name=search_term_string"}],"inLanguage":"en-US"}]}},"_links":{"self":[{"href":"https:\/\/www.prager-elektronik.at\/en\/wp-json\/wp\/v2\/product\/5655","targetHints":{"allow":["GET"]}}],"collection":[{"href":"https:\/\/www.prager-elektronik.at\/en\/wp-json\/wp\/v2\/product"}],"about":[{"href":"https:\/\/www.prager-elektronik.at\/en\/wp-json\/wp\/v2\/types\/product"}],"replies":[{"embeddable":true,"href":"https:\/\/www.prager-elektronik.at\/en\/wp-json\/wp\/v2\/comments?post=5655"}],"version-history":[{"count":12,"href":"https:\/\/www.prager-elektronik.at\/en\/wp-json\/wp\/v2\/product\/5655\/revisions"}],"predecessor-version":[{"id":7815,"href":"https:\/\/www.prager-elektronik.at\/en\/wp-json\/wp\/v2\/product\/5655\/revisions\/7815"}],"wp:featuredmedia":[{"embeddable":true,"href":"https:\/\/www.prager-elektronik.at\/en\/wp-json\/wp\/v2\/media\/5660"}],"wp:attachment":[{"href":"https:\/\/www.prager-elektronik.at\/en\/wp-json\/wp\/v2\/media?parent=5655"}],"wp:term":[{"taxonomy":"product_cat","embeddable":true,"href":"https:\/\/www.prager-elektronik.at\/en\/wp-json\/wp\/v2\/product_cat?post=5655"},{"taxonomy":"product_tag","embeddable":true,"href":"https:\/\/www.prager-elektronik.at\/en\/wp-json\/wp\/v2\/product_tag?post=5655"}],"curies":[{"name":"wp","href":"https:\/\/api.w.org\/{rel}","templated":true}]}}