{"id":4985,"date":"2022-11-25T11:23:14","date_gmt":"2022-11-25T10:23:14","guid":{"rendered":"https:\/\/www.prager-elektronik.at\/?post_type=product&#038;p=4985"},"modified":"2024-07-04T14:39:01","modified_gmt":"2024-07-04T12:39:01","slug":"parsum","status":"publish","type":"product","link":"https:\/\/www.prager-elektronik.at\/en\/produkte\/partikel\/inline-prozess\/parsum\/","title":{"rendered":"Parsum"},"content":{"rendered":"<div class=\"wpb-content-wrapper\"><p>[vc_row][vc_column width=&#8221;1\/2&#8243; css=&#8221;.vc_custom_1484828983369{margin-bottom: 25px !important;}&#8221;]<div class=\"title-wrapper  basel-title-color-default basel-title-style-default basel-title-size-small text-left \"><div class=\"liner-continer\"> <span class=\"left-line\"><\/span> <h4 class=\"title\" >Parsum<span class=\"title-separator\"><span><\/span><\/span><\/h4> <span class=\"right-line\"><\/span> <\/div><\/div>[vc_column_text]The Parsum principle: Particle measurement directly within the process.<\/p>\n<p>Whereas a traditional laboratory analysis determines particle sizes in order to obtain static information on the quality of a product, inline particle measurement provides crucial information on the ongoing process and product quality.[\/vc_column_text][\/vc_column][vc_column width=&#8221;1\/2&#8243;]<div class=\"title-wrapper  basel-title-color-default basel-title-style-default basel-title-size-small text-left \"><div class=\"liner-continer\"> <span class=\"left-line\"><\/span> <h4 class=\"title\" >Infos \/ Datenblatt<span class=\"title-separator\"><span><\/span><\/span><\/h4> <span class=\"right-line\"><\/span> <\/div><\/div>[vc_column_text]<\/p>\n<ul>\n<li class=\"pdf\"><a href=\"https:\/\/www.prager-elektronik.at\/wp-content\/uploads\/Checklist-Parsum-fuer-Website.pdf\" target=\"_blank\" rel=\"noopener noreferrer\">Checklist Parsum<\/a><\/li>\n<li class=\"pdf\"><a href=\"https:\/\/www.prager-elektronik.at\/wp-content\/uploads\/katalog_partikel_partikelcharakterisierung_partikelgroesse_parsum_IPP70-S_en.pdf\" target=\"_blank\" rel=\"noopener noreferrer\">IPP 70-S datasheet<\/a><\/li>\n<li class=\"pdf\"><a href=\"https:\/\/www.prager-elektronik.at\/wp-content\/uploads\/katalog_partikel_partikelcharakterisierung_partikelgroesse_parsum_ipp70_se_en.pdf\" target=\"_blank\" rel=\"noopener noreferrer\">IPP 70-SE datasheet<\/a><\/li>\n<li class=\"pdf\"><a href=\"https:\/\/www.prager-elektronik.at\/wp-content\/uploads\/katalog_partikel_partikelcharakterisierung_partikelgroesse_parsum_IPP75-S_en.pdf\" target=\"_blank\" rel=\"noopener noreferrer\">IPP 75-S datasheet<\/a><\/li>\n<li class=\"pdf\"><a href=\"https:\/\/www.prager-elektronik.at\/wp-content\/uploads\/katalog_partikel_partikelcharakterisierung_partikelgroesse_parsum_IPP80-P_en.pdf\" target=\"_blank\" rel=\"noopener noreferrer\">IPP-80-P datasheet<\/a><\/li>\n<li><a href=\"https:\/\/www.prager-elektronik.at\/kontakt\/\" target=\"_blank\" rel=\"noopener noreferrer\">mehr Informationen<\/a><\/li>\n<\/ul>\n<p>[\/vc_column_text][\/vc_column][\/vc_row][vc_row][vc_column][vc_column_text]<\/p>\n<h5>5 reasons to put your trust in us<\/h5>\n<ul>\n<li>We have 20 years of experience and expertise from a large number of installed inline measurement probes covering an extremely wide range of applications.<\/li>\n<li>Comprehensive testing options and on-site trials give you security.<\/li>\n<li>The most recent findings from joint R&amp;D projects with universities, users and plant manufacturers are directly incorporated into our products.<\/li>\n<li>Parsum stands for complete solutions, ranging from consultancy, trialling, installation and software integration right through to employee training and after-sales service.<\/li>\n<li>As a small company, we can respond flexibly to your requirements and can quickly implement even special solutions.<\/li>\n<\/ul>\n<p>[\/vc_column_text][\/vc_column][\/vc_row][vc_row][vc_column][vc_tta_accordion style=&#8221;flat&#8221; c_icon=&#8221;triangle&#8221; active_section=&#8221;&#8221; collapsible_all=&#8221;true&#8221;][vc_tta_section title=&#8221;IPP 70-S Standard Probe&#8221; tab_id=&#8221;1604648024870-e38e4d45-23df&#8221;][vc_single_image image=&#8221;5019&#8243; img_size=&#8221;175&#215;125&#8243;][vc_column_text]The IPP 70-S is the standard version of the particle probe for universal use in sectors without ATEX requirements.<br \/>\nWhen used in conjunction with a measuring PC, it allows for the determination of particle size distribution (e.g., Q0, Q3) as well as the attributes of the distribution (x10, x50, x90, etc.) directly within the process.<br \/>\nIt consists of a robust stainless-steel construction with sapphire windows to protect the optics from wear.<br \/>\n[\/vc_column_text][\/vc_tta_section][vc_tta_section title=&#8221;IPP 70-Se Standard ATEX Probe&#8221; tab_id=&#8221;1669645775099-d40df59c-dc84&#8243;][vc_single_image image=&#8221;5004&#8243; img_size=&#8221;111&#215;106&#8243;][vc_column_text]The IPP 70-Se is the intrinsically safe version of the standard model IPP 70-S for use in processes with ATEX requirements.<br \/>\nIts dimensions, measuring ranges and accessories make it compatible with all other probe models, so all of the accessories for process adaptation can also be used with the IPP 70-Se in ATEX areas.[\/vc_column_text][\/vc_tta_section][vc_tta_section title=&#8221;IPP 75-S individual length&#8221; tab_id=&#8221;1669645788516-973c7a18-b776&#8243;][vc_single_image image=&#8221;5005&#8243; img_size=&#8221;128&#215;65&#8243;][vc_column_text]The IPP 75-S is the special probe for use in large and deep process areas, such as high-shear mixers. To this end, the probe features a new illumination concept as also used in the IPP 80-P pharmaceutical probe. This makes it possible to produce versions of the probe with almost any required length.[\/vc_column_text][\/vc_tta_section][vc_tta_section title=&#8221;IPP 80-P Pharma Probe&#8221; tab_id=&#8221;1669645787644-923ad144-c0b2&#8243;][vc_single_image image=&#8221;5006&#8243; img_size=&#8221;128&#215;78&#8243;][vc_column_text]The IPP 80-P has been specially designed for use in processes within the pharmaceutical field. Wherever there are demanding requirements with regards to cleanliness, cleanability and hygiene, this is a valuable PAT tool for implementing modern production processes based on the Quality by Design (QbD) principle. It is designed as an intrinsically safe probe for use in processes with ATEX requirements.[\/vc_column_text][\/vc_tta_section][\/vc_tta_accordion][\/vc_column][\/vc_row]<\/p>\n<template id=\"brlbs-cmpnt-cb-template-google-maps-event-on\">\n <div class=\"brlbs-cmpnt-container brlbs-cmpnt-content-blocker\" data-borlabs-cookie-content-blocker-id=\"google-maps-event-on\" data-borlabs-cookie-content=\"\" ><div class=\"brlbs-cmpnt-cb-preset-b brlbs-cmpnt-cb-google-maps-event-on\"> <div class=\"brlbs-cmpnt-cb-thumbnail\" style=\"background-image: url('https:\/\/www.prager-elektronik.at\/wp-content\/uploads\/borlabs-cookie\/1\/brlbs-cb-google-maps-main.png')\"><\/div> <div class=\"brlbs-cmpnt-cb-main\"> <div class=\"brlbs-cmpnt-cb-content\"> <p class=\"brlbs-cmpnt-cb-description\">Sie sehen gerade einen Platzhalterinhalt von <strong>Google Maps<\/strong>. Um auf den eigentlichen Inhalt zuzugreifen, klicken Sie auf die Schaltfl\u00e4che unten. Bitte beachten Sie, dass dabei Daten an Drittanbieter weitergegeben werden.<\/p> <a class=\"brlbs-cmpnt-cb-provider-toggle\" href=\"#\" data-borlabs-cookie-show-provider-information role=\"button\">Mehr Informationen<\/a> <\/div> <div class=\"brlbs-cmpnt-cb-buttons\"> <a class=\"brlbs-cmpnt-cb-btn\" href=\"#\" data-borlabs-cookie-unblock role=\"button\">Alle Inhalte entsperren<\/a> <a class=\"brlbs-cmpnt-cb-btn\" href=\"#\" data-borlabs-cookie-accept-service role=\"button\" style=\"display: inherit\">Erforderlichen Service akzeptieren und Inhalte entsperren<\/a> <\/div> <\/div> <\/div><\/div>\n<\/template>\n<script>\nif (typeof jQuery !== \"undefined\") {\n    jQuery.fn.evoGenmaps = opt => {\n        const template = document.querySelector(\"#brlbs-cmpnt-cb-template-google-maps-event-on\");\n        const divsToInsertBlocker = document.querySelectorAll('.evcal_gmaps, .evo_location_map');\n        for (const div of divsToInsertBlocker) {\n            if (!div.querySelector('.brlbs-cmpnt-content-blocker')) {\n                const blocked = template.content.cloneNode(true).querySelector('.brlbs-cmpnt-container');\n\n                div.appendChild(blocked);\n            }\n        }\n    };\n\n    if (typeof jQuery.fn.evo_load_gmap === 'undefined') {\n        jQuery.fn.evo_load_gmap = (opt) => { };\n    }\n}\n\n<\/script><template id=\"brlbs-cmpnt-cb-template-facebook-content-blocker\">\n <div class=\"brlbs-cmpnt-container brlbs-cmpnt-content-blocker\" data-borlabs-cookie-content-blocker-id=\"facebook-content-blocker\" data-borlabs-cookie-content=\"\" ><div class=\"brlbs-cmpnt-cb-preset-b brlbs-cmpnt-cb-facebook\"> <div class=\"brlbs-cmpnt-cb-thumbnail\" style=\"background-image: url('https:\/\/www.prager-elektronik.at\/wp-content\/uploads\/borlabs-cookie\/1\/cb-facebook-main.png')\"><\/div> <div class=\"brlbs-cmpnt-cb-main\"> <div class=\"brlbs-cmpnt-cb-content\"> <p class=\"brlbs-cmpnt-cb-description\">Sie sehen gerade einen Platzhalterinhalt von <strong>Facebook<\/strong>. Um auf den eigentlichen Inhalt zuzugreifen, klicken Sie auf die Schaltfl\u00e4che unten. Bitte beachten Sie, dass dabei Daten an Drittanbieter weitergegeben werden.<\/p> <a class=\"brlbs-cmpnt-cb-provider-toggle\" href=\"#\" data-borlabs-cookie-show-provider-information role=\"button\">Mehr Informationen<\/a> <\/div> <div class=\"brlbs-cmpnt-cb-buttons\"> <a class=\"brlbs-cmpnt-cb-btn\" href=\"#\" data-borlabs-cookie-unblock role=\"button\">Inhalt entsperren<\/a> <a class=\"brlbs-cmpnt-cb-btn\" href=\"#\" data-borlabs-cookie-accept-service role=\"button\" style=\"display: inherit\">Erforderlichen Service akzeptieren und Inhalte entsperren<\/a> <\/div> <\/div> <\/div><\/div>\n<\/template>\n<script>\n(function() {\n        const template = document.querySelector(\"#brlbs-cmpnt-cb-template-facebook-content-blocker\");\n        const divsToInsertBlocker = document.querySelectorAll('div.fb-video[data-href*=\"\/\/www.facebook.com\/\"], div.fb-post[data-href*=\"\/\/www.facebook.com\/\"]');\n        for (const div of divsToInsertBlocker) {\n            const blocked = template.content.cloneNode(true).querySelector('.brlbs-cmpnt-container');\n            blocked.dataset.borlabsCookieContent = btoa(div.outerHTML);\n            div.replaceWith(blocked);\n        }\n})()\n<\/script><\/div>","protected":false},"excerpt":{"rendered":"<p>[vc_row][vc_column width=&#8221;1\/2&#8243; css=&#8221;.vc_custom_1484828983369{margin-bottom: 25px !important;}&#8221;][vc_column_text]The Parsum principle: Particle measurement directly within the process. Whereas a traditional laboratory analysis determines particle<\/p>\n","protected":false},"featured_media":5019,"comment_status":"closed","ping_status":"closed","template":"","meta":{"footnotes":""},"product_cat":[283,69],"product_tag":[471,482,473,476,321,472,483,485,484,464,463,477,478,474,475,479,480,481],"class_list":{"0":"post-4985","1":"product","2":"type-product","3":"status-publish","4":"has-post-thumbnail","6":"product_cat-inline-prozess","7":"product_cat-partikel","8":"product_tag-atex","9":"product_tag-high-shear","10":"product_tag-particle-measurement","11":"product_tag-particle-size-distribution","12":"product_tag-partikelgroessenverteilung","13":"product_tag-partikelmessung","14":"product_tag-pharma-sonde","15":"product_tag-pharmaceutical-field","16":"product_tag-pharmaumfeld","17":"product_tag-process","18":"product_tag-prozess","19":"product_tag-q0","20":"product_tag-q3","21":"product_tag-sonderloesungen","22":"product_tag-special-solutions","23":"product_tag-x10","24":"product_tag-x50","25":"product_tag-x90","27":"first","28":"instock","29":"shipping-taxable","30":"product-type-simple"},"yoast_head":"<!-- This site is optimized with the Yoast SEO plugin v21.9 - https:\/\/yoast.com\/wordpress\/plugins\/seo\/ -->\n<title>Parsum - Prager Elektronik<\/title>\n<meta name=\"description\" content=\"Eine faseroptische Inline-Partikelmesstechnik, welche die \u00dcberwachung der Partikelgr\u00f6\u00dfe im laufenden Prozess erm\u00f6glicht.\" \/>\n<meta name=\"robots\" content=\"index, follow, max-snippet:-1, max-image-preview:large, max-video-preview:-1\" \/>\n<link rel=\"canonical\" href=\"https:\/\/www.prager-elektronik.at\/en\/produkte\/partikel\/inline-prozess\/parsum\/\" \/>\n<meta property=\"og:locale\" content=\"en_US\" \/>\n<meta property=\"og:type\" content=\"article\" \/>\n<meta property=\"og:title\" content=\"Parsum - Prager Elektronik\" \/>\n<meta property=\"og:description\" content=\"Eine faseroptische Inline-Partikelmesstechnik, welche die \u00dcberwachung der Partikelgr\u00f6\u00dfe im laufenden Prozess erm\u00f6glicht.\" \/>\n<meta property=\"og:url\" content=\"https:\/\/www.prager-elektronik.at\/en\/produkte\/partikel\/inline-prozess\/parsum\/\" \/>\n<meta property=\"og:site_name\" content=\"Prager Elektronik\" \/>\n<meta property=\"article:modified_time\" content=\"2024-07-04T12:39:01+00:00\" \/>\n<meta property=\"og:image\" content=\"https:\/\/www.prager-elektronik.at\/wp-content\/uploads\/partikel_online_parsum-ipp70s_produktbild.jpg\" \/>\n\t<meta property=\"og:image:width\" content=\"350\" \/>\n\t<meta property=\"og:image:height\" content=\"250\" \/>\n\t<meta property=\"og:image:type\" content=\"image\/jpeg\" \/>\n<meta name=\"twitter:card\" content=\"summary_large_image\" \/>\n<meta name=\"twitter:label1\" content=\"Est. reading time\" \/>\n\t<meta name=\"twitter:data1\" content=\"3 minutes\" \/>\n<script type=\"application\/ld+json\" class=\"yoast-schema-graph\">{\"@context\":\"https:\/\/schema.org\",\"@graph\":[{\"@type\":\"WebPage\",\"@id\":\"https:\/\/www.prager-elektronik.at\/en\/produkte\/partikel\/inline-prozess\/parsum\/\",\"url\":\"https:\/\/www.prager-elektronik.at\/en\/produkte\/partikel\/inline-prozess\/parsum\/\",\"name\":\"Parsum - Prager Elektronik\",\"isPartOf\":{\"@id\":\"https:\/\/www.prager-elektronik.at\/en\/#website\"},\"datePublished\":\"2022-11-25T10:23:14+00:00\",\"dateModified\":\"2024-07-04T12:39:01+00:00\",\"description\":\"Eine faseroptische Inline-Partikelmesstechnik, welche die \u00dcberwachung der Partikelgr\u00f6\u00dfe im laufenden Prozess erm\u00f6glicht.\",\"breadcrumb\":{\"@id\":\"https:\/\/www.prager-elektronik.at\/en\/produkte\/partikel\/inline-prozess\/parsum\/#breadcrumb\"},\"inLanguage\":\"en-US\",\"potentialAction\":[{\"@type\":\"ReadAction\",\"target\":[[\"https:\/\/www.prager-elektronik.at\/en\/produkte\/partikel\/inline-prozess\/parsum\/\"]]}]},{\"@type\":\"BreadcrumbList\",\"@id\":\"https:\/\/www.prager-elektronik.at\/en\/produkte\/partikel\/inline-prozess\/parsum\/#breadcrumb\",\"itemListElement\":[{\"@type\":\"ListItem\",\"position\":1,\"name\":\"Startseite\",\"item\":\"https:\/\/www.prager-elektronik.at\/en\/\"},{\"@type\":\"ListItem\",\"position\":2,\"name\":\"Shop\",\"item\":\"https:\/\/www.prager-elektronik.at\/en\/shop\/\"},{\"@type\":\"ListItem\",\"position\":3,\"name\":\"Parsum\"}]},{\"@type\":\"WebSite\",\"@id\":\"https:\/\/www.prager-elektronik.at\/en\/#website\",\"url\":\"https:\/\/www.prager-elektronik.at\/en\/\",\"name\":\"Prager Elektronik\",\"description\":\"Laboratory measurement technology for industry and research. Particle measurement technology, flow measurement technology, thermal analysis, materials testing and rheology\",\"potentialAction\":[{\"@type\":\"SearchAction\",\"target\":{\"@type\":\"EntryPoint\",\"urlTemplate\":\"https:\/\/www.prager-elektronik.at\/en\/?s={search_term_string}\"},\"query-input\":\"required name=search_term_string\"}],\"inLanguage\":\"en-US\"}]}<\/script>\n<!-- \/ Yoast SEO plugin. -->","yoast_head_json":{"title":"Parsum - Prager Elektronik","description":"Eine faseroptische Inline-Partikelmesstechnik, welche die \u00dcberwachung der Partikelgr\u00f6\u00dfe im laufenden Prozess erm\u00f6glicht.","robots":{"index":"index","follow":"follow","max-snippet":"max-snippet:-1","max-image-preview":"max-image-preview:large","max-video-preview":"max-video-preview:-1"},"canonical":"https:\/\/www.prager-elektronik.at\/en\/produkte\/partikel\/inline-prozess\/parsum\/","og_locale":"en_US","og_type":"article","og_title":"Parsum - Prager Elektronik","og_description":"Eine faseroptische Inline-Partikelmesstechnik, welche die \u00dcberwachung der Partikelgr\u00f6\u00dfe im laufenden Prozess erm\u00f6glicht.","og_url":"https:\/\/www.prager-elektronik.at\/en\/produkte\/partikel\/inline-prozess\/parsum\/","og_site_name":"Prager Elektronik","article_modified_time":"2024-07-04T12:39:01+00:00","og_image":[{"width":350,"height":250,"url":"https:\/\/www.prager-elektronik.at\/wp-content\/uploads\/partikel_online_parsum-ipp70s_produktbild.jpg","type":"image\/jpeg"}],"twitter_card":"summary_large_image","twitter_misc":{"Est. reading time":"3 minutes"},"schema":{"@context":"https:\/\/schema.org","@graph":[{"@type":"WebPage","@id":"https:\/\/www.prager-elektronik.at\/en\/produkte\/partikel\/inline-prozess\/parsum\/","url":"https:\/\/www.prager-elektronik.at\/en\/produkte\/partikel\/inline-prozess\/parsum\/","name":"Parsum - Prager Elektronik","isPartOf":{"@id":"https:\/\/www.prager-elektronik.at\/en\/#website"},"datePublished":"2022-11-25T10:23:14+00:00","dateModified":"2024-07-04T12:39:01+00:00","description":"Eine faseroptische Inline-Partikelmesstechnik, welche die \u00dcberwachung der Partikelgr\u00f6\u00dfe im laufenden Prozess erm\u00f6glicht.","breadcrumb":{"@id":"https:\/\/www.prager-elektronik.at\/en\/produkte\/partikel\/inline-prozess\/parsum\/#breadcrumb"},"inLanguage":"en-US","potentialAction":[{"@type":"ReadAction","target":[["https:\/\/www.prager-elektronik.at\/en\/produkte\/partikel\/inline-prozess\/parsum\/"]]}]},{"@type":"BreadcrumbList","@id":"https:\/\/www.prager-elektronik.at\/en\/produkte\/partikel\/inline-prozess\/parsum\/#breadcrumb","itemListElement":[{"@type":"ListItem","position":1,"name":"Startseite","item":"https:\/\/www.prager-elektronik.at\/en\/"},{"@type":"ListItem","position":2,"name":"Shop","item":"https:\/\/www.prager-elektronik.at\/en\/shop\/"},{"@type":"ListItem","position":3,"name":"Parsum"}]},{"@type":"WebSite","@id":"https:\/\/www.prager-elektronik.at\/en\/#website","url":"https:\/\/www.prager-elektronik.at\/en\/","name":"Prager Elektronik","description":"Laboratory measurement technology for industry and research. Particle measurement technology, flow measurement technology, thermal analysis, materials testing and rheology","potentialAction":[{"@type":"SearchAction","target":{"@type":"EntryPoint","urlTemplate":"https:\/\/www.prager-elektronik.at\/en\/?s={search_term_string}"},"query-input":"required name=search_term_string"}],"inLanguage":"en-US"}]}},"_links":{"self":[{"href":"https:\/\/www.prager-elektronik.at\/en\/wp-json\/wp\/v2\/product\/4985","targetHints":{"allow":["GET"]}}],"collection":[{"href":"https:\/\/www.prager-elektronik.at\/en\/wp-json\/wp\/v2\/product"}],"about":[{"href":"https:\/\/www.prager-elektronik.at\/en\/wp-json\/wp\/v2\/types\/product"}],"replies":[{"embeddable":true,"href":"https:\/\/www.prager-elektronik.at\/en\/wp-json\/wp\/v2\/comments?post=4985"}],"version-history":[{"count":24,"href":"https:\/\/www.prager-elektronik.at\/en\/wp-json\/wp\/v2\/product\/4985\/revisions"}],"predecessor-version":[{"id":6625,"href":"https:\/\/www.prager-elektronik.at\/en\/wp-json\/wp\/v2\/product\/4985\/revisions\/6625"}],"wp:featuredmedia":[{"embeddable":true,"href":"https:\/\/www.prager-elektronik.at\/en\/wp-json\/wp\/v2\/media\/5019"}],"wp:attachment":[{"href":"https:\/\/www.prager-elektronik.at\/en\/wp-json\/wp\/v2\/media?parent=4985"}],"wp:term":[{"taxonomy":"product_cat","embeddable":true,"href":"https:\/\/www.prager-elektronik.at\/en\/wp-json\/wp\/v2\/product_cat?post=4985"},{"taxonomy":"product_tag","embeddable":true,"href":"https:\/\/www.prager-elektronik.at\/en\/wp-json\/wp\/v2\/product_tag?post=4985"}],"curies":[{"name":"wp","href":"https:\/\/api.w.org\/{rel}","templated":true}]}}