{"id":4397,"date":"2020-11-06T08:29:18","date_gmt":"2020-11-06T07:29:18","guid":{"rendered":"https:\/\/www.prager-elektronik.at\/?post_type=product&#038;p=4397"},"modified":"2024-07-04T10:42:30","modified_gmt":"2024-07-04T08:42:30","slug":"sopat","status":"publish","type":"product","link":"https:\/\/www.prager-elektronik.at\/en\/produkte\/partikel\/inline-prozess\/sopat\/","title":{"rendered":"SOPAT"},"content":{"rendered":"<div class=\"wpb-content-wrapper\"><p>[vc_row][vc_column width=&#8221;1\/2&#8243; css=&#8221;.vc_custom_1484828983369{margin-bottom: 25px !important;}&#8221;]<div class=\"title-wrapper  basel-title-color-default basel-title-style-default basel-title-size-small text-left \"><div class=\"liner-continer\"> <span class=\"left-line\"><\/span> <h4 class=\"title\" >SOPAT<span class=\"title-separator\"><span><\/span><\/span><\/h4> <span class=\"right-line\"><\/span> <\/div><\/div>[vc_column_text]In almost all cases the quality of a product is dependent of the characteristics of the available particles and their size distribution. SOPAT offers a flexible particle measurement system. It consists of a tailor made SOPAT probe, the innovative SOPAT software, and the SOPAT central box, all of which can be customized to your needs.<\/p>\n<p>The outer tube that comes into contact with the medium is variably adjustable in terms of length, as well as temperature and pressure durability.<\/p>\n<p>This allows the fabrication of a SOPAT particle measurement system optimally tuned to your production process.<\/p>\n<p>A multitude of various probes are available in order to reliably and automatically gather the desired particle size range. With SOPAT technology, you are always one step ahead of the competition![\/vc_column_text][\/vc_column][vc_column width=&#8221;1\/2&#8243;]<div class=\"title-wrapper  basel-title-color-default basel-title-style-default basel-title-size-small text-left \"><div class=\"liner-continer\"> <span class=\"left-line\"><\/span> <h4 class=\"title\" >Infos \/ Datasheet<span class=\"title-separator\"><span><\/span><\/span><\/h4> <span class=\"right-line\"><\/span> <\/div><\/div>[vc_column_text]<\/p>\n<ul>\n<li class=\"pdf\"><a href=\"https:\/\/www.prager-elektronik.at\/wp-content\/uploads\/katalog_partikel_partikelcharakterisierung_partikelgroesse_sopat-eng.pdf\" target=\"_blank\" rel=\"noopener noreferrer\">Sopat brochure<\/a><\/li>\n<li class=\"pdf\"><a href=\"https:\/\/www.prager-elektronik.at\/wp-content\/uploads\/katalog_partikel_partikelcharakterisierung_partikelgroesse_sopat_chocoscope_en.pdf\" target=\"_blank\" rel=\"noopener noreferrer\">ChocoScope brochure<\/a><\/li>\n<li class=\"pdf\"><a href=\"https:\/\/www.prager-elektronik.at\/wp-content\/uploads\/Checklist_SOPAT-fuer-Website.pdf\" target=\"_blank\" rel=\"noopener noreferrer\">Checklist Sopat<\/a><\/li>\n<li><a href=\"https:\/\/www.prager-elektronik.at\/en\/kontakt\/\" target=\"_blank\" rel=\"noopener noreferrer\">more information<\/a><\/li>\n<\/ul>\n<p> <div class=\"brlbs-cmpnt-container brlbs-cmpnt-content-blocker\" data-borlabs-cookie-content-blocker-id=\"youtube-content-blocker\" data-borlabs-cookie-content=\"PGlmcmFtZSBsb2FkaW5nPSJsYXp5IiBzcmM9Imh0dHBzOi8vd3d3LnlvdXR1YmUtbm9jb29raWUuY29tL2VtYmVkL0std3JTMUJjS2hRIiB3aWR0aD0iMzUwIiBoZWlnaHQ9IjE5NiIgZnJhbWVib3JkZXI9IjAiIGFsbG93ZnVsbHNjcmVlbj0iYWxsb3dmdWxsc2NyZWVuIj48L2lmcmFtZT4=\" ><div class=\"brlbs-cmpnt-cb-preset-c brlbs-cmpnt-cb-youtube\"> <div class=\"brlbs-cmpnt-cb-thumbnail\" style=\"background-image: url('https:\/\/www.prager-elektronik.at\/wp-content\/uploads\/borlabs-cookie\/1\/yt_K-wrS1BcKhQ_hqdefault.jpg')\"><\/div> <div class=\"brlbs-cmpnt-cb-main\"> <div class=\"brlbs-cmpnt-cb-play-button\"><\/div> <div class=\"brlbs-cmpnt-cb-content\"> <p class=\"brlbs-cmpnt-cb-description\">Sie sehen gerade einen Platzhalterinhalt von <strong>Youtube<\/strong>. Um auf den eigentlichen Inhalt zuzugreifen, klicken Sie auf die Schaltfl\u00e4che unten. Bitte beachten Sie, dass dabei Daten an Drittanbieter weitergegeben werden.<\/p> <a class=\"brlbs-cmpnt-cb-provider-toggle\" href=\"#\" data-borlabs-cookie-show-provider-information role=\"button\">Mehr Informationen<\/a> <\/div> <div class=\"brlbs-cmpnt-cb-buttons\"> <a class=\"brlbs-cmpnt-cb-btn\" href=\"#\" data-borlabs-cookie-unblock role=\"button\">Inhalt entsperren<\/a> <a class=\"brlbs-cmpnt-cb-btn\" href=\"#\" data-borlabs-cookie-accept-service role=\"button\" style=\"display: inherit\">Erforderlichen Service akzeptieren und Inhalte entsperren<\/a> <\/div> <\/div> <\/div><\/div><br \/>\n <div class=\"brlbs-cmpnt-container brlbs-cmpnt-content-blocker\" data-borlabs-cookie-content-blocker-id=\"youtube-content-blocker\" data-borlabs-cookie-content=\"PGlmcmFtZSBsb2FkaW5nPSJsYXp5IiBzcmM9Imh0dHBzOi8vd3d3LnlvdXR1YmUtbm9jb29raWUuY29tL2VtYmVkL0UwYU9yamIwUmVZIiB3aWR0aD0iMzUwIiBoZWlnaHQ9IjE5NiIgZnJhbWVib3JkZXI9IjAiIGFsbG93ZnVsbHNjcmVlbj0iYWxsb3dmdWxsc2NyZWVuIj48L2lmcmFtZT4=\" ><div class=\"brlbs-cmpnt-cb-preset-c brlbs-cmpnt-cb-youtube\"> <div class=\"brlbs-cmpnt-cb-thumbnail\" style=\"background-image: url('https:\/\/www.prager-elektronik.at\/wp-content\/uploads\/borlabs-cookie\/1\/yt_E0aOrjb0ReY_hqdefault.jpg')\"><\/div> <div class=\"brlbs-cmpnt-cb-main\"> <div class=\"brlbs-cmpnt-cb-play-button\"><\/div> <div class=\"brlbs-cmpnt-cb-content\"> <p class=\"brlbs-cmpnt-cb-description\">Sie sehen gerade einen Platzhalterinhalt von <strong>Youtube<\/strong>. Um auf den eigentlichen Inhalt zuzugreifen, klicken Sie auf die Schaltfl\u00e4che unten. Bitte beachten Sie, dass dabei Daten an Drittanbieter weitergegeben werden.<\/p> <a class=\"brlbs-cmpnt-cb-provider-toggle\" href=\"#\" data-borlabs-cookie-show-provider-information role=\"button\">Mehr Informationen<\/a> <\/div> <div class=\"brlbs-cmpnt-cb-buttons\"> <a class=\"brlbs-cmpnt-cb-btn\" href=\"#\" data-borlabs-cookie-unblock role=\"button\">Inhalt entsperren<\/a> <a class=\"brlbs-cmpnt-cb-btn\" href=\"#\" data-borlabs-cookie-accept-service role=\"button\" style=\"display: inherit\">Erforderlichen Service akzeptieren und Inhalte entsperren<\/a> <\/div> <\/div> <\/div><\/div><br \/>\n <div class=\"brlbs-cmpnt-container brlbs-cmpnt-content-blocker\" data-borlabs-cookie-content-blocker-id=\"youtube-content-blocker\" data-borlabs-cookie-content=\"PGlmcmFtZSBsb2FkaW5nPSJsYXp5IiBzcmM9Imh0dHBzOi8vd3d3LnlvdXR1YmUtbm9jb29raWUuY29tL2VtYmVkL3JGUjBzYUdaRzBRIiB3aWR0aD0iMzUwIiBoZWlnaHQ9IjE5NiIgZnJhbWVib3JkZXI9IjAiIGFsbG93ZnVsbHNjcmVlbj0iYWxsb3dmdWxsc2NyZWVuIj48L2lmcmFtZT4=\" ><div class=\"brlbs-cmpnt-cb-preset-c brlbs-cmpnt-cb-youtube\"> <div class=\"brlbs-cmpnt-cb-thumbnail\" style=\"background-image: url('https:\/\/www.prager-elektronik.at\/wp-content\/uploads\/borlabs-cookie\/1\/yt_rFR0saGZG0Q_hqdefault.jpg')\"><\/div> <div class=\"brlbs-cmpnt-cb-main\"> <div class=\"brlbs-cmpnt-cb-play-button\"><\/div> <div class=\"brlbs-cmpnt-cb-content\"> <p class=\"brlbs-cmpnt-cb-description\">Sie sehen gerade einen Platzhalterinhalt von <strong>Youtube<\/strong>. Um auf den eigentlichen Inhalt zuzugreifen, klicken Sie auf die Schaltfl\u00e4che unten. Bitte beachten Sie, dass dabei Daten an Drittanbieter weitergegeben werden.<\/p> <a class=\"brlbs-cmpnt-cb-provider-toggle\" href=\"#\" data-borlabs-cookie-show-provider-information role=\"button\">Mehr Informationen<\/a> <\/div> <div class=\"brlbs-cmpnt-cb-buttons\"> <a class=\"brlbs-cmpnt-cb-btn\" href=\"#\" data-borlabs-cookie-unblock role=\"button\">Inhalt entsperren<\/a> <a class=\"brlbs-cmpnt-cb-btn\" href=\"#\" data-borlabs-cookie-accept-service role=\"button\" style=\"display: inherit\">Erforderlichen Service akzeptieren und Inhalte entsperren<\/a> <\/div> <\/div> <\/div><\/div>[\/vc_column_text][\/vc_column][\/vc_row][vc_row][vc_column][vc_column_text]<\/p>\n<div id=\"overview\">\n<section class=\"elementor-section elementor-top-section elementor-element elementor-element-d1a5485 elementor-section-boxed elementor-section-height-default elementor-section-height-default\" data-id=\"d1a5485\" data-element_type=\"section\">\n<div class=\"elementor-container elementor-column-gap-default\">\n<div class=\"elementor-row\">\n<div class=\"elementor-column elementor-col-100 elementor-top-column elementor-element elementor-element-e811a83\" data-id=\"e811a83\" data-element_type=\"column\">\n<div class=\"elementor-column-wrap elementor-element-populated\">\n<div class=\"elementor-widget-wrap\">\n<div class=\"elementor-element elementor-element-d7d67a2 elementor-widget elementor-widget-text-editor\" data-id=\"d7d67a2\" data-element_type=\"widget\" data-widget_type=\"text-editor.default\">\n<div class=\"elementor-widget-container\">\n<div class=\"elementor-text-editor elementor-clearfix\">\n<h3>SOPAT has systems with:<\/h3>\n<ul>\n<li>\u00a0robust materials that fulfill the criteria for SIP (sterilization in place) and CIP (cleaning in place)<\/li>\n<li>flat, smooth surfaces that guarantee efficient sterilization<\/li>\n<li>a shape without edges or corners that enables simple cleaning and prevents the retention of gases or other mediums<\/li>\n<li>a casing suited to specialized, challenging production conditions (such as high pressure, high temperature, or aggressive and abrasive mediums)<\/li>\n<\/ul>\n<\/div>\n<\/div>\n<\/div>\n<\/div>\n<\/div>\n<\/div>\n<\/div>\n<\/div>\n<\/section>\n<\/div>\n<p>[\/vc_column_text][\/vc_column][\/vc_row][vc_row][vc_column][vc_tta_accordion style=&#8221;flat&#8221; c_icon=&#8221;triangle&#8221; active_section=&#8221;&#8221; collapsible_all=&#8221;true&#8221;][vc_tta_section title=&#8221;Probes&#8221; tab_id=&#8221;1604650206869-3b17140d-4ed8&#8243;][vc_column_text]We offer a wide portfolio of probes for your application. It is possible to measure particle sizes between 0.5 and 10,000 \u00b5m insitu with SOPAT probes, even under the most intense conditions.<\/p>\n<p>The SOPAT macroscope probe, InView, allows the observation of processes through a window for particle sizes between 10 and 50,000 \u00b5m.[\/vc_column_text][\/vc_tta_section][vc_tta_section title=&#8221;Software&#8221; tab_id=&#8221;1604650206899-957fa2fb-2255&#8243;][vc_column_text]In addition to accurate measurement tools, highly developed software is also necessary to correctly collect data and comprehensively prepare it. The SOPAT software is the key ingredient of your new SOPAT particle measurement system. With the integrated ProbeControl, you have a high performance tool to generate live pictures of your production process that can be archived if desired.<\/p>\n<p>The unique architecture of the picture analysis algorithm allows a flexible and automated evaluation of the gathered pictures. A connection to your Process Control system with the SOPAT monitor is ideal. With workflow cutomizationit automates all necessary steps from collection of pictures to the representation of the results of the analysis.[\/vc_column_text][\/vc_tta_section][vc_tta_section title=&#8221;Centralbox&#8221; tab_id=&#8221;1604650389733-d03a1bdb-a3c2&#8243;][vc_column_text]The central box is the interface between the probe and the evaluation computer for the particle analysis. It fulfills all of the demands of protection category IP65 (complete electric shock protection, dust protection, water protection from all directions).<\/p>\n<p>The maximum distance between the central box and the computer can be 70 meters, otherwise a repeater is required to increase the signal strength. The central box contains the stroboscope, which acts as a light source for the stick probes. For especially challenging conditions, the central box can also be contained with nitrogen or oxygen overpressure, aka the ATEX varient.[\/vc_column_text][\/vc_tta_section][vc_tta_section title=&#8221;Accessories&#8221; tab_id=&#8221;1604650391217-9b43a420-89e8&#8243;][vc_column_text]<\/p>\n<ul>\n<li>Cooling tube<\/li>\n<li>Tripod<\/li>\n<li>Transmission Lighting<\/li>\n<li>Reflection Module<\/li>\n<li>Process Connectors<\/li>\n<li>Micro-flow cell<\/li>\n<li>Calibration Standards<\/li>\n<\/ul>\n<p>[\/vc_column_text][\/vc_tta_section][vc_tta_section title=&#8221;ATEX&#8221; tab_id=&#8221;1604650395702-487f4c07-c9cb&#8221;][vc_column_text]In case of explosion hazards, our SOPAT particle measurement system is available in an ATEX variant that can preform particle size measurements under the hardest conditions. The successful ATEX certification in accordance to Appendix VII of the 2014\/34\/EU regulation enables the deployment under explosion hazards.[\/vc_column_text][\/vc_tta_section][\/vc_tta_accordion][\/vc_column][\/vc_row]<\/p>\n<template id=\"brlbs-cmpnt-cb-template-google-maps-event-on\">\n <div class=\"brlbs-cmpnt-container brlbs-cmpnt-content-blocker\" data-borlabs-cookie-content-blocker-id=\"google-maps-event-on\" data-borlabs-cookie-content=\"\" ><div class=\"brlbs-cmpnt-cb-preset-b brlbs-cmpnt-cb-google-maps-event-on\"> <div class=\"brlbs-cmpnt-cb-thumbnail\" style=\"background-image: url('https:\/\/www.prager-elektronik.at\/wp-content\/uploads\/borlabs-cookie\/1\/brlbs-cb-google-maps-main.png')\"><\/div> <div class=\"brlbs-cmpnt-cb-main\"> <div class=\"brlbs-cmpnt-cb-content\"> <p class=\"brlbs-cmpnt-cb-description\">Sie sehen gerade einen Platzhalterinhalt von <strong>Google Maps<\/strong>. Um auf den eigentlichen Inhalt zuzugreifen, klicken Sie auf die Schaltfl\u00e4che unten. Bitte beachten Sie, dass dabei Daten an Drittanbieter weitergegeben werden.<\/p> <a class=\"brlbs-cmpnt-cb-provider-toggle\" href=\"#\" data-borlabs-cookie-show-provider-information role=\"button\">Mehr Informationen<\/a> <\/div> <div class=\"brlbs-cmpnt-cb-buttons\"> <a class=\"brlbs-cmpnt-cb-btn\" href=\"#\" data-borlabs-cookie-unblock role=\"button\">Alle Inhalte entsperren<\/a> <a class=\"brlbs-cmpnt-cb-btn\" href=\"#\" data-borlabs-cookie-accept-service role=\"button\" style=\"display: inherit\">Erforderlichen Service akzeptieren und Inhalte entsperren<\/a> <\/div> <\/div> <\/div><\/div>\n<\/template>\n<script>\nif (typeof jQuery !== \"undefined\") {\n    jQuery.fn.evoGenmaps = opt => {\n        const template = document.querySelector(\"#brlbs-cmpnt-cb-template-google-maps-event-on\");\n        const divsToInsertBlocker = document.querySelectorAll('.evcal_gmaps, .evo_location_map');\n        for (const div of divsToInsertBlocker) {\n            if (!div.querySelector('.brlbs-cmpnt-content-blocker')) {\n                const blocked = template.content.cloneNode(true).querySelector('.brlbs-cmpnt-container');\n\n                div.appendChild(blocked);\n            }\n        }\n    };\n\n    if (typeof jQuery.fn.evo_load_gmap === 'undefined') {\n        jQuery.fn.evo_load_gmap = (opt) => { };\n    }\n}\n\n<\/script><template id=\"brlbs-cmpnt-cb-template-facebook-content-blocker\">\n <div class=\"brlbs-cmpnt-container brlbs-cmpnt-content-blocker\" data-borlabs-cookie-content-blocker-id=\"facebook-content-blocker\" data-borlabs-cookie-content=\"\" ><div class=\"brlbs-cmpnt-cb-preset-b brlbs-cmpnt-cb-facebook\"> <div class=\"brlbs-cmpnt-cb-thumbnail\" style=\"background-image: url('https:\/\/www.prager-elektronik.at\/wp-content\/uploads\/borlabs-cookie\/1\/cb-facebook-main.png')\"><\/div> <div class=\"brlbs-cmpnt-cb-main\"> <div class=\"brlbs-cmpnt-cb-content\"> <p class=\"brlbs-cmpnt-cb-description\">Sie sehen gerade einen Platzhalterinhalt von <strong>Facebook<\/strong>. Um auf den eigentlichen Inhalt zuzugreifen, klicken Sie auf die Schaltfl\u00e4che unten. Bitte beachten Sie, dass dabei Daten an Drittanbieter weitergegeben werden.<\/p> <a class=\"brlbs-cmpnt-cb-provider-toggle\" href=\"#\" data-borlabs-cookie-show-provider-information role=\"button\">Mehr Informationen<\/a> <\/div> <div class=\"brlbs-cmpnt-cb-buttons\"> <a class=\"brlbs-cmpnt-cb-btn\" href=\"#\" data-borlabs-cookie-unblock role=\"button\">Inhalt entsperren<\/a> <a class=\"brlbs-cmpnt-cb-btn\" href=\"#\" data-borlabs-cookie-accept-service role=\"button\" style=\"display: inherit\">Erforderlichen Service akzeptieren und Inhalte entsperren<\/a> <\/div> <\/div> <\/div><\/div>\n<\/template>\n<script>\n(function() {\n        const template = document.querySelector(\"#brlbs-cmpnt-cb-template-facebook-content-blocker\");\n        const divsToInsertBlocker = document.querySelectorAll('div.fb-video[data-href*=\"\/\/www.facebook.com\/\"], div.fb-post[data-href*=\"\/\/www.facebook.com\/\"]');\n        for (const div of divsToInsertBlocker) {\n            const blocked = template.content.cloneNode(true).querySelector('.brlbs-cmpnt-container');\n            blocked.dataset.borlabsCookieContent = btoa(div.outerHTML);\n            div.replaceWith(blocked);\n        }\n})()\n<\/script><\/div>","protected":false},"excerpt":{"rendered":"<p>[vc_row][vc_column width=&#8221;1\/2&#8243; css=&#8221;.vc_custom_1484828983369{margin-bottom: 25px !important;}&#8221;][vc_column_text]In almost all cases the quality of a product is dependent of the characteristics of the<\/p>\n","protected":false},"featured_media":4651,"comment_status":"closed","ping_status":"closed","template":"","meta":{"footnotes":""},"product_cat":[283,69],"product_tag":[471,469,467,456,459,466,455,315,465,458,462,464,463,470,457,461,460,468],"class_list":{"0":"post-4397","1":"product","2":"type-product","3":"status-publish","4":"has-post-thumbnail","6":"product_cat-inline-prozess","7":"product_cat-partikel","8":"product_tag-atex","9":"product_tag-cleaning-in-place-cip","10":"product_tag-echtzeit","11":"product_tag-groessenverteilung","12":"product_tag-particle-measurement-system","13":"product_tag-particle-size-range","14":"product_tag-particles","15":"product_tag-partikel","16":"product_tag-partikelgroessenbereich","17":"product_tag-partikelmesssystem","18":"product_tag-probe","19":"product_tag-process","20":"product_tag-prozess","21":"product_tag-prozessleitsystem-pls","22":"product_tag-size-distribution","23":"product_tag-sonde","24":"product_tag-sopat","25":"product_tag-sterilization-in-place-sip","27":"first","28":"instock","29":"shipping-taxable","30":"product-type-simple"},"yoast_head":"<!-- This site is optimized with the Yoast SEO plugin v21.9 - https:\/\/yoast.com\/wordpress\/plugins\/seo\/ -->\n<title>SOPAT - Prager Elektronik<\/title>\n<meta name=\"description\" content=\"Eine foto-optische und bildbasierte Inline-Partikelmesstechnik, welche die \u00dcberwachung der Partikelgr\u00f6\u00dfe und \u2013form direkt im Prozess erm\u00f6glicht.\" \/>\n<meta name=\"robots\" content=\"index, follow, max-snippet:-1, max-image-preview:large, max-video-preview:-1\" \/>\n<link rel=\"canonical\" href=\"https:\/\/www.prager-elektronik.at\/en\/produkte\/partikel\/inline-prozess\/sopat\/\" \/>\n<meta property=\"og:locale\" content=\"en_US\" \/>\n<meta property=\"og:type\" content=\"article\" \/>\n<meta property=\"og:title\" content=\"SOPAT - Prager Elektronik\" \/>\n<meta property=\"og:description\" content=\"Eine foto-optische und bildbasierte Inline-Partikelmesstechnik, welche die \u00dcberwachung der Partikelgr\u00f6\u00dfe und \u2013form direkt im Prozess erm\u00f6glicht.\" \/>\n<meta property=\"og:url\" content=\"https:\/\/www.prager-elektronik.at\/en\/produkte\/partikel\/inline-prozess\/sopat\/\" \/>\n<meta property=\"og:site_name\" content=\"Prager Elektronik\" \/>\n<meta property=\"article:modified_time\" content=\"2024-07-04T08:42:30+00:00\" \/>\n<meta property=\"og:image\" content=\"https:\/\/www.prager-elektronik.at\/wp-content\/uploads\/kategorie_sopat2-scaled.jpg\" \/>\n\t<meta property=\"og:image:width\" content=\"2048\" \/>\n\t<meta property=\"og:image:height\" content=\"1366\" \/>\n\t<meta property=\"og:image:type\" content=\"image\/jpeg\" \/>\n<meta name=\"twitter:card\" content=\"summary_large_image\" \/>\n<meta name=\"twitter:label1\" content=\"Est. reading time\" \/>\n\t<meta name=\"twitter:data1\" content=\"4 minutes\" \/>\n<script type=\"application\/ld+json\" class=\"yoast-schema-graph\">{\"@context\":\"https:\/\/schema.org\",\"@graph\":[{\"@type\":\"WebPage\",\"@id\":\"https:\/\/www.prager-elektronik.at\/en\/produkte\/partikel\/inline-prozess\/sopat\/\",\"url\":\"https:\/\/www.prager-elektronik.at\/en\/produkte\/partikel\/inline-prozess\/sopat\/\",\"name\":\"SOPAT - Prager Elektronik\",\"isPartOf\":{\"@id\":\"https:\/\/www.prager-elektronik.at\/en\/#website\"},\"datePublished\":\"2020-11-06T07:29:18+00:00\",\"dateModified\":\"2024-07-04T08:42:30+00:00\",\"description\":\"Eine foto-optische und bildbasierte Inline-Partikelmesstechnik, welche die \u00dcberwachung der Partikelgr\u00f6\u00dfe und \u2013form direkt im Prozess erm\u00f6glicht.\",\"breadcrumb\":{\"@id\":\"https:\/\/www.prager-elektronik.at\/en\/produkte\/partikel\/inline-prozess\/sopat\/#breadcrumb\"},\"inLanguage\":\"en-US\",\"potentialAction\":[{\"@type\":\"ReadAction\",\"target\":[[\"https:\/\/www.prager-elektronik.at\/en\/produkte\/partikel\/inline-prozess\/sopat\/\"]]}]},{\"@type\":\"BreadcrumbList\",\"@id\":\"https:\/\/www.prager-elektronik.at\/en\/produkte\/partikel\/inline-prozess\/sopat\/#breadcrumb\",\"itemListElement\":[{\"@type\":\"ListItem\",\"position\":1,\"name\":\"Startseite\",\"item\":\"https:\/\/www.prager-elektronik.at\/en\/\"},{\"@type\":\"ListItem\",\"position\":2,\"name\":\"Shop\",\"item\":\"https:\/\/www.prager-elektronik.at\/en\/shop\/\"},{\"@type\":\"ListItem\",\"position\":3,\"name\":\"SOPAT\"}]},{\"@type\":\"WebSite\",\"@id\":\"https:\/\/www.prager-elektronik.at\/en\/#website\",\"url\":\"https:\/\/www.prager-elektronik.at\/en\/\",\"name\":\"Prager Elektronik\",\"description\":\"Laboratory measurement technology for industry and research. Particle measurement technology, flow measurement technology, thermal analysis, materials testing and rheology\",\"potentialAction\":[{\"@type\":\"SearchAction\",\"target\":{\"@type\":\"EntryPoint\",\"urlTemplate\":\"https:\/\/www.prager-elektronik.at\/en\/?s={search_term_string}\"},\"query-input\":\"required name=search_term_string\"}],\"inLanguage\":\"en-US\"}]}<\/script>\n<!-- \/ Yoast SEO plugin. -->","yoast_head_json":{"title":"SOPAT - Prager Elektronik","description":"Eine foto-optische und bildbasierte Inline-Partikelmesstechnik, welche die \u00dcberwachung der Partikelgr\u00f6\u00dfe und \u2013form direkt im Prozess erm\u00f6glicht.","robots":{"index":"index","follow":"follow","max-snippet":"max-snippet:-1","max-image-preview":"max-image-preview:large","max-video-preview":"max-video-preview:-1"},"canonical":"https:\/\/www.prager-elektronik.at\/en\/produkte\/partikel\/inline-prozess\/sopat\/","og_locale":"en_US","og_type":"article","og_title":"SOPAT - Prager Elektronik","og_description":"Eine foto-optische und bildbasierte Inline-Partikelmesstechnik, welche die \u00dcberwachung der Partikelgr\u00f6\u00dfe und \u2013form direkt im Prozess erm\u00f6glicht.","og_url":"https:\/\/www.prager-elektronik.at\/en\/produkte\/partikel\/inline-prozess\/sopat\/","og_site_name":"Prager Elektronik","article_modified_time":"2024-07-04T08:42:30+00:00","og_image":[{"width":2048,"height":1366,"url":"https:\/\/www.prager-elektronik.at\/wp-content\/uploads\/kategorie_sopat2-scaled.jpg","type":"image\/jpeg"}],"twitter_card":"summary_large_image","twitter_misc":{"Est. reading time":"4 minutes"},"schema":{"@context":"https:\/\/schema.org","@graph":[{"@type":"WebPage","@id":"https:\/\/www.prager-elektronik.at\/en\/produkte\/partikel\/inline-prozess\/sopat\/","url":"https:\/\/www.prager-elektronik.at\/en\/produkte\/partikel\/inline-prozess\/sopat\/","name":"SOPAT - Prager Elektronik","isPartOf":{"@id":"https:\/\/www.prager-elektronik.at\/en\/#website"},"datePublished":"2020-11-06T07:29:18+00:00","dateModified":"2024-07-04T08:42:30+00:00","description":"Eine foto-optische und bildbasierte Inline-Partikelmesstechnik, welche die \u00dcberwachung der Partikelgr\u00f6\u00dfe und \u2013form direkt im Prozess erm\u00f6glicht.","breadcrumb":{"@id":"https:\/\/www.prager-elektronik.at\/en\/produkte\/partikel\/inline-prozess\/sopat\/#breadcrumb"},"inLanguage":"en-US","potentialAction":[{"@type":"ReadAction","target":[["https:\/\/www.prager-elektronik.at\/en\/produkte\/partikel\/inline-prozess\/sopat\/"]]}]},{"@type":"BreadcrumbList","@id":"https:\/\/www.prager-elektronik.at\/en\/produkte\/partikel\/inline-prozess\/sopat\/#breadcrumb","itemListElement":[{"@type":"ListItem","position":1,"name":"Startseite","item":"https:\/\/www.prager-elektronik.at\/en\/"},{"@type":"ListItem","position":2,"name":"Shop","item":"https:\/\/www.prager-elektronik.at\/en\/shop\/"},{"@type":"ListItem","position":3,"name":"SOPAT"}]},{"@type":"WebSite","@id":"https:\/\/www.prager-elektronik.at\/en\/#website","url":"https:\/\/www.prager-elektronik.at\/en\/","name":"Prager Elektronik","description":"Laboratory measurement technology for industry and research. Particle measurement technology, flow measurement technology, thermal analysis, materials testing and rheology","potentialAction":[{"@type":"SearchAction","target":{"@type":"EntryPoint","urlTemplate":"https:\/\/www.prager-elektronik.at\/en\/?s={search_term_string}"},"query-input":"required name=search_term_string"}],"inLanguage":"en-US"}]}},"_links":{"self":[{"href":"https:\/\/www.prager-elektronik.at\/en\/wp-json\/wp\/v2\/product\/4397","targetHints":{"allow":["GET"]}}],"collection":[{"href":"https:\/\/www.prager-elektronik.at\/en\/wp-json\/wp\/v2\/product"}],"about":[{"href":"https:\/\/www.prager-elektronik.at\/en\/wp-json\/wp\/v2\/types\/product"}],"replies":[{"embeddable":true,"href":"https:\/\/www.prager-elektronik.at\/en\/wp-json\/wp\/v2\/comments?post=4397"}],"version-history":[{"count":24,"href":"https:\/\/www.prager-elektronik.at\/en\/wp-json\/wp\/v2\/product\/4397\/revisions"}],"predecessor-version":[{"id":6302,"href":"https:\/\/www.prager-elektronik.at\/en\/wp-json\/wp\/v2\/product\/4397\/revisions\/6302"}],"wp:featuredmedia":[{"embeddable":true,"href":"https:\/\/www.prager-elektronik.at\/en\/wp-json\/wp\/v2\/media\/4651"}],"wp:attachment":[{"href":"https:\/\/www.prager-elektronik.at\/en\/wp-json\/wp\/v2\/media?parent=4397"}],"wp:term":[{"taxonomy":"product_cat","embeddable":true,"href":"https:\/\/www.prager-elektronik.at\/en\/wp-json\/wp\/v2\/product_cat?post=4397"},{"taxonomy":"product_tag","embeddable":true,"href":"https:\/\/www.prager-elektronik.at\/en\/wp-json\/wp\/v2\/product_tag?post=4397"}],"curies":[{"name":"wp","href":"https:\/\/api.w.org\/{rel}","templated":true}]}}