{"id":3553,"date":"2018-11-15T15:46:17","date_gmt":"2018-11-15T14:46:17","guid":{"rendered":"https:\/\/www.prager-elektronik.at\/?post_type=product&#038;p=3553"},"modified":"2024-07-04T10:38:00","modified_gmt":"2024-07-04T08:38:00","slug":"c-therm-tci-trident","status":"publish","type":"product","link":"https:\/\/www.prager-elektronik.at\/en\/produkte\/thermische-analyse\/thermische-analyse-thermische-analyse\/c-therm-tci-trident\/","title":{"rendered":"C-Therm TCi Trident"},"content":{"rendered":"<div class=\"wpb-content-wrapper\"><p>[vc_row][vc_column width=&#8221;1\/2&#8243; css=&#8221;.vc_custom_1484828983369{margin-bottom: 25px !important;}&#8221;]<div class=\"title-wrapper  basel-title-color-default basel-title-style-default basel-title-size-small text-left \"><div class=\"liner-continer\"> <span class=\"left-line\"><\/span> <h4 class=\"title\" >C-Therm TCi Trident<span class=\"title-separator\"><span><\/span><\/span><\/h4> <span class=\"right-line\"><\/span> <\/div><span class=\"title-after_title\">1 instrument, 4 methods for thermal conductivity<\/span><\/div>[vc_column_text]The third generation of C-Therm\u00b4s patented technology expands the capabilities of this rapid, non-destructive thermal conductivity and effusivity testing instrument to a whole new level. Designed to provide simple, highly accurate thermal characterization for lab, quality control and production environments, the C-Therm TCi Thermal Conductivity Analyzer requires no calibration or sample preparation.[\/vc_column_text][\/vc_column][vc_column width=&#8221;1\/2&#8243; css=&#8221;.vc_custom_1484828978370{margin-bottom: 25px !important;}&#8221;]<div class=\"title-wrapper  basel-title-color-default basel-title-style-default basel-title-size-small text-left \"><div class=\"liner-continer\"> <span class=\"left-line\"><\/span> <h4 class=\"title\" >Infos \/ Datasheet<span class=\"title-separator\"><span><\/span><\/span><\/h4> <span class=\"right-line\"><\/span> <\/div><\/div>[vc_column_text el_class=&#8221;responsive-table&#8221;]<\/p>\n<ul>\n<li class=\"pdf\"><a href=\"https:\/\/www.prager-elektronik.at\/wp-content\/uploads\/C-Therm-Trident-Brochure-2024.pdf\" target=\"_blank\" rel=\"noopener noreferrer\">Thermal Conductivity Trident Datasheet<\/a><\/li>\n<\/ul>\n<p> <div class=\"brlbs-cmpnt-container brlbs-cmpnt-content-blocker\" data-borlabs-cookie-content-blocker-id=\"youtube-content-blocker\" data-borlabs-cookie-content=\"PGlmcmFtZSBsb2FkaW5nPSJsYXp5IiBzcmM9Imh0dHBzOi8vd3d3LnlvdXR1YmUtbm9jb29raWUuY29tL2VtYmVkLzc4WXExRHVWZUM0P3JlbD0wIiB3aWR0aD0iMzUwIiBoZWlnaHQ9IjE5NiIgZnJhbWVib3JkZXI9IjAiIGFsbG93ZnVsbHNjcmVlbj0iYWxsb3dmdWxsc2NyZWVuIj48L2lmcmFtZT4=\" ><div class=\"brlbs-cmpnt-cb-preset-c brlbs-cmpnt-cb-youtube\"> <div class=\"brlbs-cmpnt-cb-thumbnail\" style=\"background-image: url('https:\/\/www.prager-elektronik.at\/wp-content\/uploads\/borlabs-cookie\/1\/yt_78Yq1DuVeC4_hqdefault.jpg')\"><\/div> <div class=\"brlbs-cmpnt-cb-main\"> <div class=\"brlbs-cmpnt-cb-play-button\"><\/div> <div class=\"brlbs-cmpnt-cb-content\"> <p class=\"brlbs-cmpnt-cb-description\">Sie sehen gerade einen Platzhalterinhalt von <strong>Youtube<\/strong>. Um auf den eigentlichen Inhalt zuzugreifen, klicken Sie auf die Schaltfl\u00e4che unten. Bitte beachten Sie, dass dabei Daten an Drittanbieter weitergegeben werden.<\/p> <a class=\"brlbs-cmpnt-cb-provider-toggle\" href=\"#\" data-borlabs-cookie-show-provider-information role=\"button\">Mehr Informationen<\/a> <\/div> <div class=\"brlbs-cmpnt-cb-buttons\"> <a class=\"brlbs-cmpnt-cb-btn\" href=\"#\" data-borlabs-cookie-unblock role=\"button\">Inhalt entsperren<\/a> <a class=\"brlbs-cmpnt-cb-btn\" href=\"#\" data-borlabs-cookie-accept-service role=\"button\" style=\"display: inherit\">Erforderlichen Service akzeptieren und Inhalte entsperren<\/a> <\/div> <\/div> <\/div><\/div>[\/vc_column_text][\/vc_column][\/vc_row][vc_row][vc_column][vc_column_text]The system has broad testing capabilities (0 to 500 W\/mK) across a wide range of temperatures (-50\u00b0C to 200\u00b0C). The TCi can be equipped with one or more sensors for increased capacity, and provides accurate thermal analysis of solids, liquids, powders and pastes in less time than any other instrument \u2013 less than 5 seconds. And because the procedure is non-destructive, samples remain intact, undisturbed and reusable after testing. The sensors offer users exceptional versatility in being able to operate in various environments, including thermal chambers, high pressure vessels and glove boxes.<\/p>\n<p>For further information, please refer to the technical data sheet.[\/vc_column_text][\/vc_column][\/vc_row]<\/p>\n<template id=\"brlbs-cmpnt-cb-template-google-maps-event-on\">\n <div class=\"brlbs-cmpnt-container brlbs-cmpnt-content-blocker\" data-borlabs-cookie-content-blocker-id=\"google-maps-event-on\" data-borlabs-cookie-content=\"\" ><div class=\"brlbs-cmpnt-cb-preset-b brlbs-cmpnt-cb-google-maps-event-on\"> <div class=\"brlbs-cmpnt-cb-thumbnail\" style=\"background-image: url('https:\/\/www.prager-elektronik.at\/wp-content\/uploads\/borlabs-cookie\/1\/brlbs-cb-google-maps-main.png')\"><\/div> <div class=\"brlbs-cmpnt-cb-main\"> <div class=\"brlbs-cmpnt-cb-content\"> <p class=\"brlbs-cmpnt-cb-description\">Sie sehen gerade einen Platzhalterinhalt von <strong>Google Maps<\/strong>. Um auf den eigentlichen Inhalt zuzugreifen, klicken Sie auf die Schaltfl\u00e4che unten. Bitte beachten Sie, dass dabei Daten an Drittanbieter weitergegeben werden.<\/p> <a class=\"brlbs-cmpnt-cb-provider-toggle\" href=\"#\" data-borlabs-cookie-show-provider-information role=\"button\">Mehr Informationen<\/a> <\/div> <div class=\"brlbs-cmpnt-cb-buttons\"> <a class=\"brlbs-cmpnt-cb-btn\" href=\"#\" data-borlabs-cookie-unblock role=\"button\">Alle Inhalte entsperren<\/a> <a class=\"brlbs-cmpnt-cb-btn\" href=\"#\" data-borlabs-cookie-accept-service role=\"button\" style=\"display: inherit\">Erforderlichen Service akzeptieren und Inhalte entsperren<\/a> <\/div> <\/div> <\/div><\/div>\n<\/template>\n<script>\nif (typeof jQuery !== \"undefined\") {\n    jQuery.fn.evoGenmaps = opt => {\n        const template = document.querySelector(\"#brlbs-cmpnt-cb-template-google-maps-event-on\");\n        const divsToInsertBlocker = document.querySelectorAll('.evcal_gmaps, .evo_location_map');\n        for (const div of divsToInsertBlocker) {\n            if (!div.querySelector('.brlbs-cmpnt-content-blocker')) {\n                const blocked = template.content.cloneNode(true).querySelector('.brlbs-cmpnt-container');\n\n                div.appendChild(blocked);\n            }\n        }\n    };\n\n    if (typeof jQuery.fn.evo_load_gmap === 'undefined') {\n        jQuery.fn.evo_load_gmap = (opt) => { };\n    }\n}\n\n<\/script><template id=\"brlbs-cmpnt-cb-template-facebook-content-blocker\">\n <div class=\"brlbs-cmpnt-container brlbs-cmpnt-content-blocker\" data-borlabs-cookie-content-blocker-id=\"facebook-content-blocker\" data-borlabs-cookie-content=\"\" ><div class=\"brlbs-cmpnt-cb-preset-b brlbs-cmpnt-cb-facebook\"> <div class=\"brlbs-cmpnt-cb-thumbnail\" style=\"background-image: url('https:\/\/www.prager-elektronik.at\/wp-content\/uploads\/borlabs-cookie\/1\/cb-facebook-main.png')\"><\/div> <div class=\"brlbs-cmpnt-cb-main\"> <div class=\"brlbs-cmpnt-cb-content\"> <p class=\"brlbs-cmpnt-cb-description\">Sie sehen gerade einen Platzhalterinhalt von <strong>Facebook<\/strong>. Um auf den eigentlichen Inhalt zuzugreifen, klicken Sie auf die Schaltfl\u00e4che unten. Bitte beachten Sie, dass dabei Daten an Drittanbieter weitergegeben werden.<\/p> <a class=\"brlbs-cmpnt-cb-provider-toggle\" href=\"#\" data-borlabs-cookie-show-provider-information role=\"button\">Mehr Informationen<\/a> <\/div> <div class=\"brlbs-cmpnt-cb-buttons\"> <a class=\"brlbs-cmpnt-cb-btn\" href=\"#\" data-borlabs-cookie-unblock role=\"button\">Inhalt entsperren<\/a> <a class=\"brlbs-cmpnt-cb-btn\" href=\"#\" data-borlabs-cookie-accept-service role=\"button\" style=\"display: inherit\">Erforderlichen Service akzeptieren und Inhalte entsperren<\/a> <\/div> <\/div> <\/div><\/div>\n<\/template>\n<script>\n(function() {\n        const template = document.querySelector(\"#brlbs-cmpnt-cb-template-facebook-content-blocker\");\n        const divsToInsertBlocker = document.querySelectorAll('div.fb-video[data-href*=\"\/\/www.facebook.com\/\"], div.fb-post[data-href*=\"\/\/www.facebook.com\/\"]');\n        for (const div of divsToInsertBlocker) {\n            const blocked = template.content.cloneNode(true).querySelector('.brlbs-cmpnt-container');\n            blocked.dataset.borlabsCookieContent = btoa(div.outerHTML);\n            div.replaceWith(blocked);\n        }\n})()\n<\/script><\/div>","protected":false},"excerpt":{"rendered":"<p>[vc_row][vc_column width=&#8221;1\/2&#8243; css=&#8221;.vc_custom_1484828983369{margin-bottom: 25px !important;}&#8221;][vc_column_text]The third generation of C-Therm\u00b4s patented technology expands the capabilities of this rapid, non-destructive thermal conductivity<\/p>\n","protected":false},"featured_media":6598,"comment_status":"closed","ping_status":"closed","template":"","meta":{"footnotes":""},"product_cat":[301,230,235,73,154],"product_tag":[451,450,326,327,447,449,448,446],"class_list":{"0":"post-3553","1":"product","2":"type-product","3":"status-publish","4":"has-post-thumbnail","6":"product_cat-thermische-analyse","7":"product_cat-thermische-analyse-p","8":"product_cat-waermeleitfaehigkeit-ausdehnungdilatometrie","9":"product_cat-thermische-analyse-thermische-analyse","10":"product_cat-waermeleitfaehigkeit-ausdehnung-dilatometrie","11":"product_tag-production-environments","12":"product_tag-produktion","13":"product_tag-qualitaetskontrolle","14":"product_tag-quality-control","15":"product_tag-thermal-conductivity","16":"product_tag-thermal-effusivity","17":"product_tag-waermedurchgangskoeffizient","18":"product_tag-waermeleitfaehigkeit","20":"first","21":"instock","22":"shipping-taxable","23":"product-type-simple"},"yoast_head":"<!-- This site is optimized with the Yoast SEO plugin v21.9 - https:\/\/yoast.com\/wordpress\/plugins\/seo\/ -->\n<title>C-Therm TCi Trident - Prager Elektronik<\/title>\n<meta name=\"description\" content=\"C-Therm\u00b4s Trident-System bietet drei verschiedene Betriebsmodi f\u00fcr die Messung der W\u00e4rmeleitf\u00e4higkeit von Materialien an.\" \/>\n<meta name=\"robots\" content=\"index, follow, max-snippet:-1, max-image-preview:large, max-video-preview:-1\" \/>\n<link rel=\"canonical\" href=\"https:\/\/www.prager-elektronik.at\/en\/produkte\/thermische-analyse\/thermische-analyse-thermische-analyse\/c-therm-tci-trident\/\" \/>\n<meta property=\"og:locale\" content=\"en_US\" \/>\n<meta property=\"og:type\" content=\"article\" \/>\n<meta property=\"og:title\" content=\"C-Therm TCi Trident - Prager Elektronik\" \/>\n<meta property=\"og:description\" content=\"C-Therm\u00b4s Trident-System bietet drei verschiedene Betriebsmodi f\u00fcr die Messung der W\u00e4rmeleitf\u00e4higkeit von Materialien an.\" \/>\n<meta property=\"og:url\" content=\"https:\/\/www.prager-elektronik.at\/en\/produkte\/thermische-analyse\/thermische-analyse-thermische-analyse\/c-therm-tci-trident\/\" \/>\n<meta property=\"og:site_name\" content=\"Prager Elektronik\" \/>\n<meta property=\"article:modified_time\" content=\"2024-07-04T08:38:00+00:00\" \/>\n<meta property=\"og:image\" content=\"https:\/\/www.prager-elektronik.at\/wp-content\/uploads\/TransparentTrident_350x250.png\" \/>\n\t<meta property=\"og:image:width\" content=\"350\" \/>\n\t<meta property=\"og:image:height\" content=\"250\" \/>\n\t<meta property=\"og:image:type\" content=\"image\/png\" \/>\n<meta name=\"twitter:card\" content=\"summary_large_image\" \/>\n<meta name=\"twitter:label1\" content=\"Est. reading time\" \/>\n\t<meta name=\"twitter:data1\" content=\"2 minutes\" \/>\n<script type=\"application\/ld+json\" class=\"yoast-schema-graph\">{\"@context\":\"https:\/\/schema.org\",\"@graph\":[{\"@type\":\"WebPage\",\"@id\":\"https:\/\/www.prager-elektronik.at\/en\/produkte\/thermische-analyse\/thermische-analyse-thermische-analyse\/c-therm-tci-trident\/\",\"url\":\"https:\/\/www.prager-elektronik.at\/en\/produkte\/thermische-analyse\/thermische-analyse-thermische-analyse\/c-therm-tci-trident\/\",\"name\":\"C-Therm TCi Trident - Prager Elektronik\",\"isPartOf\":{\"@id\":\"https:\/\/www.prager-elektronik.at\/en\/#website\"},\"datePublished\":\"2018-11-15T14:46:17+00:00\",\"dateModified\":\"2024-07-04T08:38:00+00:00\",\"description\":\"C-Therm\u00b4s Trident-System bietet drei verschiedene Betriebsmodi f\u00fcr die Messung der W\u00e4rmeleitf\u00e4higkeit von Materialien an.\",\"breadcrumb\":{\"@id\":\"https:\/\/www.prager-elektronik.at\/en\/produkte\/thermische-analyse\/thermische-analyse-thermische-analyse\/c-therm-tci-trident\/#breadcrumb\"},\"inLanguage\":\"en-US\",\"potentialAction\":[{\"@type\":\"ReadAction\",\"target\":[[\"https:\/\/www.prager-elektronik.at\/en\/produkte\/thermische-analyse\/thermische-analyse-thermische-analyse\/c-therm-tci-trident\/\"]]}]},{\"@type\":\"BreadcrumbList\",\"@id\":\"https:\/\/www.prager-elektronik.at\/en\/produkte\/thermische-analyse\/thermische-analyse-thermische-analyse\/c-therm-tci-trident\/#breadcrumb\",\"itemListElement\":[{\"@type\":\"ListItem\",\"position\":1,\"name\":\"Startseite\",\"item\":\"https:\/\/www.prager-elektronik.at\/en\/\"},{\"@type\":\"ListItem\",\"position\":2,\"name\":\"Shop\",\"item\":\"https:\/\/www.prager-elektronik.at\/en\/shop\/\"},{\"@type\":\"ListItem\",\"position\":3,\"name\":\"C-Therm TCi Trident\"}]},{\"@type\":\"WebSite\",\"@id\":\"https:\/\/www.prager-elektronik.at\/en\/#website\",\"url\":\"https:\/\/www.prager-elektronik.at\/en\/\",\"name\":\"Prager Elektronik\",\"description\":\"Laboratory measurement technology for industry and research. Particle measurement technology, flow measurement technology, thermal analysis, materials testing and rheology\",\"potentialAction\":[{\"@type\":\"SearchAction\",\"target\":{\"@type\":\"EntryPoint\",\"urlTemplate\":\"https:\/\/www.prager-elektronik.at\/en\/?s={search_term_string}\"},\"query-input\":\"required name=search_term_string\"}],\"inLanguage\":\"en-US\"}]}<\/script>\n<!-- \/ Yoast SEO plugin. -->","yoast_head_json":{"title":"C-Therm TCi Trident - Prager Elektronik","description":"C-Therm\u00b4s Trident-System bietet drei verschiedene Betriebsmodi f\u00fcr die Messung der W\u00e4rmeleitf\u00e4higkeit von Materialien an.","robots":{"index":"index","follow":"follow","max-snippet":"max-snippet:-1","max-image-preview":"max-image-preview:large","max-video-preview":"max-video-preview:-1"},"canonical":"https:\/\/www.prager-elektronik.at\/en\/produkte\/thermische-analyse\/thermische-analyse-thermische-analyse\/c-therm-tci-trident\/","og_locale":"en_US","og_type":"article","og_title":"C-Therm TCi Trident - Prager Elektronik","og_description":"C-Therm\u00b4s Trident-System bietet drei verschiedene Betriebsmodi f\u00fcr die Messung der W\u00e4rmeleitf\u00e4higkeit von Materialien an.","og_url":"https:\/\/www.prager-elektronik.at\/en\/produkte\/thermische-analyse\/thermische-analyse-thermische-analyse\/c-therm-tci-trident\/","og_site_name":"Prager Elektronik","article_modified_time":"2024-07-04T08:38:00+00:00","og_image":[{"width":350,"height":250,"url":"https:\/\/www.prager-elektronik.at\/wp-content\/uploads\/TransparentTrident_350x250.png","type":"image\/png"}],"twitter_card":"summary_large_image","twitter_misc":{"Est. reading time":"2 minutes"},"schema":{"@context":"https:\/\/schema.org","@graph":[{"@type":"WebPage","@id":"https:\/\/www.prager-elektronik.at\/en\/produkte\/thermische-analyse\/thermische-analyse-thermische-analyse\/c-therm-tci-trident\/","url":"https:\/\/www.prager-elektronik.at\/en\/produkte\/thermische-analyse\/thermische-analyse-thermische-analyse\/c-therm-tci-trident\/","name":"C-Therm TCi Trident - Prager Elektronik","isPartOf":{"@id":"https:\/\/www.prager-elektronik.at\/en\/#website"},"datePublished":"2018-11-15T14:46:17+00:00","dateModified":"2024-07-04T08:38:00+00:00","description":"C-Therm\u00b4s Trident-System bietet drei verschiedene Betriebsmodi f\u00fcr die Messung der W\u00e4rmeleitf\u00e4higkeit von Materialien an.","breadcrumb":{"@id":"https:\/\/www.prager-elektronik.at\/en\/produkte\/thermische-analyse\/thermische-analyse-thermische-analyse\/c-therm-tci-trident\/#breadcrumb"},"inLanguage":"en-US","potentialAction":[{"@type":"ReadAction","target":[["https:\/\/www.prager-elektronik.at\/en\/produkte\/thermische-analyse\/thermische-analyse-thermische-analyse\/c-therm-tci-trident\/"]]}]},{"@type":"BreadcrumbList","@id":"https:\/\/www.prager-elektronik.at\/en\/produkte\/thermische-analyse\/thermische-analyse-thermische-analyse\/c-therm-tci-trident\/#breadcrumb","itemListElement":[{"@type":"ListItem","position":1,"name":"Startseite","item":"https:\/\/www.prager-elektronik.at\/en\/"},{"@type":"ListItem","position":2,"name":"Shop","item":"https:\/\/www.prager-elektronik.at\/en\/shop\/"},{"@type":"ListItem","position":3,"name":"C-Therm TCi Trident"}]},{"@type":"WebSite","@id":"https:\/\/www.prager-elektronik.at\/en\/#website","url":"https:\/\/www.prager-elektronik.at\/en\/","name":"Prager Elektronik","description":"Laboratory measurement technology for industry and research. Particle measurement technology, flow measurement technology, thermal analysis, materials testing and rheology","potentialAction":[{"@type":"SearchAction","target":{"@type":"EntryPoint","urlTemplate":"https:\/\/www.prager-elektronik.at\/en\/?s={search_term_string}"},"query-input":"required name=search_term_string"}],"inLanguage":"en-US"}]}},"_links":{"self":[{"href":"https:\/\/www.prager-elektronik.at\/en\/wp-json\/wp\/v2\/product\/3553","targetHints":{"allow":["GET"]}}],"collection":[{"href":"https:\/\/www.prager-elektronik.at\/en\/wp-json\/wp\/v2\/product"}],"about":[{"href":"https:\/\/www.prager-elektronik.at\/en\/wp-json\/wp\/v2\/types\/product"}],"replies":[{"embeddable":true,"href":"https:\/\/www.prager-elektronik.at\/en\/wp-json\/wp\/v2\/comments?post=3553"}],"version-history":[{"count":8,"href":"https:\/\/www.prager-elektronik.at\/en\/wp-json\/wp\/v2\/product\/3553\/revisions"}],"predecessor-version":[{"id":6652,"href":"https:\/\/www.prager-elektronik.at\/en\/wp-json\/wp\/v2\/product\/3553\/revisions\/6652"}],"wp:featuredmedia":[{"embeddable":true,"href":"https:\/\/www.prager-elektronik.at\/en\/wp-json\/wp\/v2\/media\/6598"}],"wp:attachment":[{"href":"https:\/\/www.prager-elektronik.at\/en\/wp-json\/wp\/v2\/media?parent=3553"}],"wp:term":[{"taxonomy":"product_cat","embeddable":true,"href":"https:\/\/www.prager-elektronik.at\/en\/wp-json\/wp\/v2\/product_cat?post=3553"},{"taxonomy":"product_tag","embeddable":true,"href":"https:\/\/www.prager-elektronik.at\/en\/wp-json\/wp\/v2\/product_tag?post=3553"}],"curies":[{"name":"wp","href":"https:\/\/api.w.org\/{rel}","templated":true}]}}