{"id":3499,"date":"2018-06-12T16:21:26","date_gmt":"2018-06-12T14:21:26","guid":{"rendered":"https:\/\/www.prager-elektronik.at\/?post_type=product&#038;p=3499"},"modified":"2025-03-31T16:29:11","modified_gmt":"2025-03-31T14:29:11","slug":"malvern-zetasizer-ultra","status":"publish","type":"product","link":"https:\/\/www.prager-elektronik.at\/en\/produkte\/partikel\/partikelcharakterisierung\/nanopartikel\/zetasizer-advance-range\/malvern-zetasizer-ultra\/","title":{"rendered":"Zetasizer Ultra"},"content":{"rendered":"<div class=\"wpb-content-wrapper\"><p>[vc_row][vc_column width=&#8221;1\/2&#8243; css=&#8221;.vc_custom_1484828983369{margin-bottom: 25px !important;}&#8221;]<div class=\"title-wrapper  basel-title-color-default basel-title-style-default basel-title-size-small text-left \"><div class=\"liner-continer\"> <span class=\"left-line\"><\/span> <h4 class=\"title\" >Zetasizer Ultra<span class=\"title-separator\"><span><\/span><\/span><\/h4> <span class=\"right-line\"><\/span> <\/div><\/div>[vc_column_text]The new Zetasizer Ultra is our most advanced system for the measurement of particle and molecular size, particle charge and particle concentration, and represents the most flexible instrument in the<br \/>\nZetasizer Advance range.<br \/>\nOur flagship model enjoys all the benefits afforded by ZS Xplorer software, in terms of ease of use, analysis speed and data confidence, and also offers unique measurement capabilities like<br \/>\nMulti-Angle Dynamic Light Scattering (MADLS\u00ae) and in the Red Label version DLS Particle Concentration, to offer even greater insight into your samples.[\/vc_column_text][\/vc_column][vc_column width=&#8221;1\/2&#8243;]<div class=\"title-wrapper  basel-title-color-default basel-title-style-default basel-title-size-small text-left \"><div class=\"liner-continer\"> <span class=\"left-line\"><\/span> <h4 class=\"title\" >Infos \/ Datasheet<span class=\"title-separator\"><span><\/span><\/span><\/h4> <span class=\"right-line\"><\/span> <\/div><\/div>[vc_column_text]<\/p>\n<ul>\n<li class=\"pdf\"><a href=\"https:\/\/www.prager-elektronik.at\/wp-content\/uploads\/2018\/06\/katalog_partikel_partikelcharakterisierung_partikelgroe%C3%9Fe_dynamische-lichtstreuung_zetasizer-ultra-pro.pdf\" target=\"_blank\" rel=\"noopener noreferrer\">Zetasizer Advance Range Datasheet<\/a><\/li>\n<\/ul>\n<p> <div class=\"brlbs-cmpnt-container brlbs-cmpnt-content-blocker\" data-borlabs-cookie-content-blocker-id=\"youtube-content-blocker\" data-borlabs-cookie-content=\"PGlmcmFtZSBsb2FkaW5nPSJsYXp5IiBzcmM9Imh0dHBzOi8vd3d3LnlvdXR1YmUtbm9jb29raWUuY29tL2VtYmVkLzV3Z1NBZllud3NRP3JlbD0wIiB3aWR0aD0iMzUwIiBoZWlnaHQ9IjE5NiIgZnJhbWVib3JkZXI9IjAiIGFsbG93ZnVsbHNjcmVlbj0iYWxsb3dmdWxsc2NyZWVuIj48L2lmcmFtZT4=\" ><div class=\"brlbs-cmpnt-cb-preset-c brlbs-cmpnt-cb-youtube\"> <div class=\"brlbs-cmpnt-cb-thumbnail\" style=\"background-image: url('https:\/\/www.prager-elektronik.at\/wp-content\/uploads\/borlabs-cookie\/1\/yt_5wgSAfYnwsQ_hqdefault.jpg')\"><\/div> <div class=\"brlbs-cmpnt-cb-main\"> <div class=\"brlbs-cmpnt-cb-play-button\"><\/div> <div class=\"brlbs-cmpnt-cb-content\"> <p class=\"brlbs-cmpnt-cb-description\">Sie sehen gerade einen Platzhalterinhalt von <strong>Youtube<\/strong>. Um auf den eigentlichen Inhalt zuzugreifen, klicken Sie auf die Schaltfl\u00e4che unten. Bitte beachten Sie, dass dabei Daten an Drittanbieter weitergegeben werden.<\/p> <a class=\"brlbs-cmpnt-cb-provider-toggle\" href=\"#\" data-borlabs-cookie-show-provider-information role=\"button\">Mehr Informationen<\/a> <\/div> <div class=\"brlbs-cmpnt-cb-buttons\"> <a class=\"brlbs-cmpnt-cb-btn\" href=\"#\" data-borlabs-cookie-unblock role=\"button\">Inhalt entsperren<\/a> <a class=\"brlbs-cmpnt-cb-btn\" href=\"#\" data-borlabs-cookie-accept-service role=\"button\" style=\"display: inherit\">Erforderlichen Service akzeptieren und Inhalte entsperren<\/a> <\/div> <\/div> <\/div><\/div>[\/vc_column_text]<div class=\"basel-button-wrapper text-left\"><a href=\"https:\/\/www.prager-elektronik.at\/en\/zetasizer-messung\" title=\"Request for Zetasizer Measurement\" target=\"_blank\" class=\"btn btn-color-primary btn-style-default btn-size-small\">Request for Zetasizer Measurement<\/a><\/div>[\/vc_column][\/vc_row][vc_row][vc_column][vc_row_inner][vc_column_inner][vc_column_text][\/vc_column_text][\/vc_column_inner][\/vc_row_inner][vc_column_text]The Zetasizer Ultra is the world\u2019s most capable combined DLS and ELS particle analyzer, incorporating Non-Invasive Back Scatter (NIBS) and, uniquely, Multi-Angle Dynamic Light Scattering (MADLS) technology for the measurement of particle and molecular size. NIBS provides the versatility and sensitivity to measure the hydrodynamic diameter over a wide concentration range, while MADLS permits a higher resolution view into your sample\u2019s size distribution for those critical measurements.<\/p>\n<p>An extension to MADLS on the Zetasizer Ultra Red Label affords the ability to directly analyze particle concentration.<br \/>\nMADLS concentration measurement is a unique capability of the Zetasizer Ultra Red Label. It is suitable for a wide range of materials, requires no or little dilution, and is quick to use \u2013 all of which make it ideal as a screening technique.<br \/>\nThe DLS concentration measurement is used to determine the titer of viruses and virus-like particles (VLPs), concentration of extracellular vesicles, exosomes and nanoemulsions or to quantify aggregates in protein solutions or colloidal dispersions.<\/p>\n<p><strong>Key features of the Zetasizer Ultra include:<\/strong><\/p>\n<ul>\n<li>Multi-Angle Dynamic Light Scattering (MADLS) for absolute confidence in particle and molecular size distribution analysis<\/li>\n<li>Dynamic Light Scattering (DLS) &#8211; also known as Photon Correlation Spectroscopy (PCS) or Quasi-Elastic Light Scattering (QELS) &#8211; measures particle and molecule size, from below 1 nm to 10 \u00b5m<\/li>\n<li>Electrophoretic Light Scattering (ELS) measures the zeta potential, indicating colloidal stability of the sample and\/or propensity to aggregate<\/li>\n<li>This dispersion stability is a crucial factor in protein characterization and nanoparticle characterization and is essential for pharmaceutical formulation<\/li>\n<li>Non-Invasive Back Scatter (NIBS) optics for versatile, high sensitivity, particle and molecular size measurements.<\/li>\n<li>Simple and fast, per-peak concentration \/ titer measurements (Red Label only)<\/li>\n<li>Disposable capillary sizing cell provides the ultimate in non-destructive, low volume (down to 3 \u00b5L) analysis, with an upper size range that extends to 10 \u03bcm<\/li>\n<li>M3-PALS (Mixed-Mode Measurement &#8211; Phase Analysis Light Scattering) with Constant Current Mode for zeta potential and electrophoretic mobility measurements<\/li>\n<li>ZS Xplorer software suite for simple and flexible method set-up and data analysis<\/li>\n<li>Adaptive Correlation for faster, more reproducible sizing measurements with less sample preparation<\/li>\n<li>molecular weight of the sample can be estimated using Static Light Scattering (SLS)<\/li>\n<li>Deep Learning empowered data quality system for assessment of any size and zeta potential data quality issues, with clear advice on how to improve results<\/li>\n<li>Optical filter wheel with fluorescence filter to allow measurement of fluorescent samples without impairing overall system sensitivity.\u00a0 Also includes polarization filters for Dielectrophoretic Dynamic Light Scattering (DDLS) measurements<\/li>\n<li>The optional MPT-3 Autotitrator enables study of the effect of changes in pH on the stability of the sample system and determines the isoelectric point<\/li>\n<li>A range of disposable and reusable cells are available to optimize the measurement in terms of sample volume and concentration, including the new low volume disposable sizing cell kit, which offers the dual benefits of size measurements in as little as 3 \u00b5L, and extension to the upper size range of DLS measurements, due to the suppression of convection currents<\/li>\n<\/ul>\n<p>[\/vc_column_text][\/vc_column][\/vc_row]<\/p>\n<template id=\"brlbs-cmpnt-cb-template-google-maps-event-on\">\n <div class=\"brlbs-cmpnt-container brlbs-cmpnt-content-blocker\" data-borlabs-cookie-content-blocker-id=\"google-maps-event-on\" data-borlabs-cookie-content=\"\" ><div class=\"brlbs-cmpnt-cb-preset-b brlbs-cmpnt-cb-google-maps-event-on\"> <div class=\"brlbs-cmpnt-cb-thumbnail\" style=\"background-image: url('https:\/\/www.prager-elektronik.at\/wp-content\/uploads\/borlabs-cookie\/1\/brlbs-cb-google-maps-main.png')\"><\/div> <div class=\"brlbs-cmpnt-cb-main\"> <div class=\"brlbs-cmpnt-cb-content\"> <p class=\"brlbs-cmpnt-cb-description\">Sie sehen gerade einen Platzhalterinhalt von <strong>Google Maps<\/strong>. Um auf den eigentlichen Inhalt zuzugreifen, klicken Sie auf die Schaltfl\u00e4che unten. Bitte beachten Sie, dass dabei Daten an Drittanbieter weitergegeben werden.<\/p> <a class=\"brlbs-cmpnt-cb-provider-toggle\" href=\"#\" data-borlabs-cookie-show-provider-information role=\"button\">Mehr Informationen<\/a> <\/div> <div class=\"brlbs-cmpnt-cb-buttons\"> <a class=\"brlbs-cmpnt-cb-btn\" href=\"#\" data-borlabs-cookie-unblock role=\"button\">Alle Inhalte entsperren<\/a> <a class=\"brlbs-cmpnt-cb-btn\" href=\"#\" data-borlabs-cookie-accept-service role=\"button\" style=\"display: inherit\">Erforderlichen Service akzeptieren und Inhalte entsperren<\/a> <\/div> <\/div> <\/div><\/div>\n<\/template>\n<script>\nif (typeof jQuery !== \"undefined\") {\n    jQuery.fn.evoGenmaps = opt => {\n        const template = document.querySelector(\"#brlbs-cmpnt-cb-template-google-maps-event-on\");\n        const divsToInsertBlocker = document.querySelectorAll('.evcal_gmaps, .evo_location_map');\n        for (const div of divsToInsertBlocker) {\n            if (!div.querySelector('.brlbs-cmpnt-content-blocker')) {\n                const blocked = template.content.cloneNode(true).querySelector('.brlbs-cmpnt-container');\n\n                div.appendChild(blocked);\n            }\n        }\n    };\n\n    if (typeof jQuery.fn.evo_load_gmap === 'undefined') {\n        jQuery.fn.evo_load_gmap = (opt) => { };\n    }\n}\n\n<\/script><template id=\"brlbs-cmpnt-cb-template-facebook-content-blocker\">\n <div class=\"brlbs-cmpnt-container brlbs-cmpnt-content-blocker\" data-borlabs-cookie-content-blocker-id=\"facebook-content-blocker\" data-borlabs-cookie-content=\"\" ><div class=\"brlbs-cmpnt-cb-preset-b brlbs-cmpnt-cb-facebook\"> <div class=\"brlbs-cmpnt-cb-thumbnail\" style=\"background-image: url('https:\/\/www.prager-elektronik.at\/wp-content\/uploads\/borlabs-cookie\/1\/cb-facebook-main.png')\"><\/div> <div class=\"brlbs-cmpnt-cb-main\"> <div class=\"brlbs-cmpnt-cb-content\"> <p class=\"brlbs-cmpnt-cb-description\">Sie sehen gerade einen Platzhalterinhalt von <strong>Facebook<\/strong>. Um auf den eigentlichen Inhalt zuzugreifen, klicken Sie auf die Schaltfl\u00e4che unten. Bitte beachten Sie, dass dabei Daten an Drittanbieter weitergegeben werden.<\/p> <a class=\"brlbs-cmpnt-cb-provider-toggle\" href=\"#\" data-borlabs-cookie-show-provider-information role=\"button\">Mehr Informationen<\/a> <\/div> <div class=\"brlbs-cmpnt-cb-buttons\"> <a class=\"brlbs-cmpnt-cb-btn\" href=\"#\" data-borlabs-cookie-unblock role=\"button\">Inhalt entsperren<\/a> <a class=\"brlbs-cmpnt-cb-btn\" href=\"#\" data-borlabs-cookie-accept-service role=\"button\" style=\"display: inherit\">Erforderlichen Service akzeptieren und Inhalte entsperren<\/a> <\/div> <\/div> <\/div><\/div>\n<\/template>\n<script>\n(function() {\n        const template = document.querySelector(\"#brlbs-cmpnt-cb-template-facebook-content-blocker\");\n        const divsToInsertBlocker = document.querySelectorAll('div.fb-video[data-href*=\"\/\/www.facebook.com\/\"], div.fb-post[data-href*=\"\/\/www.facebook.com\/\"]');\n        for (const div of divsToInsertBlocker) {\n            const blocked = template.content.cloneNode(true).querySelector('.brlbs-cmpnt-container');\n            blocked.dataset.borlabsCookieContent = btoa(div.outerHTML);\n            div.replaceWith(blocked);\n        }\n})()\n<\/script><\/div>","protected":false},"excerpt":{"rendered":"<p>[vc_row][vc_column width=&#8221;1\/2&#8243; css=&#8221;.vc_custom_1484828983369{margin-bottom: 25px !important;}&#8221;][vc_column_text]The new Zetasizer Ultra is our most advanced system for the measurement of particle and molecular<\/p>\n","protected":false},"featured_media":3500,"comment_status":"closed","ping_status":"closed","template":"","meta":{"footnotes":""},"product_cat":[265,269,270,70,69,82,123,125,161,137,159],"product_tag":[653,654,662,643,641,659,661,658,660,625,624,623,637,612,613,610,611,609,648,647,456,622,621,620,619,615,614,642,640,616,639,617,596,598,597,595,638,646,666,652,656,651,634,632,633,593,600,602,594,476,315,316,317,321,599,601,313,628,645,644,618,627,626,665,650,649,631,630,629,636,635,655,606,604,603,605,608,607,664,663],"class_list":{"0":"post-3499","1":"product","2":"type-product","3":"status-publish","4":"has-post-thumbnail","6":"product_cat-zetasizer-advance-range","7":"product_cat-zetasizer-advanceserie-zetasizer","8":"product_cat-zetasizer-ultra-pro-zetasizer-polymere-harze","9":"product_cat-life-science","10":"product_cat-partikel","11":"product_cat-partikelcharakterisierung","12":"product_cat-partikelgroesse","13":"product_cat-dynamische-lichtstreuung","14":"product_cat-nanopartikel","15":"product_cat-zetapotential","16":"product_cat-polymere","17":"product_tag-aggregation","18":"product_tag-aggregationsneigung","19":"product_tag-autotitrator","20":"product_tag-colloid","21":"product_tag-colloidal-stability","22":"product_tag-dispersion-properties","23":"product_tag-dispersion-stability","24":"product_tag-dispersionseigenschaften","25":"product_tag-dispersionsstabilitaet","26":"product_tag-dls","27":"product_tag-dynamic-light-scattering","28":"product_tag-dynamische-lichtstreuung","29":"product_tag-dynamischen-mehrwinkellichtstreuung","30":"product_tag-electrophoretic-light-scattering","31":"product_tag-electrophoretic-mobility","32":"product_tag-elektrophoretische-lichtstreuung","33":"product_tag-elektrophoretische-mobilitaet","34":"product_tag-els","35":"product_tag-formulation-stability","36":"product_tag-formulierungsstabilitaet","37":"product_tag-groessenverteilung","38":"product_tag-hydrodynamic-diameter","39":"product_tag-hydrodynamic-radius","40":"product_tag-hydrodynamischer-durchmesser","41":"product_tag-hydrodynamischer-radius","42":"product_tag-isoelectric-point","43":"product_tag-isoelektrischer-punkt","44":"product_tag-kolloid","45":"product_tag-kolloidale-stabilitaet","46":"product_tag-m3-pals","47":"product_tag-madls","48":"product_tag-mixed-mode-measurement","49":"product_tag-molecular-size","50":"product_tag-molecular-weight","51":"product_tag-molekulargewicht","52":"product_tag-molekuelgroesse","53":"product_tag-multi-angle-dynamic-light-scattering","54":"product_tag-nanoemulsion","55":"product_tag-nanoparticle","56":"product_tag-nanoparticle-characterization","57":"product_tag-nanopartikel","58":"product_tag-nanopartikelcharakterisierung","59":"product_tag-nibs","60":"product_tag-nichtinvasive-rueckstreuung","61":"product_tag-non-invasive-back-scatter","62":"product_tag-particle-analyzer","63":"product_tag-particle-charge","64":"product_tag-particle-concentration","65":"product_tag-particle-size-analyzer","66":"product_tag-particle-size-distribution","67":"product_tag-partikel","68":"product_tag-partikelgroesse","69":"product_tag-partikelgroessenmessgeraet","70":"product_tag-partikelgroessenverteilung","71":"product_tag-partikelladung","72":"product_tag-partikellkonzentration","73":"product_tag-partikelmessgeraet","74":"product_tag-pcs","75":"product_tag-pharmaceutical-formulation","76":"product_tag-pharmazeutische-formulierung","77":"product_tag-phase-analysis-light-scattering","78":"product_tag-photon-correlation-spectroscopy","79":"product_tag-photonenkorrelationsspektroskopie","80":"product_tag-propensity-to-aggregate","81":"product_tag-protein-characterization","82":"product_tag-proteincharakterisierung","83":"product_tag-qels","84":"product_tag-quasi-elastic-light-scattering","85":"product_tag-quasielastische-lichtstreuung","86":"product_tag-static-light-scattering","87":"product_tag-statische-lichtstreuung","88":"product_tag-tendency-to-aggregate","89":"product_tag-titer-measurements","90":"product_tag-titerbestimmung","91":"product_tag-titermessung","92":"product_tag-viral-titer-measurement","93":"product_tag-zeta-potential","94":"product_tag-zetapotential","95":"product_tag-zetapotenzial","96":"product_tag-zetasizer","98":"first","99":"instock","100":"shipping-taxable","101":"product-type-simple"},"yoast_head":"<!-- This site is optimized with the Yoast SEO plugin v21.9 - https:\/\/yoast.com\/wordpress\/plugins\/seo\/ -->\n<title>Zetasizer Ultra - Prager Elektronik<\/title>\n<meta name=\"description\" content=\"DER original Zetasizer von Malvern Panalytical, seit Jahrzehnten das zuverl\u00e4ssigste Ger\u00e4t zur Bestimmung der Partikelgr\u00f6\u00dfe, des Zetapotentials und seit neuestem der Partikelkonzentration von Nanopartikeln, Proteinen, Liposomen, Nanoemulsionen und Viren als auch von Polymeren, Tinten, Slurries, Flockungs- und F\u00e4llungsmitteln sowie allgemein zur Charakterisierung von kolloidalen Systemen.\" \/>\n<meta name=\"robots\" content=\"index, follow, max-snippet:-1, max-image-preview:large, max-video-preview:-1\" \/>\n<link rel=\"canonical\" href=\"https:\/\/www.prager-elektronik.at\/en\/produkte\/partikel\/partikelcharakterisierung\/nanopartikel\/zetasizer-advance-range\/malvern-zetasizer-ultra\/\" \/>\n<meta property=\"og:locale\" content=\"en_US\" \/>\n<meta property=\"og:type\" content=\"article\" \/>\n<meta property=\"og:title\" content=\"Zetasizer Ultra - Prager Elektronik\" \/>\n<meta property=\"og:description\" content=\"DER original Zetasizer von Malvern Panalytical, seit Jahrzehnten das zuverl\u00e4ssigste Ger\u00e4t zur Bestimmung der Partikelgr\u00f6\u00dfe, des Zetapotentials und seit neuestem der Partikelkonzentration von Nanopartikeln, Proteinen, Liposomen, Nanoemulsionen und Viren als auch von Polymeren, Tinten, Slurries, Flockungs- und F\u00e4llungsmitteln sowie allgemein zur Charakterisierung von kolloidalen Systemen.\" \/>\n<meta property=\"og:url\" content=\"https:\/\/www.prager-elektronik.at\/en\/produkte\/partikel\/partikelcharakterisierung\/nanopartikel\/zetasizer-advance-range\/malvern-zetasizer-ultra\/\" \/>\n<meta property=\"og:site_name\" content=\"Prager Elektronik\" \/>\n<meta property=\"article:modified_time\" content=\"2025-03-31T14:29:11+00:00\" \/>\n<meta property=\"og:image\" content=\"https:\/\/www.prager-elektronik.at\/wp-content\/uploads\/2018\/06\/partikel_partikelcharakterisierung_partikelgroe\u00dfe_dynamische-lichtstreuung_zetasizer-ultra.jpg\" \/>\n\t<meta property=\"og:image:width\" content=\"350\" \/>\n\t<meta property=\"og:image:height\" content=\"250\" \/>\n\t<meta property=\"og:image:type\" content=\"image\/jpeg\" \/>\n<meta name=\"twitter:card\" content=\"summary_large_image\" \/>\n<meta name=\"twitter:label1\" content=\"Est. reading time\" \/>\n\t<meta name=\"twitter:data1\" content=\"4 minutes\" \/>\n<script type=\"application\/ld+json\" class=\"yoast-schema-graph\">{\"@context\":\"https:\/\/schema.org\",\"@graph\":[{\"@type\":\"WebPage\",\"@id\":\"https:\/\/www.prager-elektronik.at\/en\/produkte\/partikel\/partikelcharakterisierung\/nanopartikel\/zetasizer-advance-range\/malvern-zetasizer-ultra\/\",\"url\":\"https:\/\/www.prager-elektronik.at\/en\/produkte\/partikel\/partikelcharakterisierung\/nanopartikel\/zetasizer-advance-range\/malvern-zetasizer-ultra\/\",\"name\":\"Zetasizer Ultra - Prager Elektronik\",\"isPartOf\":{\"@id\":\"https:\/\/www.prager-elektronik.at\/en\/#website\"},\"datePublished\":\"2018-06-12T14:21:26+00:00\",\"dateModified\":\"2025-03-31T14:29:11+00:00\",\"description\":\"DER original Zetasizer von Malvern Panalytical, seit Jahrzehnten das zuverl\u00e4ssigste Ger\u00e4t zur Bestimmung der Partikelgr\u00f6\u00dfe, des Zetapotentials und seit neuestem der Partikelkonzentration von Nanopartikeln, Proteinen, Liposomen, Nanoemulsionen und Viren als auch von Polymeren, Tinten, Slurries, Flockungs- und F\u00e4llungsmitteln sowie allgemein zur Charakterisierung von kolloidalen Systemen.\",\"breadcrumb\":{\"@id\":\"https:\/\/www.prager-elektronik.at\/en\/produkte\/partikel\/partikelcharakterisierung\/nanopartikel\/zetasizer-advance-range\/malvern-zetasizer-ultra\/#breadcrumb\"},\"inLanguage\":\"en-US\",\"potentialAction\":[{\"@type\":\"ReadAction\",\"target\":[[\"https:\/\/www.prager-elektronik.at\/en\/produkte\/partikel\/partikelcharakterisierung\/nanopartikel\/zetasizer-advance-range\/malvern-zetasizer-ultra\/\"]]}]},{\"@type\":\"BreadcrumbList\",\"@id\":\"https:\/\/www.prager-elektronik.at\/en\/produkte\/partikel\/partikelcharakterisierung\/nanopartikel\/zetasizer-advance-range\/malvern-zetasizer-ultra\/#breadcrumb\",\"itemListElement\":[{\"@type\":\"ListItem\",\"position\":1,\"name\":\"Startseite\",\"item\":\"https:\/\/www.prager-elektronik.at\/en\/\"},{\"@type\":\"ListItem\",\"position\":2,\"name\":\"Shop\",\"item\":\"https:\/\/www.prager-elektronik.at\/en\/shop\/\"},{\"@type\":\"ListItem\",\"position\":3,\"name\":\"Zetasizer Ultra\"}]},{\"@type\":\"WebSite\",\"@id\":\"https:\/\/www.prager-elektronik.at\/en\/#website\",\"url\":\"https:\/\/www.prager-elektronik.at\/en\/\",\"name\":\"Prager Elektronik\",\"description\":\"Laboratory measurement technology for industry and research. Particle measurement technology, flow measurement technology, thermal analysis, materials testing and rheology\",\"potentialAction\":[{\"@type\":\"SearchAction\",\"target\":{\"@type\":\"EntryPoint\",\"urlTemplate\":\"https:\/\/www.prager-elektronik.at\/en\/?s={search_term_string}\"},\"query-input\":\"required name=search_term_string\"}],\"inLanguage\":\"en-US\"}]}<\/script>\n<!-- \/ Yoast SEO plugin. -->","yoast_head_json":{"title":"Zetasizer Ultra - Prager Elektronik","description":"DER original Zetasizer von Malvern Panalytical, seit Jahrzehnten das zuverl\u00e4ssigste Ger\u00e4t zur Bestimmung der Partikelgr\u00f6\u00dfe, des Zetapotentials und seit neuestem der Partikelkonzentration von Nanopartikeln, Proteinen, Liposomen, Nanoemulsionen und Viren als auch von Polymeren, Tinten, Slurries, Flockungs- und F\u00e4llungsmitteln sowie allgemein zur Charakterisierung von kolloidalen Systemen.","robots":{"index":"index","follow":"follow","max-snippet":"max-snippet:-1","max-image-preview":"max-image-preview:large","max-video-preview":"max-video-preview:-1"},"canonical":"https:\/\/www.prager-elektronik.at\/en\/produkte\/partikel\/partikelcharakterisierung\/nanopartikel\/zetasizer-advance-range\/malvern-zetasizer-ultra\/","og_locale":"en_US","og_type":"article","og_title":"Zetasizer Ultra - Prager Elektronik","og_description":"DER original Zetasizer von Malvern Panalytical, seit Jahrzehnten das zuverl\u00e4ssigste Ger\u00e4t zur Bestimmung der Partikelgr\u00f6\u00dfe, des Zetapotentials und seit neuestem der Partikelkonzentration von Nanopartikeln, Proteinen, Liposomen, Nanoemulsionen und Viren als auch von Polymeren, Tinten, Slurries, Flockungs- und F\u00e4llungsmitteln sowie allgemein zur Charakterisierung von kolloidalen Systemen.","og_url":"https:\/\/www.prager-elektronik.at\/en\/produkte\/partikel\/partikelcharakterisierung\/nanopartikel\/zetasizer-advance-range\/malvern-zetasizer-ultra\/","og_site_name":"Prager Elektronik","article_modified_time":"2025-03-31T14:29:11+00:00","og_image":[{"width":350,"height":250,"url":"https:\/\/www.prager-elektronik.at\/wp-content\/uploads\/2018\/06\/partikel_partikelcharakterisierung_partikelgroe\u00dfe_dynamische-lichtstreuung_zetasizer-ultra.jpg","type":"image\/jpeg"}],"twitter_card":"summary_large_image","twitter_misc":{"Est. reading time":"4 minutes"},"schema":{"@context":"https:\/\/schema.org","@graph":[{"@type":"WebPage","@id":"https:\/\/www.prager-elektronik.at\/en\/produkte\/partikel\/partikelcharakterisierung\/nanopartikel\/zetasizer-advance-range\/malvern-zetasizer-ultra\/","url":"https:\/\/www.prager-elektronik.at\/en\/produkte\/partikel\/partikelcharakterisierung\/nanopartikel\/zetasizer-advance-range\/malvern-zetasizer-ultra\/","name":"Zetasizer Ultra - Prager Elektronik","isPartOf":{"@id":"https:\/\/www.prager-elektronik.at\/en\/#website"},"datePublished":"2018-06-12T14:21:26+00:00","dateModified":"2025-03-31T14:29:11+00:00","description":"DER original Zetasizer von Malvern Panalytical, seit Jahrzehnten das zuverl\u00e4ssigste Ger\u00e4t zur Bestimmung der Partikelgr\u00f6\u00dfe, des Zetapotentials und seit neuestem der Partikelkonzentration von Nanopartikeln, Proteinen, Liposomen, Nanoemulsionen und Viren als auch von Polymeren, Tinten, Slurries, Flockungs- und F\u00e4llungsmitteln sowie allgemein zur Charakterisierung von kolloidalen Systemen.","breadcrumb":{"@id":"https:\/\/www.prager-elektronik.at\/en\/produkte\/partikel\/partikelcharakterisierung\/nanopartikel\/zetasizer-advance-range\/malvern-zetasizer-ultra\/#breadcrumb"},"inLanguage":"en-US","potentialAction":[{"@type":"ReadAction","target":[["https:\/\/www.prager-elektronik.at\/en\/produkte\/partikel\/partikelcharakterisierung\/nanopartikel\/zetasizer-advance-range\/malvern-zetasizer-ultra\/"]]}]},{"@type":"BreadcrumbList","@id":"https:\/\/www.prager-elektronik.at\/en\/produkte\/partikel\/partikelcharakterisierung\/nanopartikel\/zetasizer-advance-range\/malvern-zetasizer-ultra\/#breadcrumb","itemListElement":[{"@type":"ListItem","position":1,"name":"Startseite","item":"https:\/\/www.prager-elektronik.at\/en\/"},{"@type":"ListItem","position":2,"name":"Shop","item":"https:\/\/www.prager-elektronik.at\/en\/shop\/"},{"@type":"ListItem","position":3,"name":"Zetasizer Ultra"}]},{"@type":"WebSite","@id":"https:\/\/www.prager-elektronik.at\/en\/#website","url":"https:\/\/www.prager-elektronik.at\/en\/","name":"Prager Elektronik","description":"Laboratory measurement technology for industry and research. Particle measurement technology, flow measurement technology, thermal analysis, materials testing and rheology","potentialAction":[{"@type":"SearchAction","target":{"@type":"EntryPoint","urlTemplate":"https:\/\/www.prager-elektronik.at\/en\/?s={search_term_string}"},"query-input":"required name=search_term_string"}],"inLanguage":"en-US"}]}},"_links":{"self":[{"href":"https:\/\/www.prager-elektronik.at\/en\/wp-json\/wp\/v2\/product\/3499","targetHints":{"allow":["GET"]}}],"collection":[{"href":"https:\/\/www.prager-elektronik.at\/en\/wp-json\/wp\/v2\/product"}],"about":[{"href":"https:\/\/www.prager-elektronik.at\/en\/wp-json\/wp\/v2\/types\/product"}],"replies":[{"embeddable":true,"href":"https:\/\/www.prager-elektronik.at\/en\/wp-json\/wp\/v2\/comments?post=3499"}],"version-history":[{"count":23,"href":"https:\/\/www.prager-elektronik.at\/en\/wp-json\/wp\/v2\/product\/3499\/revisions"}],"predecessor-version":[{"id":8306,"href":"https:\/\/www.prager-elektronik.at\/en\/wp-json\/wp\/v2\/product\/3499\/revisions\/8306"}],"wp:featuredmedia":[{"embeddable":true,"href":"https:\/\/www.prager-elektronik.at\/en\/wp-json\/wp\/v2\/media\/3500"}],"wp:attachment":[{"href":"https:\/\/www.prager-elektronik.at\/en\/wp-json\/wp\/v2\/media?parent=3499"}],"wp:term":[{"taxonomy":"product_cat","embeddable":true,"href":"https:\/\/www.prager-elektronik.at\/en\/wp-json\/wp\/v2\/product_cat?post=3499"},{"taxonomy":"product_tag","embeddable":true,"href":"https:\/\/www.prager-elektronik.at\/en\/wp-json\/wp\/v2\/product_tag?post=3499"}],"curies":[{"name":"wp","href":"https:\/\/api.w.org\/{rel}","templated":true}]}}