{"id":5889,"date":"2023-09-27T14:22:34","date_gmt":"2023-09-27T12:22:34","guid":{"rendered":"https:\/\/www.prager-elektronik.at\/?page_id=5889"},"modified":"2023-09-27T15:13:10","modified_gmt":"2023-09-27T13:13:10","slug":"karriere","status":"publish","type":"page","link":"https:\/\/www.prager-elektronik.at\/en\/karriere\/","title":{"rendered":"Karriere"},"content":{"rendered":"<div class=\"wpb-content-wrapper\"><p>[vc_row full_width=&#8221;stretch_row&#8221; css=&#8221;.vc_custom_1451151413064{margin-bottom: -20px !important;border-bottom-width: 0px !important;border-bottom-color: #f4f4f4 !important;border-bottom-style: solid !important;}&#8221;][vc_column]<div class=\"title-wrapper  basel-title-color-default basel-title-style-default basel-title-size-default text-left vc_custom_1695817307370\"><div class=\"liner-continer\"> <span class=\"left-line\"><\/span> <h4 class=\"title\" ><strong>Hier geht\u00b4s zum Karrieresprung<\/strong><span class=\"title-separator\"><span><\/span><\/span><\/h4> <span class=\"right-line\"><\/span> <\/div><\/div>[vc_empty_space][vc_column_text]<\/p>\n<h3 style=\"text-align: center;\"><strong>Raus aus der Komfort-Zone<\/strong> und <strong>rein in eine attraktive Work-Life-Balance<\/strong><br \/>\nmit einem selbstorganisierten und stressfreien Arbeitstag als<\/h3>\n<p>[\/vc_column_text][\/vc_column][\/vc_row][vc_row][vc_column width=&#8221;1\/6&#8243;][\/vc_column][vc_column width=&#8221;2\/3&#8243;]<div class=\"title-wrapper  basel-title-color-gradient basel-title-style-default basel-title-size-default text-center vc_custom_1695820381091\"><div class=\"liner-continer\"> <span class=\"left-line\"><\/span> <h2 class=\"title\" style=\"background-image:-webkit-linear-gradient(left , rgb(60, 27, 59) 100% , rgb(47, 134, 83) 100%);background-image:linear-gradient(to right , rgb(60, 27, 59) 100% , rgb(47, 134, 83) 100%);;\"><strong>\u201eLabormesstechnische Service- &amp; Support Fachkraft\u201c<\/strong><span class=\"title-separator\"><span><\/span><\/span><\/h2> <span class=\"right-line\"><\/span> <\/div><\/div>[vc_column_text]<\/p>\n<h4 style=\"text-align: left;\">Ein perfekt aufeinander abgestimmtes Team ist der Garant f\u00fcr beste Ergebnisse und Qualit\u00e4t. Deshalb setzt <strong>Prager Elektronik seit mehr als 30 Jahren<\/strong> auf <strong>engagierte Mitarbeiter im Bereich der Labormesstechnik<\/strong> und <strong>pflegt einen kreativen Austausch<\/strong>, bei dem jeder seine F\u00e4higkeiten unbelastet von Hierarchien einbringen kann, f\u00fcr optimale L\u00f6sungen unserer Kunden. Zu dem Verantwortungsbereich z\u00e4hlt die Wartung, Zertifizierung und Reparatur von Messger\u00e4ten, Kundenschulungen und -unterst\u00fctzungen sowie die Durchf\u00fchrung von Messaufgaben.<\/h4>\n<p>[\/vc_column_text][vc_empty_space][vc_column_text]<\/p>\n<h4 style=\"text-align: left;\"><span style=\"color: #2f8653;\"><strong>Ihr motivierter, teamorientierter Einstieg bei uns beginnt mit<\/strong><\/span><\/h4>\n<p>[\/vc_column_text][vc_column_text]<\/p>\n<ul>\n<li>\n<h4>Abgeschlossener, technischer Berufsausbildung (HTL Fachschule oder h\u00f6her)<\/h4>\n<\/li>\n<li>\n<h4>Kenntnissen in Elektronik, Nachrichtentechnik, Medizintechnik, Chemie oder IT<\/h4>\n<\/li>\n<li>\n<h4>Englisch<\/h4>\n<\/li>\n<li>\n<h4>F\u00fchrerschein B<\/h4>\n<\/li>\n<li>\n<h4>Gutem, technischen Verst\u00e4ndnis<\/h4>\n<\/li>\n<li>\n<h4>Reisebereitschaft mit m\u00f6glicher flexibler Zeiteinteilung<\/h4>\n<\/li>\n<\/ul>\n<p>[\/vc_column_text][vc_empty_space][vc_column_text]<\/p>\n<h4><span style=\"color: #2f8653;\"><strong>Unserer Verantwortung f\u00fcr Ihre engagierte Leistung werden wir gerecht durch<\/strong><\/span><\/h4>\n<p>[\/vc_column_text][vc_column_text]<\/p>\n<ul>\n<li>\n<h4>Ausgezeichnetem Betriebsklima<\/h4>\n<\/li>\n<li>\n<h4>Gute Aus- und Weiterbildung<\/h4>\n<\/li>\n<li>\n<h4>Qualitativ hochwertige Produkte<\/h4>\n<\/li>\n<li>\n<h4>Entlohnung nach KV auf Vollzeit mit Bereitschaft zur \u00dcberzahlung<\/h4>\n<\/li>\n<li>\n<h4>Erfolgspr\u00e4mien &amp; Goodies (wie Notebook, Smartphone und Dienstwagen)<\/h4>\n<\/li>\n<\/ul>\n<p>[\/vc_column_text][vc_empty_space][vc_column_text]<\/p>\n<h4>Wir freuen uns auf Ihre Bewerbung (m\u00e4nnlich, weiblich, divers) per Mail an <a href=\"mailto:e.prager@prager-elektronik.at\"><strong>e.prager@prager-elektronik.at<\/strong><\/a><\/h4>\n<h4>Pers\u00f6nliche Vorstellung nach Termin bei<br \/>\n<strong>Prager Elektronik GmbH<br \/>\nTraunstr. 21<br \/>\n2120 Wolkersdorf<\/strong><\/h4>\n<p>[\/vc_column_text][\/vc_column][vc_column width=&#8221;1\/6&#8243;][\/vc_column][\/vc_row]<\/p>\n<template id=\"brlbs-cmpnt-cb-template-google-maps-event-on\">\n <div class=\"brlbs-cmpnt-container brlbs-cmpnt-content-blocker\" data-borlabs-cookie-content-blocker-id=\"google-maps-event-on\" data-borlabs-cookie-content=\"\" ><div class=\"brlbs-cmpnt-cb-preset-b brlbs-cmpnt-cb-google-maps-event-on\"> <div class=\"brlbs-cmpnt-cb-thumbnail\" style=\"background-image: url('https:\/\/www.prager-elektronik.at\/wp-content\/uploads\/borlabs-cookie\/1\/brlbs-cb-google-maps-main.png')\"><\/div> <div class=\"brlbs-cmpnt-cb-main\"> <div class=\"brlbs-cmpnt-cb-content\"> <p class=\"brlbs-cmpnt-cb-description\">Sie sehen gerade einen Platzhalterinhalt von <strong>Google Maps<\/strong>. Um auf den eigentlichen Inhalt zuzugreifen, klicken Sie auf die Schaltfl\u00e4che unten. Bitte beachten Sie, dass dabei Daten an Drittanbieter weitergegeben werden.<\/p> <a class=\"brlbs-cmpnt-cb-provider-toggle\" href=\"#\" data-borlabs-cookie-show-provider-information role=\"button\">Mehr Informationen<\/a> <\/div> <div class=\"brlbs-cmpnt-cb-buttons\"> <a class=\"brlbs-cmpnt-cb-btn\" href=\"#\" data-borlabs-cookie-unblock role=\"button\">Alle Inhalte entsperren<\/a> <a class=\"brlbs-cmpnt-cb-btn\" href=\"#\" data-borlabs-cookie-accept-service role=\"button\" style=\"display: inherit\">Erforderlichen Service akzeptieren und Inhalte entsperren<\/a> <\/div> <\/div> <\/div><\/div>\n<\/template>\n<script>\nif (typeof jQuery !== \"undefined\") {\n    jQuery.fn.evoGenmaps = opt => {\n        const template = document.querySelector(\"#brlbs-cmpnt-cb-template-google-maps-event-on\");\n        const divsToInsertBlocker = document.querySelectorAll('.evcal_gmaps, .evo_location_map');\n        for (const div of divsToInsertBlocker) {\n            if (!div.querySelector('.brlbs-cmpnt-content-blocker')) {\n                const blocked = template.content.cloneNode(true).querySelector('.brlbs-cmpnt-container');\n\n                div.appendChild(blocked);\n            }\n        }\n    };\n\n    if (typeof jQuery.fn.evo_load_gmap === 'undefined') {\n        jQuery.fn.evo_load_gmap = (opt) => { };\n    }\n}\n\n<\/script><template id=\"brlbs-cmpnt-cb-template-facebook-content-blocker\">\n <div class=\"brlbs-cmpnt-container brlbs-cmpnt-content-blocker\" data-borlabs-cookie-content-blocker-id=\"facebook-content-blocker\" data-borlabs-cookie-content=\"\" ><div class=\"brlbs-cmpnt-cb-preset-b brlbs-cmpnt-cb-facebook\"> <div class=\"brlbs-cmpnt-cb-thumbnail\" style=\"background-image: url('https:\/\/www.prager-elektronik.at\/wp-content\/uploads\/borlabs-cookie\/1\/cb-facebook-main.png')\"><\/div> <div class=\"brlbs-cmpnt-cb-main\"> <div class=\"brlbs-cmpnt-cb-content\"> <p class=\"brlbs-cmpnt-cb-description\">Sie sehen gerade einen Platzhalterinhalt von <strong>Facebook<\/strong>. Um auf den eigentlichen Inhalt zuzugreifen, klicken Sie auf die Schaltfl\u00e4che unten. Bitte beachten Sie, dass dabei Daten an Drittanbieter weitergegeben werden.<\/p> <a class=\"brlbs-cmpnt-cb-provider-toggle\" href=\"#\" data-borlabs-cookie-show-provider-information role=\"button\">Mehr Informationen<\/a> <\/div> <div class=\"brlbs-cmpnt-cb-buttons\"> <a class=\"brlbs-cmpnt-cb-btn\" href=\"#\" data-borlabs-cookie-unblock role=\"button\">Inhalt entsperren<\/a> <a class=\"brlbs-cmpnt-cb-btn\" href=\"#\" data-borlabs-cookie-accept-service role=\"button\" style=\"display: inherit\">Erforderlichen Service akzeptieren und Inhalte entsperren<\/a> <\/div> <\/div> <\/div><\/div>\n<\/template>\n<script>\n(function() {\n        const template = document.querySelector(\"#brlbs-cmpnt-cb-template-facebook-content-blocker\");\n        const divsToInsertBlocker = document.querySelectorAll('div.fb-video[data-href*=\"\/\/www.facebook.com\/\"], div.fb-post[data-href*=\"\/\/www.facebook.com\/\"]');\n        for (const div of divsToInsertBlocker) {\n            const blocked = template.content.cloneNode(true).querySelector('.brlbs-cmpnt-container');\n            blocked.dataset.borlabsCookieContent = btoa(div.outerHTML);\n            div.replaceWith(blocked);\n        }\n})()\n<\/script><\/div>","protected":false},"excerpt":{"rendered":"<p>[vc_row full_width=&#8221;stretch_row&#8221; css=&#8221;.vc_custom_1451151413064{margin-bottom: -20px !important;border-bottom-width: 0px !important;border-bottom-color: #f4f4f4 !important;border-bottom-style: solid !important;}&#8221;][vc_column][vc_empty_space][vc_column_text] Raus aus der Komfort-Zone und rein in eine attraktive<\/p>\n","protected":false},"author":1,"featured_media":0,"parent":0,"menu_order":0,"comment_status":"closed","ping_status":"closed","template":"","meta":{"footnotes":""},"class_list":["post-5889","page","type-page","status-publish","hentry"],"yoast_head":"<!-- This site is optimized with the Yoast SEO plugin v21.9 - https:\/\/yoast.com\/wordpress\/plugins\/seo\/ -->\n<title>Unternehmen - Ing. Prager Elektronik HandelsGmbH Wolkersdorf<\/title>\n<meta name=\"description\" content=\"Das Unternehmen Ing. Prager Elektronik HandelsGmbH in 2120 Wolkersdorf befasst sich seit 1993 mit dem Handel von Messger\u00e4ten und -systemen auf dem Sektor der Partikel- und Polymercharakterisierung, Rheologie und Str\u00f6mungsmesstechnik.\" \/>\n<meta name=\"robots\" content=\"index, follow, max-snippet:-1, max-image-preview:large, max-video-preview:-1\" \/>\n<link rel=\"canonical\" href=\"https:\/\/www.prager-elektronik.at\/en\/karriere\/\" \/>\n<meta property=\"og:locale\" content=\"en_US\" \/>\n<meta property=\"og:type\" content=\"article\" \/>\n<meta property=\"og:title\" content=\"Unternehmen - Ing. Prager Elektronik HandelsGmbH Wolkersdorf\" \/>\n<meta property=\"og:description\" content=\"Das Unternehmen Ing. Prager Elektronik HandelsGmbH in 2120 Wolkersdorf befasst sich seit 1993 mit dem Handel von Messger\u00e4ten und -systemen auf dem Sektor der Partikel- und Polymercharakterisierung, Rheologie und Str\u00f6mungsmesstechnik.\" \/>\n<meta property=\"og:url\" content=\"https:\/\/www.prager-elektronik.at\/en\/karriere\/\" \/>\n<meta property=\"og:site_name\" content=\"Prager Elektronik\" \/>\n<meta property=\"article:modified_time\" content=\"2023-09-27T13:13:10+00:00\" \/>\n<meta name=\"twitter:card\" content=\"summary_large_image\" \/>\n<meta name=\"twitter:label1\" content=\"Est. reading time\" \/>\n\t<meta name=\"twitter:data1\" content=\"2 minutes\" \/>\n<script type=\"application\/ld+json\" class=\"yoast-schema-graph\">{\"@context\":\"https:\/\/schema.org\",\"@graph\":[{\"@type\":\"WebPage\",\"@id\":\"https:\/\/www.prager-elektronik.at\/en\/karriere\/\",\"url\":\"https:\/\/www.prager-elektronik.at\/en\/karriere\/\",\"name\":\"Unternehmen - Ing. Prager Elektronik HandelsGmbH Wolkersdorf\",\"isPartOf\":{\"@id\":\"https:\/\/www.prager-elektronik.at\/en\/#website\"},\"datePublished\":\"2023-09-27T12:22:34+00:00\",\"dateModified\":\"2023-09-27T13:13:10+00:00\",\"description\":\"Das Unternehmen Ing. Prager Elektronik HandelsGmbH in 2120 Wolkersdorf befasst sich seit 1993 mit dem Handel von Messger\u00e4ten und -systemen auf dem Sektor der Partikel- und Polymercharakterisierung, Rheologie und Str\u00f6mungsmesstechnik.\",\"breadcrumb\":{\"@id\":\"https:\/\/www.prager-elektronik.at\/en\/karriere\/#breadcrumb\"},\"inLanguage\":\"en-US\",\"potentialAction\":[{\"@type\":\"ReadAction\",\"target\":[[\"https:\/\/www.prager-elektronik.at\/en\/karriere\/\"]]}]},{\"@type\":\"BreadcrumbList\",\"@id\":\"https:\/\/www.prager-elektronik.at\/en\/karriere\/#breadcrumb\",\"itemListElement\":[{\"@type\":\"ListItem\",\"position\":1,\"name\":\"Startseite\",\"item\":\"https:\/\/www.prager-elektronik.at\/en\/\"},{\"@type\":\"ListItem\",\"position\":2,\"name\":\"Karriere\"}]},{\"@type\":\"WebSite\",\"@id\":\"https:\/\/www.prager-elektronik.at\/en\/#website\",\"url\":\"https:\/\/www.prager-elektronik.at\/en\/\",\"name\":\"Prager Elektronik\",\"description\":\"Laboratory measurement technology for industry and research. Particle measurement technology, flow measurement technology, thermal analysis, materials testing and rheology\",\"potentialAction\":[{\"@type\":\"SearchAction\",\"target\":{\"@type\":\"EntryPoint\",\"urlTemplate\":\"https:\/\/www.prager-elektronik.at\/en\/?s={search_term_string}\"},\"query-input\":\"required name=search_term_string\"}],\"inLanguage\":\"en-US\"}]}<\/script>\n<!-- \/ Yoast SEO plugin. -->","yoast_head_json":{"title":"Unternehmen - Ing. Prager Elektronik HandelsGmbH Wolkersdorf","description":"Das Unternehmen Ing. Prager Elektronik HandelsGmbH in 2120 Wolkersdorf befasst sich seit 1993 mit dem Handel von Messger\u00e4ten und -systemen auf dem Sektor der Partikel- und Polymercharakterisierung, Rheologie und Str\u00f6mungsmesstechnik.","robots":{"index":"index","follow":"follow","max-snippet":"max-snippet:-1","max-image-preview":"max-image-preview:large","max-video-preview":"max-video-preview:-1"},"canonical":"https:\/\/www.prager-elektronik.at\/en\/karriere\/","og_locale":"en_US","og_type":"article","og_title":"Unternehmen - Ing. Prager Elektronik HandelsGmbH Wolkersdorf","og_description":"Das Unternehmen Ing. Prager Elektronik HandelsGmbH in 2120 Wolkersdorf befasst sich seit 1993 mit dem Handel von Messger\u00e4ten und -systemen auf dem Sektor der Partikel- und Polymercharakterisierung, Rheologie und Str\u00f6mungsmesstechnik.","og_url":"https:\/\/www.prager-elektronik.at\/en\/karriere\/","og_site_name":"Prager Elektronik","article_modified_time":"2023-09-27T13:13:10+00:00","twitter_card":"summary_large_image","twitter_misc":{"Est. reading time":"2 minutes"},"schema":{"@context":"https:\/\/schema.org","@graph":[{"@type":"WebPage","@id":"https:\/\/www.prager-elektronik.at\/en\/karriere\/","url":"https:\/\/www.prager-elektronik.at\/en\/karriere\/","name":"Unternehmen - Ing. Prager Elektronik HandelsGmbH Wolkersdorf","isPartOf":{"@id":"https:\/\/www.prager-elektronik.at\/en\/#website"},"datePublished":"2023-09-27T12:22:34+00:00","dateModified":"2023-09-27T13:13:10+00:00","description":"Das Unternehmen Ing. Prager Elektronik HandelsGmbH in 2120 Wolkersdorf befasst sich seit 1993 mit dem Handel von Messger\u00e4ten und -systemen auf dem Sektor der Partikel- und Polymercharakterisierung, Rheologie und Str\u00f6mungsmesstechnik.","breadcrumb":{"@id":"https:\/\/www.prager-elektronik.at\/en\/karriere\/#breadcrumb"},"inLanguage":"en-US","potentialAction":[{"@type":"ReadAction","target":[["https:\/\/www.prager-elektronik.at\/en\/karriere\/"]]}]},{"@type":"BreadcrumbList","@id":"https:\/\/www.prager-elektronik.at\/en\/karriere\/#breadcrumb","itemListElement":[{"@type":"ListItem","position":1,"name":"Startseite","item":"https:\/\/www.prager-elektronik.at\/en\/"},{"@type":"ListItem","position":2,"name":"Karriere"}]},{"@type":"WebSite","@id":"https:\/\/www.prager-elektronik.at\/en\/#website","url":"https:\/\/www.prager-elektronik.at\/en\/","name":"Prager Elektronik","description":"Laboratory measurement technology for industry and research. Particle measurement technology, flow measurement technology, thermal analysis, materials testing and rheology","potentialAction":[{"@type":"SearchAction","target":{"@type":"EntryPoint","urlTemplate":"https:\/\/www.prager-elektronik.at\/en\/?s={search_term_string}"},"query-input":"required name=search_term_string"}],"inLanguage":"en-US"}]}},"_links":{"self":[{"href":"https:\/\/www.prager-elektronik.at\/en\/wp-json\/wp\/v2\/pages\/5889","targetHints":{"allow":["GET"]}}],"collection":[{"href":"https:\/\/www.prager-elektronik.at\/en\/wp-json\/wp\/v2\/pages"}],"about":[{"href":"https:\/\/www.prager-elektronik.at\/en\/wp-json\/wp\/v2\/types\/page"}],"author":[{"embeddable":true,"href":"https:\/\/www.prager-elektronik.at\/en\/wp-json\/wp\/v2\/users\/1"}],"replies":[{"embeddable":true,"href":"https:\/\/www.prager-elektronik.at\/en\/wp-json\/wp\/v2\/comments?post=5889"}],"version-history":[{"count":24,"href":"https:\/\/www.prager-elektronik.at\/en\/wp-json\/wp\/v2\/pages\/5889\/revisions"}],"predecessor-version":[{"id":5917,"href":"https:\/\/www.prager-elektronik.at\/en\/wp-json\/wp\/v2\/pages\/5889\/revisions\/5917"}],"wp:attachment":[{"href":"https:\/\/www.prager-elektronik.at\/en\/wp-json\/wp\/v2\/media?parent=5889"}],"curies":[{"name":"wp","href":"https:\/\/api.w.org\/{rel}","templated":true}]}}