{"id":2859,"date":"2017-08-17T13:37:36","date_gmt":"2017-08-17T11:37:36","guid":{"rendered":"http:\/\/prager-elektronik.at.cloud3-vm432.de-nserver.de\/?page_id=2859"},"modified":"2024-01-24T13:15:47","modified_gmt":"2024-01-24T12:15:47","slug":"impressum","status":"publish","type":"page","link":"https:\/\/www.prager-elektronik.at\/en\/impressum\/","title":{"rendered":"Impressum"},"content":{"rendered":"<div class=\"wpb-content-wrapper\"><p>[vc_row full_width=&#8221;stretch_row&#8221; css=&#8221;.vc_custom_1451151413064{margin-bottom: -20px !important;border-bottom-width: 0px !important;border-bottom-color: #f4f4f4 !important;border-bottom-style: solid !important;}&#8221;][vc_column css=&#8221;.vc_custom_1502963044429{margin-bottom: 50px !important;}&#8221;][vc_tta_tabs style=&#8221;modern&#8221; active_section=&#8221;1&#8243;][vc_tta_section title=&#8221;Impressum&#8221; tab_id=&#8221;Impressum95b2-6c48&#8243;][vc_column_text]<\/p>\n<h4>F\u00fcr den Inhalt verantwortlich<\/h4>\n<p><strong>Ing. Prager Elektronik HandelsGmbH.<\/strong><\/p>\n<p>Traunstrasse 21<br \/>\nA &#8211; 2120 Wolkersdorf<br \/>\nTel: +43 2245 6725<br \/>\nFax: +43 2245 559 633<\/p>\n<p>Firmenbuchnummer: 52621i<br \/>\nFirmenbuchgericht: Landesgericht Korneuburg<br \/>\nFirmengegenstand: Handel mit elektronischen Messger\u00e4ten<br \/>\nUID: ATU 19057204<\/p>\n<p>Unsere Allgemeinen Gesch\u00e4ftsbedingungen finden Sie hier: <a href=\"\/wp-content\/uploads\/agb_prager-elektronik.pdf\" target=\"_blank\" rel=\"noopener\">AGB downloaden (.pdf)<\/a><\/p>\n<p>Online-Streitbeilegung gem\u00e4\u00df Art. 14 Abs. 1 ODR-VO: Die Europ\u00e4ische Kommission stellt eine Plattform zur Online-Streitbeilegung (OS) unter<br \/>\n<a href=\"https:\/\/ec.europa.eu\/consumers\/odr\/\" target=\"_blank\" rel=\"noopener\">https:\/\/ec.europa.eu\/consumers\/odr\/<\/a> bereit.<\/p>\n<p><strong><a href=\"https:\/\/firmen.wko.at\/ing-prager-elektronik-handelsgmbh\/nieder%c3%b6sterreich\/?firmaid=a1097a33-d27f-4d10-9f67-b71bf2e26913&amp;suchbegriff=52621i\" target=\"_blank\" rel=\"noopener\">Informationspflicht lt. ECG und Mediengesetz auf wko.at\u00a0<\/a> <\/strong><\/p>\n<h4>Haftungsausschluss<\/h4>\n<p>Trotz sorgf\u00e4ltiger inhaltlicher Kontrolle \u00fcbernehmen wir keine Haftung f\u00fcr die Inhalte externer Links. F\u00fcr den Inhalt der verlinkten Seiten sind ausschlie\u00dflich deren Betreiber verantwortlich.<\/p>\n<h4>Hinweis<\/h4>\n<p>Aus Gr\u00fcnden der Lesbarkeit wurde im Text gro\u00dfteils die m\u00e4nnliche Form gew\u00e4hlt, nichtsdestoweniger beziehen sich die Angaben auf Angeh\u00f6rige beider Geschlechter.<\/p>\n<h4>Fotonachweise<\/h4>\n<p>Quelle: www.bigstockphoto.com<br \/>\nFormat: Bildnummer, Copyright;<\/p>\n<p>#159050657, Hisoka; #88121168, phyZick; #17182880, Hisoka; #164897057, Lesik Vitaliy; #14079725, LeoART; #182012263, phyZick; #118567973, dolgachov; #138106445, dolgachov; #119861537, dolgachov; #151004813, andy0man; #122068400, dolgachov; #169469762, stockasso; #112190546, kadmy; #5482045, pressmaster; #149892269, Flynt; #128191109, Minerva Studio; #181865170, World Image; #157277759, l i g h t p o e t; #59730206, leaf; #194104273, l i g h t p o e t; #112889609, Khakimullin; #89389625, Wavebreak Media Ltd; #187903171, Zinkevych; #166884425, Morganka; #52836844, Wavebreak Media Ltd; #89388506, Wavebreak Media Ltd; #162775595, Mediaphotos; #105639206, Koltukov; #157220066, Yehor Lisnyi; #150754904, isabela66; #2300542437, Roman Samborskyi;<\/p>\n<h4>Copyright\/Haftungsausschluss<\/h4>\n<p>Inhalte (Bilder und Texte) dieser Website d\u00fcrfen ohne ausdr\u00fcckliche Zustimmung nicht f\u00fcr \u00fcber diese Website hinausgehende Zwecke verwendet werden.<br \/>\nIng. Prager Elektronik HandelsGmbH \u00fcbernimmt keine Haftung f\u00fcr Datenverlust oder andere technische Beeintr\u00e4chtigungen, die beim Betrachten oder Herunterladen von Daten dieser Website entstehen k\u00f6nnen.<\/p>\n<p>Links zu Websites Dritter werden ausschlie\u00dflich als Angebot f\u00fcr den Nutzer zur Verf\u00fcgung gestellt. Damit verbunden ist keine Billigung des Inhalts dieser Websites durch Ing. Prager Elektronik HandelsGmbH. Ing. Prager Elektronik HandelsGmbH ist f\u00fcr den Inhalt dieser Websites nicht verantwortlich und steht daher auch nicht f\u00fcr den Inhalt und die Genauigkeit der Informationen auf diesen Websites ein. Jeder Zugriff auf diese Websites erfolgt auf eigene Verantwortung des Nutzers.<\/p>\n<p>Irrt\u00fcmer und \u00c4nderungen vorbehalten.[\/vc_column_text][\/vc_tta_section][vc_tta_section title=&#8221;Datenschutz&#8221; tab_id=&#8221;Datenschutz95b2-6c48&#8243;][vc_column_text]Verantwortliche Stelle f\u00fcr die Datenverarbeitung ist die<\/p>\n<p><strong>Ing. Prager Elektronik HandelsGmbH.<\/strong><\/p>\n<p>Traunstrasse 21<br \/>\nA &#8211; 2120 Wolkersdorf<br \/>\nTel: +43 2245 6725<br \/>\nFax: +43 2245 559 633<\/p>\n<p>Weitere Einzelheiten zur verantwortlichen Stelle finden Sie im Impressum.<\/p>\n<p>Wir betreiben unsere Webaktivit\u00e4ten in \u00dcbereinstimmung mit den Gesetzen zum Datenschutz und zur Datensicherheit.<\/p>\n<span class=\"borlabs-cookie-open-dialog-preferences brlbs-cmpnt-container\" data-borlabs-cookie-title=\"Cookie Einstellungen anpassen\" data-borlabs-cookie-type=\"button\" ><\/span>\n<p>&nbsp;<\/p>\n<p><strong>Verwendung<\/strong><\/p>\n<p>Wir verwenden die von Ihnen mitgeteilten Daten zur Erf\u00fcllung und Abwicklung Ihrer Bestellung. Eine Weitergabe Ihrer Daten erfolgt an das mit der Lieferung beauftragte Versandunternehmen, soweit dies zur Lieferung der Waren notwendig ist (Name, Adresse, evtl. Telefonnummer zur Abstimmung von Lieferterminen). Zur Abwicklung von Zahlungen geben wir Ihre Zahlungsdaten ggf. an unsere Hausbank weiter. Eine Weitergabe Ihrer Daten an sonstige Dritte oder eine Nutzung zu Werbezwecken erfolgt nicht.<\/p>\n<p><strong>Sicherheit<\/strong><\/p>\n<p>Ihre personenbezogenen Daten werden verschl\u00fcsselt \u00fcbertragen. Wir sichern unsere Website und sonstigen Systeme durch technische und organisatorische Ma\u00dfnahmen gegen Verlust, Zerst\u00f6rung, Zugriff, Ver\u00e4nderung oder Verbreitung Ihrer Daten durch unbefugte Personen. Trotz regelm\u00e4\u00dfiger Kontrollen ist ein vollst\u00e4ndiger Schutz gegen alle Gefahren jedoch nicht m\u00f6glich.<\/p>\n<p><strong>Ausk\u00fcnfte<\/strong><\/p>\n<p>Sie haben ein Recht auf unentgeltliche Auskunft \u00fcber Ihre gespeicherten Daten sowie ggf. ein Recht auf Berichtigung, Sperrung oder L\u00f6schung dieser Daten. Bei Fragen zur Erhebung, Verarbeitung oder Nutzung Ihrer personenbezogenen Daten, bei Ausk\u00fcnften, Berichtigung, Sperrung oder L\u00f6schung von Daten wenden Sie sich bitte an: office@prager-elektronik.at oder senden Sie uns Ihr Verlangen per Post oder Fax.<\/p>\n<p><strong>Newsletter<\/strong><\/p>\n<p>Bei Anmeldung zum Newsletter werden Ihr Name und Ihre E-Mail-Adresse mit Ihrer Einwilligung f\u00fcr eigene Werbezwecke genutzt, bis Sie sich vom Newsletter abmelden.<\/p>\n<p><strong>Cookies<\/strong><\/p>\n<p>Unsere Website verwendet so genannte Cookies. Dabei handelt es sich um kleine Textdateien, die mit Hilfe des Browsers auf Ihrem Endger\u00e4t abgelegt werden. Sie richten keinen Schaden an.<br \/>\nWir nutzen Cookies dazu, unser Angebot nutzerfreundlich zu gestalten. Einige Cookies bleiben auf Ihrem Endger\u00e4t gespeichert, bis Sie diese l\u00f6schen. Sie erm\u00f6glichen es uns, Ihren Browser beim n\u00e4chsten Besuch wiederzuerkennen.<br \/>\nWenn Sie dies nicht w\u00fcnschen, so k\u00f6nnen Sie Ihren Browser so einrichten, dass er Sie \u00fcber das Setzen von Cookies informiert und Sie dies nur im Einzelfall erlauben.<br \/>\nBei der Deaktivierung von Cookies kann die Funktionalit\u00e4t unserer Website eingeschr\u00e4nkt sein.<\/p>\n<p><strong>Borlabs Cookie<\/strong><\/p>\n<p>Diese Website verwendet Borlabs Cookie, das ein technisch notwendiges Cookie (borlabs-cookie) setzt, um Ihre Cookie-Einwilligungen zu speichern.<br \/>\nBorlabs Cookie verarbeitet keinerlei personenbezogenen Daten.<br \/>\nIm Cookie borlabs-cookie werden Ihre Einwilligungen gespeichert, die Sie beim Betreten der Website gegeben haben. M\u00f6chten Sie diese Einwilligungen widerrufen, l\u00f6schen Sie einfach das Cookie in Ihrem Browser. Wenn Sie die Website neu betreten\/neu laden, werden Sie erneut nach Ihrer Cookie-Einwilligung gefragt.<\/p>\n<p><strong>Web-Analyse<\/strong><\/p>\n<p>Unsere Website verwendet Funktionen des Webanalysedienstes bei HostProfis ISP Telekom GmbH (Firmensitz \u00d6sterreich). Dazu werden Cookies verwendet, die eine Analyse der Benutzung der Website durch Ihre Benutzer erm\u00f6glicht. Die dadurch erzeugten Informationen werden auf den Server des Anbieters \u00fcbertragen und dort gespeichert.<br \/>\nSie k\u00f6nnen dies verhindern, indem Sie Ihren Browser so einrichten, dass keine Cookies gespeichert werden. Ihre IP-Adresse wird erfasst, aber umgehend durch L\u00f6schung der letzten 8 Bit pseudonymisiert. Dadurch ist nur mehr eine grobe Lokalisierung m\u00f6glich. Es werden keine Daten ins EU-Ausland \u00fcbertragen.<br \/>\nDie Datenverarbeitung erfolgt auf Basis der gesetzlichen Bestimmungen des \u00a7 96 Abs 3 TKG sowie des Art 6 Abs 1 lit a (Einwilligung) und\/oder f (berechtigtes Interesse) der DSGVO.<br \/>\nUnser Anliegen im Sinne der DSGVO (berechtigtes Interesse) ist die Verbesserung unseres Angebotes und unseres Webauftritts. Da uns die Privatsph\u00e4re unserer Nutzer wichtig ist, werden die Nutzerdaten pseudonymisiert.<br \/>\nDie Nutzerdaten werden f\u00fcr die Dauer von 1 Jahr aufbewahrt.<\/p>\n<p><strong>Google Maps Datenschutzerkl\u00e4rung<\/strong><\/p>\n<p>Wir verwenden Google Maps der Firma Google Inc. (1600 Amphitheatre Parkway Mountain View, CA 94043, USA) auf unserer Webseite.<br \/>\nDurch die Nutzung der Funktionen dieser Karte werden Daten an Google \u00fcbertragen. Welche Daten von Google erfasst werden und wof\u00fcr diese Daten verwendet werden, k\u00f6nnen Sie auf <a href=\"https:\/\/www.google.com\/intl\/de\/policies\/privacy\/\" target=\"_blank\" rel=\"noopener\">https:\/\/www.google.com\/intl\/de\/policies\/privacy\/<\/a> nachlesen.<\/p>\n<p><strong>Google Fonts Datenschutzerkl\u00e4rung<\/strong><\/p>\n<p>Wir verwenden Google Fonts der Firma Google Inc. (1600 Amphitheatre Parkway Mountain View, CA 94043, USA) auf unserer Webseite. Die Verwendung von Google Fonts erfolgt ohne Authentisierung und es werden keine Cookies and die Google Fonts API gesendet. Sollten Sie ein Konto bei Google haben, werden keine Ihrer Google-Kontodaten an Google w\u00e4hrend der Nutzung von Google Fonts \u00fcbermittelt. Google erfasst lediglich die Nutzung von CSS und der verwendeten Fonts und speichert diese Daten sicher. Mehr zu diesen und weiteren Fragen finden Sie auf <a href=\"https:\/\/developers.google.com\/fonts\/faq\" target=\"_blank\" rel=\"noopener\">https:\/\/developers.google.com\/fonts\/faq<\/a>.<br \/>\nWelche Daten von Google erfasst werden und wof\u00fcr diese Daten verwendet werden, k\u00f6nnen Sie auf <a href=\"https:\/\/www.google.com\/intl\/de\/policies\/privacy\/\" target=\"_blank\" rel=\"noopener\">https:\/\/www.google.com\/intl\/de\/policies\/privacy\/<\/a> nachlesen.<\/p>\n<p><strong>LinkedIn Datenschutzerkl\u00e4rung<\/strong><\/p>\n<p>Wir verwenden auf unserer Webseite Funktionen des Social Media Netzwerks LinkedIn der Firma LinkedIn Corporation, 2029 Stierlin Court, Mountain View, CA 94043, USA.<br \/>\nDurch den Aufruf von Seiten die solche Funktionen nutzen werden Daten (IP-Adresse, Browserdaten, Datum und Zeitpunkt, Cookies) an Pinterest \u00fcbermittelt, gespeichert und ausgewertet.<br \/>\nSollten Sie ein LinkedIn-Konto haben und angemeldet sein, werden diese Daten Ihrem pers\u00f6nlichen Konto und den darin gespeicherten Daten zugeordnet.<br \/>\nDie Datenschutzrichtlinien, welche Informationen LinkedIn sammelt und wie sie diese verwenden finden Sie auf <a href=\"https:\/\/www.linkedin.com\/legal\/privacy-policy\" target=\"_blank\" rel=\"noopener\">https:\/\/www.linkedin.com\/legal\/privacy-policy<\/a>.<\/p>\n<p><strong>Facebook Datenschutzerkl\u00e4rung<\/strong><\/p>\n<p>Wir verwenden auf dieser Webseite Funktionen von Facebook, einem Social Media Network der FIrma Facebook Ireland Ltd., 4 Grand Canal Square, Grand Canal Harbour, Dublin 2 Ireland.<br \/>\nWelche Funktionen (Soziale Plug-ins) Facebook bereitstellt, k\u00f6nnen Sie auf <a href=\"https:\/\/developers.facebook.com\/docs\/plugins\/\" target=\"_blank\" rel=\"noopener\">https:\/\/developers.facebook.com\/docs\/plugins\/<\/a> nachlesen.<br \/>\nDurch den Besuch unserer Webseite k\u00f6nnen Informationen an Facebook \u00fcbermittelt werden. Wenn Sie \u00fcber ein Facebook-Konto verf\u00fcgen, kann Facebook diese Daten Ihrem pers\u00f6nlichen Konto zuordnen. Sollten Sie das nicht w\u00fcnschen, melden Sie sich bitte von Facebook ab.<br \/>\nDie Datenschutzrichtlinien, welche Informationen Facebook sammelt und wie sie diese verwenden finden Sie auf <a href=\"https:\/\/www.facebook.com\/policy.php\" target=\"_blank\" rel=\"noopener\">https:\/\/www.facebook.com\/policy.php<\/a>.[\/vc_column_text][\/vc_tta_section][\/vc_tta_tabs][\/vc_column][\/vc_row]<\/p>\n<template id=\"brlbs-cmpnt-cb-template-google-maps-event-on\">\n <div class=\"brlbs-cmpnt-container brlbs-cmpnt-content-blocker\" data-borlabs-cookie-content-blocker-id=\"google-maps-event-on\" data-borlabs-cookie-content=\"\" ><div class=\"brlbs-cmpnt-cb-preset-b brlbs-cmpnt-cb-google-maps-event-on\"> <div class=\"brlbs-cmpnt-cb-thumbnail\" style=\"background-image: url('https:\/\/www.prager-elektronik.at\/wp-content\/uploads\/borlabs-cookie\/1\/brlbs-cb-google-maps-main.png')\"><\/div> <div class=\"brlbs-cmpnt-cb-main\"> <div class=\"brlbs-cmpnt-cb-content\"> <p class=\"brlbs-cmpnt-cb-description\">Sie sehen gerade einen Platzhalterinhalt von <strong>Google Maps<\/strong>. Um auf den eigentlichen Inhalt zuzugreifen, klicken Sie auf die Schaltfl\u00e4che unten. Bitte beachten Sie, dass dabei Daten an Drittanbieter weitergegeben werden.<\/p> <a class=\"brlbs-cmpnt-cb-provider-toggle\" href=\"#\" data-borlabs-cookie-show-provider-information role=\"button\">Mehr Informationen<\/a> <\/div> <div class=\"brlbs-cmpnt-cb-buttons\"> <a class=\"brlbs-cmpnt-cb-btn\" href=\"#\" data-borlabs-cookie-unblock role=\"button\">Alle Inhalte entsperren<\/a> <a class=\"brlbs-cmpnt-cb-btn\" href=\"#\" data-borlabs-cookie-accept-service role=\"button\" style=\"display: inherit\">Erforderlichen Service akzeptieren und Inhalte entsperren<\/a> <\/div> <\/div> <\/div><\/div>\n<\/template>\n<script>\nif (typeof jQuery !== \"undefined\") {\n    jQuery.fn.evoGenmaps = opt => {\n        const template = document.querySelector(\"#brlbs-cmpnt-cb-template-google-maps-event-on\");\n        const divsToInsertBlocker = document.querySelectorAll('.evcal_gmaps, .evo_location_map');\n        for (const div of divsToInsertBlocker) {\n            if (!div.querySelector('.brlbs-cmpnt-content-blocker')) {\n                const blocked = template.content.cloneNode(true).querySelector('.brlbs-cmpnt-container');\n\n                div.appendChild(blocked);\n            }\n        }\n    };\n\n    if (typeof jQuery.fn.evo_load_gmap === 'undefined') {\n        jQuery.fn.evo_load_gmap = (opt) => { };\n    }\n}\n\n<\/script><template id=\"brlbs-cmpnt-cb-template-facebook-content-blocker\">\n <div class=\"brlbs-cmpnt-container brlbs-cmpnt-content-blocker\" data-borlabs-cookie-content-blocker-id=\"facebook-content-blocker\" data-borlabs-cookie-content=\"\" ><div class=\"brlbs-cmpnt-cb-preset-b brlbs-cmpnt-cb-facebook\"> <div class=\"brlbs-cmpnt-cb-thumbnail\" style=\"background-image: url('https:\/\/www.prager-elektronik.at\/wp-content\/uploads\/borlabs-cookie\/1\/cb-facebook-main.png')\"><\/div> <div class=\"brlbs-cmpnt-cb-main\"> <div class=\"brlbs-cmpnt-cb-content\"> <p class=\"brlbs-cmpnt-cb-description\">Sie sehen gerade einen Platzhalterinhalt von <strong>Facebook<\/strong>. Um auf den eigentlichen Inhalt zuzugreifen, klicken Sie auf die Schaltfl\u00e4che unten. Bitte beachten Sie, dass dabei Daten an Drittanbieter weitergegeben werden.<\/p> <a class=\"brlbs-cmpnt-cb-provider-toggle\" href=\"#\" data-borlabs-cookie-show-provider-information role=\"button\">Mehr Informationen<\/a> <\/div> <div class=\"brlbs-cmpnt-cb-buttons\"> <a class=\"brlbs-cmpnt-cb-btn\" href=\"#\" data-borlabs-cookie-unblock role=\"button\">Inhalt entsperren<\/a> <a class=\"brlbs-cmpnt-cb-btn\" href=\"#\" data-borlabs-cookie-accept-service role=\"button\" style=\"display: inherit\">Erforderlichen Service akzeptieren und Inhalte entsperren<\/a> <\/div> <\/div> <\/div><\/div>\n<\/template>\n<script>\n(function() {\n        const template = document.querySelector(\"#brlbs-cmpnt-cb-template-facebook-content-blocker\");\n        const divsToInsertBlocker = document.querySelectorAll('div.fb-video[data-href*=\"\/\/www.facebook.com\/\"], div.fb-post[data-href*=\"\/\/www.facebook.com\/\"]');\n        for (const div of divsToInsertBlocker) {\n            const blocked = template.content.cloneNode(true).querySelector('.brlbs-cmpnt-container');\n            blocked.dataset.borlabsCookieContent = btoa(div.outerHTML);\n            div.replaceWith(blocked);\n        }\n})()\n<\/script><\/div>","protected":false},"excerpt":{"rendered":"<p>[vc_row full_width=&#8221;stretch_row&#8221; css=&#8221;.vc_custom_1451151413064{margin-bottom: -20px !important;border-bottom-width: 0px !important;border-bottom-color: #f4f4f4 !important;border-bottom-style: solid !important;}&#8221;][vc_column css=&#8221;.vc_custom_1502963044429{margin-bottom: 50px !important;}&#8221;][vc_tta_tabs style=&#8221;modern&#8221; active_section=&#8221;1&#8243;][vc_tta_section title=&#8221;Impressum&#8221; tab_id=&#8221;Impressum95b2-6c48&#8243;][vc_column_text] F\u00fcr den<\/p>\n","protected":false},"author":1,"featured_media":0,"parent":0,"menu_order":0,"comment_status":"closed","ping_status":"closed","template":"","meta":{"footnotes":""},"class_list":["post-2859","page","type-page","status-publish","hentry"],"yoast_head":"<!-- This site is optimized with the Yoast SEO plugin v21.9 - https:\/\/yoast.com\/wordpress\/plugins\/seo\/ -->\n<title>Impressum - Prager Elektronik<\/title>\n<meta name=\"robots\" content=\"index, follow, max-snippet:-1, max-image-preview:large, max-video-preview:-1\" \/>\n<link rel=\"canonical\" href=\"https:\/\/www.prager-elektronik.at\/en\/impressum\/\" \/>\n<meta property=\"og:locale\" content=\"en_US\" \/>\n<meta property=\"og:type\" content=\"article\" \/>\n<meta property=\"og:title\" content=\"Impressum - Prager Elektronik\" \/>\n<meta property=\"og:description\" content=\"[vc_row full_width=&#8221;stretch_row&#8221; css=&#8221;.vc_custom_1451151413064{margin-bottom: -20px !important;border-bottom-width: 0px !important;border-bottom-color: #f4f4f4 !important;border-bottom-style: solid !important;}&#8221;][vc_column css=&#8221;.vc_custom_1502963044429{margin-bottom: 50px !important;}&#8221;][vc_tta_tabs style=&#8221;modern&#8221; active_section=&#8221;1&#8243;][vc_tta_section title=&#8221;Impressum&#8221; tab_id=&#8221;Impressum95b2-6c48&#8243;][vc_column_text] F\u00fcr den\" \/>\n<meta property=\"og:url\" content=\"https:\/\/www.prager-elektronik.at\/en\/impressum\/\" \/>\n<meta property=\"og:site_name\" content=\"Prager Elektronik\" \/>\n<meta property=\"article:modified_time\" content=\"2024-01-24T12:15:47+00:00\" \/>\n<meta name=\"twitter:card\" content=\"summary_large_image\" \/>\n<meta name=\"twitter:label1\" content=\"Est. reading time\" \/>\n\t<meta name=\"twitter:data1\" content=\"7 minutes\" \/>\n<script type=\"application\/ld+json\" class=\"yoast-schema-graph\">{\"@context\":\"https:\/\/schema.org\",\"@graph\":[{\"@type\":\"WebPage\",\"@id\":\"https:\/\/www.prager-elektronik.at\/en\/impressum\/\",\"url\":\"https:\/\/www.prager-elektronik.at\/en\/impressum\/\",\"name\":\"Impressum - Prager Elektronik\",\"isPartOf\":{\"@id\":\"https:\/\/www.prager-elektronik.at\/en\/#website\"},\"datePublished\":\"2017-08-17T11:37:36+00:00\",\"dateModified\":\"2024-01-24T12:15:47+00:00\",\"breadcrumb\":{\"@id\":\"https:\/\/www.prager-elektronik.at\/en\/impressum\/#breadcrumb\"},\"inLanguage\":\"en-US\",\"potentialAction\":[{\"@type\":\"ReadAction\",\"target\":[[\"https:\/\/www.prager-elektronik.at\/en\/impressum\/\"]]}]},{\"@type\":\"BreadcrumbList\",\"@id\":\"https:\/\/www.prager-elektronik.at\/en\/impressum\/#breadcrumb\",\"itemListElement\":[{\"@type\":\"ListItem\",\"position\":1,\"name\":\"Startseite\",\"item\":\"https:\/\/www.prager-elektronik.at\/en\/\"},{\"@type\":\"ListItem\",\"position\":2,\"name\":\"Impressum\"}]},{\"@type\":\"WebSite\",\"@id\":\"https:\/\/www.prager-elektronik.at\/en\/#website\",\"url\":\"https:\/\/www.prager-elektronik.at\/en\/\",\"name\":\"Prager Elektronik\",\"description\":\"Laboratory measurement technology for industry and research. Particle measurement technology, flow measurement technology, thermal analysis, materials testing and rheology\",\"potentialAction\":[{\"@type\":\"SearchAction\",\"target\":{\"@type\":\"EntryPoint\",\"urlTemplate\":\"https:\/\/www.prager-elektronik.at\/en\/?s={search_term_string}\"},\"query-input\":\"required name=search_term_string\"}],\"inLanguage\":\"en-US\"}]}<\/script>\n<!-- \/ Yoast SEO plugin. -->","yoast_head_json":{"title":"Impressum - Prager Elektronik","robots":{"index":"index","follow":"follow","max-snippet":"max-snippet:-1","max-image-preview":"max-image-preview:large","max-video-preview":"max-video-preview:-1"},"canonical":"https:\/\/www.prager-elektronik.at\/en\/impressum\/","og_locale":"en_US","og_type":"article","og_title":"Impressum - Prager Elektronik","og_description":"[vc_row full_width=&#8221;stretch_row&#8221; css=&#8221;.vc_custom_1451151413064{margin-bottom: -20px !important;border-bottom-width: 0px !important;border-bottom-color: #f4f4f4 !important;border-bottom-style: solid !important;}&#8221;][vc_column css=&#8221;.vc_custom_1502963044429{margin-bottom: 50px !important;}&#8221;][vc_tta_tabs style=&#8221;modern&#8221; active_section=&#8221;1&#8243;][vc_tta_section title=&#8221;Impressum&#8221; tab_id=&#8221;Impressum95b2-6c48&#8243;][vc_column_text] F\u00fcr den","og_url":"https:\/\/www.prager-elektronik.at\/en\/impressum\/","og_site_name":"Prager Elektronik","article_modified_time":"2024-01-24T12:15:47+00:00","twitter_card":"summary_large_image","twitter_misc":{"Est. reading time":"7 minutes"},"schema":{"@context":"https:\/\/schema.org","@graph":[{"@type":"WebPage","@id":"https:\/\/www.prager-elektronik.at\/en\/impressum\/","url":"https:\/\/www.prager-elektronik.at\/en\/impressum\/","name":"Impressum - Prager Elektronik","isPartOf":{"@id":"https:\/\/www.prager-elektronik.at\/en\/#website"},"datePublished":"2017-08-17T11:37:36+00:00","dateModified":"2024-01-24T12:15:47+00:00","breadcrumb":{"@id":"https:\/\/www.prager-elektronik.at\/en\/impressum\/#breadcrumb"},"inLanguage":"en-US","potentialAction":[{"@type":"ReadAction","target":[["https:\/\/www.prager-elektronik.at\/en\/impressum\/"]]}]},{"@type":"BreadcrumbList","@id":"https:\/\/www.prager-elektronik.at\/en\/impressum\/#breadcrumb","itemListElement":[{"@type":"ListItem","position":1,"name":"Startseite","item":"https:\/\/www.prager-elektronik.at\/en\/"},{"@type":"ListItem","position":2,"name":"Impressum"}]},{"@type":"WebSite","@id":"https:\/\/www.prager-elektronik.at\/en\/#website","url":"https:\/\/www.prager-elektronik.at\/en\/","name":"Prager Elektronik","description":"Laboratory measurement technology for industry and research. Particle measurement technology, flow measurement technology, thermal analysis, materials testing and rheology","potentialAction":[{"@type":"SearchAction","target":{"@type":"EntryPoint","urlTemplate":"https:\/\/www.prager-elektronik.at\/en\/?s={search_term_string}"},"query-input":"required name=search_term_string"}],"inLanguage":"en-US"}]}},"_links":{"self":[{"href":"https:\/\/www.prager-elektronik.at\/en\/wp-json\/wp\/v2\/pages\/2859","targetHints":{"allow":["GET"]}}],"collection":[{"href":"https:\/\/www.prager-elektronik.at\/en\/wp-json\/wp\/v2\/pages"}],"about":[{"href":"https:\/\/www.prager-elektronik.at\/en\/wp-json\/wp\/v2\/types\/page"}],"author":[{"embeddable":true,"href":"https:\/\/www.prager-elektronik.at\/en\/wp-json\/wp\/v2\/users\/1"}],"replies":[{"embeddable":true,"href":"https:\/\/www.prager-elektronik.at\/en\/wp-json\/wp\/v2\/comments?post=2859"}],"version-history":[{"count":33,"href":"https:\/\/www.prager-elektronik.at\/en\/wp-json\/wp\/v2\/pages\/2859\/revisions"}],"predecessor-version":[{"id":5966,"href":"https:\/\/www.prager-elektronik.at\/en\/wp-json\/wp\/v2\/pages\/2859\/revisions\/5966"}],"wp:attachment":[{"href":"https:\/\/www.prager-elektronik.at\/en\/wp-json\/wp\/v2\/media?parent=2859"}],"curies":[{"name":"wp","href":"https:\/\/api.w.org\/{rel}","templated":true}]}}