{"id":1869,"date":"2017-06-21T14:53:37","date_gmt":"2017-06-21T12:53:37","guid":{"rendered":"http:\/\/prager-elektronik.at.cloud3-vm432.de-nserver.de\/?page_id=1869"},"modified":"2018-12-12T13:24:03","modified_gmt":"2018-12-12T12:24:03","slug":"unternehmen","status":"publish","type":"page","link":"https:\/\/www.prager-elektronik.at\/en\/unternehmen\/","title":{"rendered":"Company"},"content":{"rendered":"<div class=\"wpb-content-wrapper\"><p>[vc_row full_width=&#8221;stretch_row&#8221; css=&#8221;.vc_custom_1451151413064{margin-bottom: -20px !important;border-bottom-width: 0px !important;border-bottom-color: #f4f4f4 !important;border-bottom-style: solid !important;}&#8221;][vc_column]<div class=\"title-wrapper  basel-title-color-default basel-title-style-bordered basel-title-size-default text-left vc_custom_1513777078973\"><div class=\"liner-continer\"> <span class=\"left-line\"><\/span> <h4 class=\"title\" ><strong>About us<\/strong><span class=\"title-separator\"><span><\/span><\/span><\/h4> <span class=\"right-line\"><\/span> <\/div><\/div>[vc_column_text]<span id=\"result_box\" lang=\"en\">We are an innovative company with headquarter in Wolkersdorf im Weinviertel, 14 km north of Vienna. Founded in 1993, our activity mainly covers trading in measuring instruments and systems. We have set ourselves the task of covering the needs of our customers in all areas.<br \/>\nThrough our comprehensive customer service and individual conception, we will find the best solution for you. The installation and system integration is done by our highly trained staff, as well as any application consulting and ongoing support in all areas. All maintenance and service is provided at regular intervals, tailored to your equipment and the operation of your business.<\/span><\/p>\n<h4><span style=\"color: #2f8653;\"><strong>Support for Success<\/strong><\/span><\/h4>\n<p><span id=\"result_box\" lang=\"en\">We intend to further expand our primary market position, especially in particle and flow measurement technology.<br \/>\nThrough excellent products from market leading suppliers and our outstanding customer support &#8220;Quality and Support&#8221;, we want to increasingly promote and use the most efficient advertising &#8211; the recommendation from customers &#8211; in the future.<\/span>[\/vc_column_text][\/vc_column][\/vc_row][vc_row][vc_column]<div class=\"title-wrapper  basel-title-color-default basel-title-style-bordered basel-title-size-default text-left vc_custom_1518100891609\"><div class=\"liner-continer\"> <span class=\"left-line\"><\/span> <h4 class=\"title\" ><strong>In the words of our customers<\/strong><span class=\"title-separator\"><span><\/span><\/span><\/h4> <span class=\"right-line\"><\/span> <\/div><\/div>[vc_column_text css=&#8221;.vc_custom_1521186332165{margin-bottom: 40px !important;}&#8221;]<span id=\"result_box\" lang=\"en\">&#8220;When your company Ing. Prager Elektronik GmbH emerged as the winner of a large-scale equipment tender at Graz University of Technology 20 years ago and we bought a BSA laser Doppler, a flowlite and a phase Doppler anemometer from you, we had no idea that this The complete system will be used, expanded and supplemented by us so intensively until today.<\/span><\/p>\n<p>In the meantime, their company Ing. Prager Elektronik GmbH emerged in 2000 as the winner of the tender for a stereo PIV (FWF START program) and in 2008 for a high-speed PIV (hydraulic engineering, TU Graz). After having successfully carried out dozens of projects at five institutes of mechanical and process engineering &#8211; partly from FWF, partly from EU funds or directly financed by the industry &#8211; we know what it means to have bought excellent systems and excellent service.<\/p>\n<p>Sincerely, and many thanks for the decades of support for our research. &#8221;<\/p>\n<p><strong>&#8211; Ao.Univ.-Prof. Dipl.-Ing. Dr.techn. Jakob Woisetschl\u00e4ger, TU Graz<\/strong>[\/vc_column_text][vc_column_text css=&#8221;.vc_custom_1513775465953{margin-bottom: 40px !important;}&#8221;]&#8221;When working with &#8220;High Tech.&#8221; Equipment, it is important to have backup and assistance from the company supplying this equipment. I have always found Prager Electronic to be prompt, capable, helpful and friendly in providing this essential support.&#8221;<br \/>\n<strong>&#8211; Graham Pitcher, AVL List GmbH<\/strong>[\/vc_column_text][vc_column_text]&#8221;&#8230;Thank you for organizing this great event! We enjoyed the seminar very much and we were happy to attend it. If I only had attended such a seminar 5 years ago, it would have saved me a lot of trouble during my PhD time. The presentations were a valuable summary of hydrodynamic and calorimetric characterization techniques in theory and application, and we consider it very helpful for future research!&#8230;&#8221;<br \/>\n<strong>&#8211; Dr. rer nat Joscha Breibeck, Universit\u00e4tsassistent Institut f\u00fcr Biophysikalische Chemie<\/strong>[\/vc_column_text][vc_column_text]&#8221;Thanks to Prager Elektronik we can apply NanoSight Nanoparticle Tracking Analysis (NTA) within our Nan-O-Style project (<a href=\"https:\/\/www.uni-salzburg.at\/index.php?id=208252\" target=\"_blank\" rel=\"noopener\">www.uni-salzburg.at\/nan-o-style<\/a>) investigating accidental interactions of modern lifestyle products (MLPs) with nanomaterials (NMs) in every day products. This project combines academic research with education of nano-related topics such as nanotechnology, nanosafety, and nanomedicine for school students in Austria, Germany, Spain, and Israel. In practical courses school students will have the chance to apply their samples of self-proposed MLPs with NMs to NTA. Interacting pairs of MLPs with NMs will be further monitored for their biological effects during a scientific workup by nanoexperts at the University of Salzburg.<\/p>\n<p>We are very proud to have the chance of pursuing this interdisciplinary research project (funded by the Austrian Ministry of Education, Science and Research, BMBWF) and give the new generation the opportunity to conduct nano-related research using NTA.\u201d<br \/>\n<strong>&#8211; Prof. Martin Himly, Department of Biosciences, University of Salzburg.<\/strong>[\/vc_column_text][vc_column_text css=&#8221;.vc_custom_1513775452751{margin-bottom: 40px !important;}&#8221;]&#8221;Cemtec ist ein Unternehmen f\u00fcr weltweite Projekte der Zement-, Stein- und Erdindustrie sowie der Aufbereitungstechnik. Wir sind Hersteller von Rohrm\u00fchlen, haupts\u00e4chlich Kugelm\u00fchlen und Stabrohrm\u00fchlen, zum Mahlen unterschiedlicher Materialien und mineralischer Sch\u00fcttg\u00fcter, sowie rotierende Trommeln, Drehrohr\u00f6fen und Trockner, f\u00fcr thermische und mechanische Behandlungen unterschiedlichster Sch\u00fcttg\u00fcter.<\/p>\n<p>Zur Auslegung dieser Maschinen ist f\u00fcr uns die Produktkomponente einer der wichtigsten Kriterien. Die zu beprobende Produktpalette reicht von Zementklinker, Kalkstein, Dolomite, Anhydrit, Schlacke, Gips, verschiedenste Feldspate, Sande \u00fcber Tonerde, Kauster, Phosphat, Kaolin, Bauxit, Chromerz bis hin zu Eisenerz, Recyclingglas oder Goldprodukte. Dies war der Grund f\u00fcr uns ein Partikelmessger\u00e4t zu suchen, was nicht nur turnusm\u00e4\u00dfig eine Qualit\u00e4tssicherung durchf\u00fchrt, sondern dar\u00fcber hinaus zuverl\u00e4ssig und zu unserer Zufriedenheit dieses gro\u00dfe Produktspektrum abdeckt und wir in der Lage sind, all diese Produkte zu beproben.<\/p>\n<p>Nach intensiven Studium und einj\u00e4hrigen Recherchen haben wir unter einigen Anbietern von Partikelmessger\u00e4t 6 in die engere Auswahl genommen. Nach allen theoretischen und praktischen Pr\u00e4sentationen, sowie vorgegebenen und zu beprobenden Probematerialien haben wir uns f\u00fcr den Mastersizer 2000 (Malvern) von Prager Elektronik entschieden.<\/p>\n<p>Der Mastersizer 2000 ist ein geeignetes Messger\u00e4t sowohl f\u00fcr den Einsatz von stetigen Qualit\u00e4\u00e4tssicherungsprozessen als auch zur Beprobung verschiedenster Produkte. Er besitzt einen \u00fcbersichtlichen Programmaufbau, einfache Bedienungselemente und ist f\u00fcr uns durch seine schnelle Austauschbarkeit der Dispergierelemente von gro\u00dfem Wert. Vorteilhaft ist auch Reproduktion mittels SOP f\u00fcr andere Malvern-Anwender bez\u00fcglich unserer Kunden und f\u00fcr wissenschaftliche Arbeiten in unserem Hause. Der Mastersizer 2000 ist nunmehr seit ca. 1 Jahr (fast t\u00e4glich) bei uns im Einsatz und es wurden bis dato etwa 4500 Messungen durchgef\u00fchrt.<\/p>\n<p>Mit der Firma Prager Elektronik in Person des Herrn Ing. Engelbert Prager und des Herr Schwarzmann findet eine offene und enge Zusammenarbeit, sowie ein vertrauter gegenseitig akzeptierender Umgang miteinander statt. Auftretende Fragen oder Probleme wurden sofort bearbeitet, wof\u00fcr ich mich im Namen unserer Firma bedanke und auch weiterhin auf eine gute Zusammenarbeit hoffe.&#8221;<br \/>\n<strong>&#8211; J\u00fcrgen Glei\u00dfenberg, CEMTEC Cement and Mining Technology GmbH<\/strong>[\/vc_column_text][vc_column_text css=&#8221;.vc_custom_1544617438754{margin-bottom: 40px !important;}&#8221;]&#8221;&#8230; es ist mir ein Bed\u00fcrfnis meine Zufriedenheit mit der Betreuung durch Herrn Hrabal auszudr\u00fccken. Er ist p\u00fcnktlich, zuvorkommend, sehr kundenfreundlich (womit er ein wenig die Defizite von Setaram ausgleicht) und kompetent. Durch seinen grundlegenden technischen Sachverstand gelang es ihm offensichtlich in sehr kurzer Zeit Kunden zu beraten und Reparaturen an den Ger\u00e4ten von Setaram vorzunehmen.&#8221;<br \/>\n<strong>&#8211; ao.Univ.Prof. MMag.Dr. Hans Flandorfer, Universit\u00e4t Wien<\/strong>[\/vc_column_text][vc_column_text css=&#8221;.vc_custom_1544617351588{margin-bottom: 40px !important;}&#8221;]&#8221;&#8230; ich wollte mich nochmals herzlich bedanken f\u00fcr die gute Zusammenarbeit im Zusammenhang mit der Planung, Anschaffung, Installation und Schulung des Mastersizers 3500. Ihre Unterst\u00fctzung war immer verl\u00e4sslich, kompetent und freundlich, das wei\u00df ich sehr zu sch\u00e4tzen. Bis zum &#8220;n\u00e4chsten Mal&#8221; die besten Gr\u00fc\u00dfe&#8221;<br \/>\n<strong>&#8211; Clemens Geitner<\/strong>[\/vc_column_text][\/vc_column][\/vc_row]<\/p>\n<template id=\"brlbs-cmpnt-cb-template-google-maps-event-on\">\n <div class=\"brlbs-cmpnt-container brlbs-cmpnt-content-blocker\" data-borlabs-cookie-content-blocker-id=\"google-maps-event-on\" data-borlabs-cookie-content=\"\" ><div class=\"brlbs-cmpnt-cb-preset-b brlbs-cmpnt-cb-google-maps-event-on\"> <div class=\"brlbs-cmpnt-cb-thumbnail\" style=\"background-image: url('https:\/\/www.prager-elektronik.at\/wp-content\/uploads\/borlabs-cookie\/1\/brlbs-cb-google-maps-main.png')\"><\/div> <div class=\"brlbs-cmpnt-cb-main\"> <div class=\"brlbs-cmpnt-cb-content\"> <p class=\"brlbs-cmpnt-cb-description\">Sie sehen gerade einen Platzhalterinhalt von <strong>Google Maps<\/strong>. Um auf den eigentlichen Inhalt zuzugreifen, klicken Sie auf die Schaltfl\u00e4che unten. Bitte beachten Sie, dass dabei Daten an Drittanbieter weitergegeben werden.<\/p> <a class=\"brlbs-cmpnt-cb-provider-toggle\" href=\"#\" data-borlabs-cookie-show-provider-information role=\"button\">Mehr Informationen<\/a> <\/div> <div class=\"brlbs-cmpnt-cb-buttons\"> <a class=\"brlbs-cmpnt-cb-btn\" href=\"#\" data-borlabs-cookie-unblock role=\"button\">Alle Inhalte entsperren<\/a> <a class=\"brlbs-cmpnt-cb-btn\" href=\"#\" data-borlabs-cookie-accept-service role=\"button\" style=\"display: inherit\">Erforderlichen Service akzeptieren und Inhalte entsperren<\/a> <\/div> <\/div> <\/div><\/div>\n<\/template>\n<script>\nif (typeof jQuery !== \"undefined\") {\n    jQuery.fn.evoGenmaps = opt => {\n        const template = document.querySelector(\"#brlbs-cmpnt-cb-template-google-maps-event-on\");\n        const divsToInsertBlocker = document.querySelectorAll('.evcal_gmaps, .evo_location_map');\n        for (const div of divsToInsertBlocker) {\n            if (!div.querySelector('.brlbs-cmpnt-content-blocker')) {\n                const blocked = template.content.cloneNode(true).querySelector('.brlbs-cmpnt-container');\n\n                div.appendChild(blocked);\n            }\n        }\n    };\n\n    if (typeof jQuery.fn.evo_load_gmap === 'undefined') {\n        jQuery.fn.evo_load_gmap = (opt) => { };\n    }\n}\n\n<\/script><template id=\"brlbs-cmpnt-cb-template-facebook-content-blocker\">\n <div class=\"brlbs-cmpnt-container brlbs-cmpnt-content-blocker\" data-borlabs-cookie-content-blocker-id=\"facebook-content-blocker\" data-borlabs-cookie-content=\"\" ><div class=\"brlbs-cmpnt-cb-preset-b brlbs-cmpnt-cb-facebook\"> <div class=\"brlbs-cmpnt-cb-thumbnail\" style=\"background-image: url('https:\/\/www.prager-elektronik.at\/wp-content\/uploads\/borlabs-cookie\/1\/cb-facebook-main.png')\"><\/div> <div class=\"brlbs-cmpnt-cb-main\"> <div class=\"brlbs-cmpnt-cb-content\"> <p class=\"brlbs-cmpnt-cb-description\">Sie sehen gerade einen Platzhalterinhalt von <strong>Facebook<\/strong>. Um auf den eigentlichen Inhalt zuzugreifen, klicken Sie auf die Schaltfl\u00e4che unten. Bitte beachten Sie, dass dabei Daten an Drittanbieter weitergegeben werden.<\/p> <a class=\"brlbs-cmpnt-cb-provider-toggle\" href=\"#\" data-borlabs-cookie-show-provider-information role=\"button\">Mehr Informationen<\/a> <\/div> <div class=\"brlbs-cmpnt-cb-buttons\"> <a class=\"brlbs-cmpnt-cb-btn\" href=\"#\" data-borlabs-cookie-unblock role=\"button\">Inhalt entsperren<\/a> <a class=\"brlbs-cmpnt-cb-btn\" href=\"#\" data-borlabs-cookie-accept-service role=\"button\" style=\"display: inherit\">Erforderlichen Service akzeptieren und Inhalte entsperren<\/a> <\/div> <\/div> <\/div><\/div>\n<\/template>\n<script>\n(function() {\n        const template = document.querySelector(\"#brlbs-cmpnt-cb-template-facebook-content-blocker\");\n        const divsToInsertBlocker = document.querySelectorAll('div.fb-video[data-href*=\"\/\/www.facebook.com\/\"], div.fb-post[data-href*=\"\/\/www.facebook.com\/\"]');\n        for (const div of divsToInsertBlocker) {\n            const blocked = template.content.cloneNode(true).querySelector('.brlbs-cmpnt-container');\n            blocked.dataset.borlabsCookieContent = btoa(div.outerHTML);\n            div.replaceWith(blocked);\n        }\n})()\n<\/script><\/div>","protected":false},"excerpt":{"rendered":"<p>[vc_row full_width=&#8221;stretch_row&#8221; css=&#8221;.vc_custom_1451151413064{margin-bottom: -20px !important;border-bottom-width: 0px !important;border-bottom-color: #f4f4f4 !important;border-bottom-style: solid !important;}&#8221;][vc_column][vc_column_text]We are an innovative company with headquarter in Wolkersdorf im<\/p>\n","protected":false},"author":1,"featured_media":0,"parent":0,"menu_order":0,"comment_status":"closed","ping_status":"closed","template":"","meta":{"footnotes":""},"class_list":["post-1869","page","type-page","status-publish","hentry"],"yoast_head":"<!-- This site is optimized with the Yoast SEO plugin v21.9 - https:\/\/yoast.com\/wordpress\/plugins\/seo\/ -->\n<title>Unternehmen - Ing. Prager Elektronik HandelsGmbH Wolkersdorf<\/title>\n<meta name=\"description\" content=\"Das Unternehmen Ing. Prager Elektronik HandelsGmbH in 2120 Wolkersdorf befasst sich seit 1993 mit dem Handel von Messger\u00e4ten und -systemen auf dem Sektor der Partikel- und Polymercharakterisierung, Rheologie und Str\u00f6mungsmesstechnik.\" \/>\n<meta name=\"robots\" content=\"index, follow, max-snippet:-1, max-image-preview:large, max-video-preview:-1\" \/>\n<link rel=\"canonical\" href=\"https:\/\/www.prager-elektronik.at\/en\/unternehmen\/\" \/>\n<meta property=\"og:locale\" content=\"en_US\" \/>\n<meta property=\"og:type\" content=\"article\" \/>\n<meta property=\"og:title\" content=\"Unternehmen - Ing. Prager Elektronik HandelsGmbH Wolkersdorf\" \/>\n<meta property=\"og:description\" content=\"Das Unternehmen Ing. Prager Elektronik HandelsGmbH in 2120 Wolkersdorf befasst sich seit 1993 mit dem Handel von Messger\u00e4ten und -systemen auf dem Sektor der Partikel- und Polymercharakterisierung, Rheologie und Str\u00f6mungsmesstechnik.\" \/>\n<meta property=\"og:url\" content=\"https:\/\/www.prager-elektronik.at\/en\/unternehmen\/\" \/>\n<meta property=\"og:site_name\" content=\"Prager Elektronik\" \/>\n<meta property=\"article:modified_time\" content=\"2018-12-12T12:24:03+00:00\" \/>\n<meta name=\"twitter:card\" content=\"summary_large_image\" \/>\n<meta name=\"twitter:label1\" content=\"Est. reading time\" \/>\n\t<meta name=\"twitter:data1\" content=\"6 minutes\" \/>\n<script type=\"application\/ld+json\" class=\"yoast-schema-graph\">{\"@context\":\"https:\/\/schema.org\",\"@graph\":[{\"@type\":\"WebPage\",\"@id\":\"https:\/\/www.prager-elektronik.at\/en\/unternehmen\/\",\"url\":\"https:\/\/www.prager-elektronik.at\/en\/unternehmen\/\",\"name\":\"Unternehmen - Ing. Prager Elektronik HandelsGmbH Wolkersdorf\",\"isPartOf\":{\"@id\":\"https:\/\/www.prager-elektronik.at\/en\/#website\"},\"datePublished\":\"2017-06-21T12:53:37+00:00\",\"dateModified\":\"2018-12-12T12:24:03+00:00\",\"description\":\"Das Unternehmen Ing. Prager Elektronik HandelsGmbH in 2120 Wolkersdorf befasst sich seit 1993 mit dem Handel von Messger\u00e4ten und -systemen auf dem Sektor der Partikel- und Polymercharakterisierung, Rheologie und Str\u00f6mungsmesstechnik.\",\"breadcrumb\":{\"@id\":\"https:\/\/www.prager-elektronik.at\/en\/unternehmen\/#breadcrumb\"},\"inLanguage\":\"en-US\",\"potentialAction\":[{\"@type\":\"ReadAction\",\"target\":[[\"https:\/\/www.prager-elektronik.at\/en\/unternehmen\/\"]]}]},{\"@type\":\"BreadcrumbList\",\"@id\":\"https:\/\/www.prager-elektronik.at\/en\/unternehmen\/#breadcrumb\",\"itemListElement\":[{\"@type\":\"ListItem\",\"position\":1,\"name\":\"Startseite\",\"item\":\"https:\/\/www.prager-elektronik.at\/en\/\"},{\"@type\":\"ListItem\",\"position\":2,\"name\":\"Unternehmen\"}]},{\"@type\":\"WebSite\",\"@id\":\"https:\/\/www.prager-elektronik.at\/en\/#website\",\"url\":\"https:\/\/www.prager-elektronik.at\/en\/\",\"name\":\"Prager Elektronik\",\"description\":\"Laboratory measurement technology for industry and research. Particle measurement technology, flow measurement technology, thermal analysis, materials testing and rheology\",\"potentialAction\":[{\"@type\":\"SearchAction\",\"target\":{\"@type\":\"EntryPoint\",\"urlTemplate\":\"https:\/\/www.prager-elektronik.at\/en\/?s={search_term_string}\"},\"query-input\":\"required name=search_term_string\"}],\"inLanguage\":\"en-US\"}]}<\/script>\n<!-- \/ Yoast SEO plugin. -->","yoast_head_json":{"title":"Unternehmen - Ing. Prager Elektronik HandelsGmbH Wolkersdorf","description":"Das Unternehmen Ing. Prager Elektronik HandelsGmbH in 2120 Wolkersdorf befasst sich seit 1993 mit dem Handel von Messger\u00e4ten und -systemen auf dem Sektor der Partikel- und Polymercharakterisierung, Rheologie und Str\u00f6mungsmesstechnik.","robots":{"index":"index","follow":"follow","max-snippet":"max-snippet:-1","max-image-preview":"max-image-preview:large","max-video-preview":"max-video-preview:-1"},"canonical":"https:\/\/www.prager-elektronik.at\/en\/unternehmen\/","og_locale":"en_US","og_type":"article","og_title":"Unternehmen - Ing. Prager Elektronik HandelsGmbH Wolkersdorf","og_description":"Das Unternehmen Ing. Prager Elektronik HandelsGmbH in 2120 Wolkersdorf befasst sich seit 1993 mit dem Handel von Messger\u00e4ten und -systemen auf dem Sektor der Partikel- und Polymercharakterisierung, Rheologie und Str\u00f6mungsmesstechnik.","og_url":"https:\/\/www.prager-elektronik.at\/en\/unternehmen\/","og_site_name":"Prager Elektronik","article_modified_time":"2018-12-12T12:24:03+00:00","twitter_card":"summary_large_image","twitter_misc":{"Est. reading time":"6 minutes"},"schema":{"@context":"https:\/\/schema.org","@graph":[{"@type":"WebPage","@id":"https:\/\/www.prager-elektronik.at\/en\/unternehmen\/","url":"https:\/\/www.prager-elektronik.at\/en\/unternehmen\/","name":"Unternehmen - Ing. Prager Elektronik HandelsGmbH Wolkersdorf","isPartOf":{"@id":"https:\/\/www.prager-elektronik.at\/en\/#website"},"datePublished":"2017-06-21T12:53:37+00:00","dateModified":"2018-12-12T12:24:03+00:00","description":"Das Unternehmen Ing. Prager Elektronik HandelsGmbH in 2120 Wolkersdorf befasst sich seit 1993 mit dem Handel von Messger\u00e4ten und -systemen auf dem Sektor der Partikel- und Polymercharakterisierung, Rheologie und Str\u00f6mungsmesstechnik.","breadcrumb":{"@id":"https:\/\/www.prager-elektronik.at\/en\/unternehmen\/#breadcrumb"},"inLanguage":"en-US","potentialAction":[{"@type":"ReadAction","target":[["https:\/\/www.prager-elektronik.at\/en\/unternehmen\/"]]}]},{"@type":"BreadcrumbList","@id":"https:\/\/www.prager-elektronik.at\/en\/unternehmen\/#breadcrumb","itemListElement":[{"@type":"ListItem","position":1,"name":"Startseite","item":"https:\/\/www.prager-elektronik.at\/en\/"},{"@type":"ListItem","position":2,"name":"Unternehmen"}]},{"@type":"WebSite","@id":"https:\/\/www.prager-elektronik.at\/en\/#website","url":"https:\/\/www.prager-elektronik.at\/en\/","name":"Prager Elektronik","description":"Laboratory measurement technology for industry and research. Particle measurement technology, flow measurement technology, thermal analysis, materials testing and rheology","potentialAction":[{"@type":"SearchAction","target":{"@type":"EntryPoint","urlTemplate":"https:\/\/www.prager-elektronik.at\/en\/?s={search_term_string}"},"query-input":"required name=search_term_string"}],"inLanguage":"en-US"}]}},"_links":{"self":[{"href":"https:\/\/www.prager-elektronik.at\/en\/wp-json\/wp\/v2\/pages\/1869","targetHints":{"allow":["GET"]}}],"collection":[{"href":"https:\/\/www.prager-elektronik.at\/en\/wp-json\/wp\/v2\/pages"}],"about":[{"href":"https:\/\/www.prager-elektronik.at\/en\/wp-json\/wp\/v2\/types\/page"}],"author":[{"embeddable":true,"href":"https:\/\/www.prager-elektronik.at\/en\/wp-json\/wp\/v2\/users\/1"}],"replies":[{"embeddable":true,"href":"https:\/\/www.prager-elektronik.at\/en\/wp-json\/wp\/v2\/comments?post=1869"}],"version-history":[{"count":71,"href":"https:\/\/www.prager-elektronik.at\/en\/wp-json\/wp\/v2\/pages\/1869\/revisions"}],"predecessor-version":[{"id":3577,"href":"https:\/\/www.prager-elektronik.at\/en\/wp-json\/wp\/v2\/pages\/1869\/revisions\/3577"}],"wp:attachment":[{"href":"https:\/\/www.prager-elektronik.at\/en\/wp-json\/wp\/v2\/media?parent=1869"}],"curies":[{"name":"wp","href":"https:\/\/api.w.org\/{rel}","templated":true}]}}